{"id":111766,"date":"2026-05-05T08:18:07","date_gmt":"2026-05-05T11:18:07","guid":{"rendered":"https:\/\/www.hediyepazar.com\/?product=hd-ayakli-portatif-projeksiyon-cihazi-bluetooth-wifi-akilli-android-islemcili"},"modified":"2026-05-05T08:18:07","modified_gmt":"2026-05-05T11:18:07","slug":"hd-ayakli-portatif-projeksiyon-cihazi-bluetooth-wifi-akilli-android-islemcili","status":"publish","type":"product","link":"https:\/\/www.hediyepazar.com\/?product=hd-ayakli-portatif-projeksiyon-cihazi-bluetooth-wifi-akilli-android-islemcili","title":{"rendered":"HD Ayakl\u0131 Portatif Projeksiyon Cihaz\u0131 Bluetooth Wifi Ak\u0131ll\u0131 Android \u0130\u015flemcili"},"content":{"rendered":"<p>Android TV Box &#8211; Ultra HD 1080P, 32 GB Haf\u0131za ve Kolay Ba\u011flant\u0131Bu Android TV Box, ev sinemas\u0131 sisteminize y\u00fcksek \u00e7\u00f6z\u00fcn\u00fcrl\u00fck ve m\u00fckemmel performans sunarak e\u011flencenizi bir \u00fcst seviyeye ta\u015f\u0131r. 1920&#215;1080 Ultra HD \u00e7\u00f6z\u00fcn\u00fcrl\u00fck ile net ve kaliteli g\u00f6r\u00fcnt\u00fcler sunar, ayr\u0131ca 32 GB depolama alan\u0131 ve 1 GB RAM ile h\u0131zl\u0131 ve kesintisiz bir deneyim sa\u011flar.\u00d6ne \u00c7\u0131kan \u00d6zellikler: \tUltra HD G\u00f6r\u00fcnt\u00fc: 1920&#215;1080 \u00e7\u00f6z\u00fcn\u00fcrl\u00fckle y\u00fcksek kaliteli g\u00f6rseller ve canl\u0131 renkler. \tGeni\u015f Depolama: 32 GB haf\u0131za ve 1 GB RAM, uygulamalar ve i\u00e7erikler i\u00e7in yeterli alan sa\u011flar. \tAndroid \u0130\u015fletim Sistemi: Uygulama y\u00fckleme ve medya ak\u0131\u015f\u0131 i\u00e7in g\u00fc\u00e7l\u00fc Android i\u015fletim sistemi. \tUSB ve HDMI Giri\u015fleri: HD USB portlar\u0131 ve HDMI ba\u011flant\u0131s\u0131 ile kolay kurulum. \t50 \u0130n\u00e7 TV E\u015fde\u011feri G\u00f6r\u00fcnt\u00fc: 1 metre mesafeden, 50 in\u00e7\u2019lik TV g\u00f6r\u00fcnt\u00fcs\u00fcne e\u015fde\u011fer g\u00f6rsel performans. \tKompakt ve Hafif: Sadece 750 gr a\u011f\u0131rl\u0131\u011f\u0131nda, hafif ve ta\u015f\u0131nabilir tasar\u0131m. \t\u0130yi Ses Performans\u0131: Dahili hoparl\u00f6r ile sesli \u00e7\u0131k\u0131\u015f sa\u011flar. \tIs\u0131 Y\u00f6netimi: \u00dcr\u00fcn\u00fcn kendi fan\u0131 ile \u0131s\u0131n\u0131n etkin bir \u015fekilde da\u011f\u0131t\u0131lmas\u0131n\u0131 sa\u011flar. \tElektrik Ba\u011flant\u0131s\u0131: Elektrik kablosu ile do\u011frudan \u00e7al\u0131\u015f\u0131r, kolay kullan\u0131m i\u00e7in kumanda ile kontrol edilebilir.Kutu \u0130\u00e7eri\u011fi: \tTV G\u00f6r\u00fcnt\u00fc Kablosu \tHDMI Kablosu \tTripod \tKumanda \tKullan\u0131m K\u0131lavuzu<\/p>\n","protected":false},"excerpt":{"rendered":"<p>Android TV Box &#8211; Ultra HD 1080P, 32 GB Haf\u0131za ve Kolay Ba\u011flant\u0131Bu Android TV Box, ev sinemas\u0131 sisteminize y\u00fcksek \u00e7\u00f6z\u00fcn\u00fcrl\u00fck ve m\u00fckemmel performans sunarak e\u011flencenizi bir \u00fcst seviyeye ta\u015f\u0131r. 1920&#215;1080 Ultra HD \u00e7\u00f6z\u00fcn\u00fcrl\u00fck ile net ve kaliteli g\u00f6r\u00fcnt\u00fcler sunar, ayr\u0131ca 32 GB depolama alan\u0131 ve 1 GB RAM ile h\u0131zl\u0131 ve kesintisiz bir deneyim&#8230;<\/p>\n","protected":false},"featured_media":111765,"comment_status":"open","ping_status":"closed","template":"","meta":{"_kad_post_transparent":"","_kad_post_title":"","_kad_post_layout":"","_kad_post_sidebar_id":"","_kad_post_content_style":"","_kad_post_vertical_padding":"","_kad_post_feature":"","_kad_post_feature_position":"","_kad_post_header":false,"_kad_post_footer":false,"_kad_post_classname":""},"product_brand":[],"product_cat":[14905],"product_tag":[],"class_list":{"0":"post-111766","1":"product","2":"type-product","3":"status-publish","4":"has-post-thumbnail","6":"product_cat-projeksiyon-projeksiyon","8":"first","9":"instock","10":"purchasable","11":"product-type-simple","12":"entry","13":"content-bg","14":"loop-entry"},"_links":{"self":[{"href":"https:\/\/www.hediyepazar.com\/index.php?rest_route=\/wp\/v2\/product\/111766","targetHints":{"allow":["GET"]}}],"collection":[{"href":"https:\/\/www.hediyepazar.com\/index.php?rest_route=\/wp\/v2\/product"}],"about":[{"href":"https:\/\/www.hediyepazar.com\/index.php?rest_route=\/wp\/v2\/types\/product"}],"replies":[{"embeddable":true,"href":"https:\/\/www.hediyepazar.com\/index.php?rest_route=%2Fwp%2Fv2%2Fcomments&post=111766"}],"wp:featuredmedia":[{"embeddable":true,"href":"https:\/\/www.hediyepazar.com\/index.php?rest_route=\/wp\/v2\/media\/111765"}],"wp:attachment":[{"href":"https:\/\/www.hediyepazar.com\/index.php?rest_route=%2Fwp%2Fv2%2Fmedia&parent=111766"}],"wp:term":[{"taxonomy":"product_brand","embeddable":true,"href":"https:\/\/www.hediyepazar.com\/index.php?rest_route=%2Fwp%2Fv2%2Fproduct_brand&post=111766"},{"taxonomy":"product_cat","embeddable":true,"href":"https:\/\/www.hediyepazar.com\/index.php?rest_route=%2Fwp%2Fv2%2Fproduct_cat&post=111766"},{"taxonomy":"product_tag","embeddable":true,"href":"https:\/\/www.hediyepazar.com\/index.php?rest_route=%2Fwp%2Fv2%2Fproduct_tag&post=111766"}],"curies":[{"name":"wp","href":"https:\/\/api.w.org\/{rel}","templated":true}]}}