{"id":111786,"date":"2026-05-05T08:22:09","date_gmt":"2026-05-05T11:22:09","guid":{"rendered":"https:\/\/www.hediyepazar.com\/?product=giysi-tiftik-ve-kazak-tuy-toplama-makinesi-pratik-temizleme-sarjli"},"modified":"2026-05-05T08:22:09","modified_gmt":"2026-05-05T11:22:09","slug":"giysi-tiftik-ve-kazak-tuy-toplama-makinesi-pratik-temizleme-sarjli","status":"publish","type":"product","link":"https:\/\/www.hediyepazar.com\/?product=giysi-tiftik-ve-kazak-tuy-toplama-makinesi-pratik-temizleme-sarjli","title":{"rendered":"Giysi Tiftik Ve Kazak T\u00fcy Toplama Makinesi Pratik Temizleme \u015earjl\u0131"},"content":{"rendered":"<p>Tiftik ve T\u00fcylerden Kurtulun: Pamuk Tiftik T\u00fcy Temizleme Toplama Makinesi, giysilerinizde ve di\u011fer kuma\u015flarda biriken tiftik ve t\u00fcyleri zahmetsizce temizler, her zaman yeni ve temiz bir g\u00f6r\u00fcn\u00fcm sa\u011flar.Kompakt ve Ta\u015f\u0131nabilir: 130x60x67mm boyutlar\u0131yla olduk\u00e7a kompakt ve hafif olan bu cihaz, ta\u015f\u0131mas\u0131 ve kullan\u0131m\u0131 son derece kolayd\u0131r. Her zaman yan\u0131n\u0131zda ta\u015f\u0131yabilir, diledi\u011finiz her yerde kullanabilirsiniz.Etkili Temizleme Sistemi: 5W motoru ve \u00fc\u00e7 b\u0131\u00e7akl\u0131 temizleme sistemi ile kuma\u015f y\u00fczeyindeki tiftikleri ve t\u00fcyleri h\u0131zl\u0131 ve etkili bir \u015fekilde temizler. \u00dcst\u00fcn performans ile giysilerinizin daha uzun s\u00fcre temiz kalmas\u0131n\u0131 sa\u011flar.Geni\u015f Hazne Kapasitesi: 200ml kapasitesindeki haznesi, t\u00fcyleri ve tiftikleri toplar ve s\u0131k s\u0131k bo\u015faltma gerektirmez. Kolayca \u00e7\u0131kar\u0131labilir hazne ile kullan\u0131m kolayl\u0131\u011f\u0131 sa\u011flar.Pratik ve Kolay Kullan\u0131m: Tek tu\u015fla a\u00e7ma\/kapama fonksiyonu sayesinde olduk\u00e7a basittir. Ergonomik tasar\u0131m\u0131, rahat bir tutu\u015f sunar ve kullan\u0131m\u0131 daha konforlu hale getirir.Teknik \u00d6zellikler: \tG\u00fc\u00e7: 5 Watt \tTemizleme Sistemi: 3 b\u0131\u00e7akl\u0131 etkili temizleme \tHazne Kapasitesi: 200ml \tBoyutlar: 130x60x67mm<\/p>\n","protected":false},"excerpt":{"rendered":"<p>Tiftik ve T\u00fcylerden Kurtulun: Pamuk Tiftik T\u00fcy Temizleme Toplama Makinesi, giysilerinizde ve di\u011fer kuma\u015flarda biriken tiftik ve t\u00fcyleri zahmetsizce temizler, her zaman yeni ve temiz bir g\u00f6r\u00fcn\u00fcm sa\u011flar.Kompakt ve Ta\u015f\u0131nabilir: 130x60x67mm boyutlar\u0131yla olduk\u00e7a kompakt ve hafif olan bu cihaz, ta\u015f\u0131mas\u0131 ve kullan\u0131m\u0131 son derece kolayd\u0131r. Her zaman yan\u0131n\u0131zda ta\u015f\u0131yabilir, diledi\u011finiz her yerde kullanabilirsiniz.Etkili Temizleme Sistemi:&#8230;<\/p>\n","protected":false},"featured_media":111785,"comment_status":"open","ping_status":"closed","template":"","meta":{"_kad_post_transparent":"","_kad_post_title":"","_kad_post_layout":"","_kad_post_sidebar_id":"","_kad_post_content_style":"","_kad_post_vertical_padding":"","_kad_post_feature":"","_kad_post_feature_position":"","_kad_post_header":false,"_kad_post_footer":false,"_kad_post_classname":""},"product_brand":[],"product_cat":[15006],"product_tag":[],"class_list":{"0":"post-111786","1":"product","2":"type-product","3":"status-publish","4":"has-post-thumbnail","6":"product_cat-tuy-toplayici-tuy-toplayici","8":"first","9":"instock","10":"purchasable","11":"product-type-simple","12":"entry","13":"content-bg","14":"loop-entry"},"_links":{"self":[{"href":"https:\/\/www.hediyepazar.com\/index.php?rest_route=\/wp\/v2\/product\/111786","targetHints":{"allow":["GET"]}}],"collection":[{"href":"https:\/\/www.hediyepazar.com\/index.php?rest_route=\/wp\/v2\/product"}],"about":[{"href":"https:\/\/www.hediyepazar.com\/index.php?rest_route=\/wp\/v2\/types\/product"}],"replies":[{"embeddable":true,"href":"https:\/\/www.hediyepazar.com\/index.php?rest_route=%2Fwp%2Fv2%2Fcomments&post=111786"}],"wp:featuredmedia":[{"embeddable":true,"href":"https:\/\/www.hediyepazar.com\/index.php?rest_route=\/wp\/v2\/media\/111785"}],"wp:attachment":[{"href":"https:\/\/www.hediyepazar.com\/index.php?rest_route=%2Fwp%2Fv2%2Fmedia&parent=111786"}],"wp:term":[{"taxonomy":"product_brand","embeddable":true,"href":"https:\/\/www.hediyepazar.com\/index.php?rest_route=%2Fwp%2Fv2%2Fproduct_brand&post=111786"},{"taxonomy":"product_cat","embeddable":true,"href":"https:\/\/www.hediyepazar.com\/index.php?rest_route=%2Fwp%2Fv2%2Fproduct_cat&post=111786"},{"taxonomy":"product_tag","embeddable":true,"href":"https:\/\/www.hediyepazar.com\/index.php?rest_route=%2Fwp%2Fv2%2Fproduct_tag&post=111786"}],"curies":[{"name":"wp","href":"https:\/\/api.w.org\/{rel}","templated":true}]}}