{"id":111794,"date":"2026-05-05T08:24:00","date_gmt":"2026-05-05T11:24:00","guid":{"rendered":"https:\/\/www.hediyepazar.com\/?product=dokunmatik-ekranli-air-pro-2-anc-kulaklik-kablosuz-cok-fonksiyonlu"},"modified":"2026-05-05T08:24:00","modified_gmt":"2026-05-05T11:24:00","slug":"dokunmatik-ekranli-air-pro-2-anc-kulaklik-kablosuz-cok-fonksiyonlu","status":"publish","type":"product","link":"https:\/\/www.hediyepazar.com\/?product=dokunmatik-ekranli-air-pro-2-anc-kulaklik-kablosuz-cok-fonksiyonlu","title":{"rendered":"Dokunmatik Ekranl\u0131 Air Pro 2 ANC Kulakl\u0131k Kablosuz \u00c7ok Fonksiyonlu"},"content":{"rendered":"<p>Yenilik\u00e7i OLED Ekran: Dokunmatik OLED ekran\u0131yla hem estetik hem de i\u015flevselli\u011fi bir arada sunar. Anl\u0131k kontrol parmaklar\u0131n\u0131z\u0131n ucunda.Otomatik Ba\u011flant\u0131 &#038; Pop-Up \u00d6zelli\u011fi: Kapa\u011f\u0131 a\u00e7ar a\u00e7maz cihaz\u0131n\u0131za otomatik olarak ba\u011flan\u0131r, pop-up ekranla h\u0131zl\u0131 e\u015fle\u015fme sa\u011flar.G\u00fc\u00e7l\u00fc Pil Performans\u0131: Uzun s\u00fcre dayanan batarya ile g\u00fcn boyu m\u00fczik dinleyin, aramalar\u0131n\u0131z\u0131 y\u00f6netin.Derin Bass, Temiz Ses: Her frekansta dengeli ses kalitesi, etkileyici bass deneyimiyle birle\u015fiyor.Ak\u0131ll\u0131 Fonksiyon Atama: G\u00f6rev atama \u00f6zelli\u011fiyle kulakl\u0131\u011f\u0131n\u0131z\u0131 kullan\u0131m al\u0131\u015fkanl\u0131klar\u0131n\u0131za g\u00f6re \u00f6zelle\u015ftirin.An\u0131nda M\u00fczik Payla\u015f\u0131m\u0131: Sevdiklerinizle ayn\u0131 anda m\u00fczik dinlemenin keyfini \u00e7\u0131kar\u0131n.Kaybolma Derdi Yok: Konum bul \u00f6zelli\u011fi sayesinde kulakl\u0131\u011f\u0131n\u0131z\u0131 bulmak art\u0131k \u00e7ok kolay.Arka Plan Ses Modlar\u0131: Dilerseniz do\u011fa sesleriyle rahatlay\u0131n, dilerseniz odaklanmak i\u00e7in arka plan seslerini a\u00e7\u0131n.Kablosuz \u015earj Kolayl\u0131\u011f\u0131: \u015earj kutusu kablosuz \u015farj deste\u011fi sunar, kablo karma\u015fas\u0131na son.Evrensel Uyumluluk: iOS ve Android dahil t\u00fcm ak\u0131ll\u0131 telefonlarla tam uyumlu.Ak\u0131ll\u0131 Kulaki\u00e7i Sens\u00f6rler: Kulakl\u0131\u011f\u0131n\u0131z\u0131 takt\u0131\u011f\u0131n\u0131zda m\u00fczik \u00e7almaya ba\u015flar, \u00e7\u0131kard\u0131\u011f\u0131n\u0131zda durur.Powerbank Fonksiyonlu Kutu: \u015earj kutusu sadece kulakl\u0131k i\u00e7in de\u011fil, di\u011fer cihazlar i\u00e7in de enerji kayna\u011f\u0131.<\/p>\n","protected":false},"excerpt":{"rendered":"<p>Yenilik\u00e7i OLED Ekran: Dokunmatik OLED ekran\u0131yla hem estetik hem de i\u015flevselli\u011fi bir arada sunar. Anl\u0131k kontrol parmaklar\u0131n\u0131z\u0131n ucunda.Otomatik Ba\u011flant\u0131 &#038; Pop-Up \u00d6zelli\u011fi: Kapa\u011f\u0131 a\u00e7ar a\u00e7maz cihaz\u0131n\u0131za otomatik olarak ba\u011flan\u0131r, pop-up ekranla h\u0131zl\u0131 e\u015fle\u015fme sa\u011flar.G\u00fc\u00e7l\u00fc Pil Performans\u0131: Uzun s\u00fcre dayanan batarya ile g\u00fcn boyu m\u00fczik dinleyin, aramalar\u0131n\u0131z\u0131 y\u00f6netin.Derin Bass, Temiz Ses: Her frekansta dengeli ses kalitesi,&#8230;<\/p>\n","protected":false},"featured_media":111793,"comment_status":"open","ping_status":"closed","template":"","meta":{"_kad_post_transparent":"","_kad_post_title":"","_kad_post_layout":"","_kad_post_sidebar_id":"","_kad_post_content_style":"","_kad_post_vertical_padding":"","_kad_post_feature":"","_kad_post_feature_position":"","_kad_post_header":false,"_kad_post_footer":false,"_kad_post_classname":""},"product_brand":[],"product_cat":[14957],"product_tag":[],"class_list":{"0":"post-111794","1":"product","2":"type-product","3":"status-publish","4":"has-post-thumbnail","6":"product_cat-kablosuz-kulaklik-kablosuz-kulaklik","8":"first","9":"instock","10":"purchasable","11":"product-type-simple","12":"entry","13":"content-bg","14":"loop-entry"},"_links":{"self":[{"href":"https:\/\/www.hediyepazar.com\/index.php?rest_route=\/wp\/v2\/product\/111794","targetHints":{"allow":["GET"]}}],"collection":[{"href":"https:\/\/www.hediyepazar.com\/index.php?rest_route=\/wp\/v2\/product"}],"about":[{"href":"https:\/\/www.hediyepazar.com\/index.php?rest_route=\/wp\/v2\/types\/product"}],"replies":[{"embeddable":true,"href":"https:\/\/www.hediyepazar.com\/index.php?rest_route=%2Fwp%2Fv2%2Fcomments&post=111794"}],"wp:featuredmedia":[{"embeddable":true,"href":"https:\/\/www.hediyepazar.com\/index.php?rest_route=\/wp\/v2\/media\/111793"}],"wp:attachment":[{"href":"https:\/\/www.hediyepazar.com\/index.php?rest_route=%2Fwp%2Fv2%2Fmedia&parent=111794"}],"wp:term":[{"taxonomy":"product_brand","embeddable":true,"href":"https:\/\/www.hediyepazar.com\/index.php?rest_route=%2Fwp%2Fv2%2Fproduct_brand&post=111794"},{"taxonomy":"product_cat","embeddable":true,"href":"https:\/\/www.hediyepazar.com\/index.php?rest_route=%2Fwp%2Fv2%2Fproduct_cat&post=111794"},{"taxonomy":"product_tag","embeddable":true,"href":"https:\/\/www.hediyepazar.com\/index.php?rest_route=%2Fwp%2Fv2%2Fproduct_tag&post=111794"}],"curies":[{"name":"wp","href":"https:\/\/api.w.org\/{rel}","templated":true}]}}