{"id":111798,"date":"2026-05-05T08:24:11","date_gmt":"2026-05-05T11:24:11","guid":{"rendered":"https:\/\/www.hediyepazar.com\/?product=2025-model-bluetooth-kulaklik-dokunmatik-ekran-yuksek-ses-kalitesi"},"modified":"2026-05-05T08:24:11","modified_gmt":"2026-05-05T11:24:11","slug":"2025-model-bluetooth-kulaklik-dokunmatik-ekran-yuksek-ses-kalitesi","status":"publish","type":"product","link":"https:\/\/www.hediyepazar.com\/?product=2025-model-bluetooth-kulaklik-dokunmatik-ekran-yuksek-ses-kalitesi","title":{"rendered":"2025 Model Bluetooth Kulakl\u0131k Dokunmatik Ekran Y\u00fcksek Ses Kalitesi"},"content":{"rendered":"<p>Dokunmatik OLED Ekran: Modern tasar\u0131m\u0131yla birle\u015fen dokunmatik ekran, kontrol\u00fc daha kolay ve \u015f\u0131k hale getirir.Otomatik A\u00e7\u0131l\u0131r Pencere ve H\u0131zl\u0131 Ba\u011flant\u0131: Cihaz\u0131n\u0131za yakla\u015ft\u0131\u011f\u0131nda otomatik olarak a\u00e7\u0131lan pop-up ekran ile an\u0131nda ba\u011flant\u0131 kurar.Y\u00fcksek Performansl\u0131 Batarya: Uzun s\u00fcreli kullan\u0131m sa\u011flayan g\u00fc\u00e7l\u00fc batarya ile g\u00fcn boyu kesintisiz m\u00fczik keyfi.Zengin Ses Deneyimi: G\u00fc\u00e7l\u00fc bass ve net seslerle her detay\u0131 hissedin.Ak\u0131ll\u0131 Kontrol: G\u00f6rev atama \u00f6zelli\u011fi sayesinde kulakl\u0131k fonksiyonlar\u0131n\u0131 kendinize g\u00f6re \u00f6zelle\u015ftirin.M\u00fczik Payla\u015f\u0131m\u0131: M\u00fczik zevkinizi ayn\u0131 anda bir ba\u015fka kulakl\u0131kla payla\u015fabilirsiniz.Kaybolmaya Son: Konum bul \u00f6zelli\u011fi ile kulakl\u0131\u011f\u0131n\u0131z\u0131 kolayca bulun.Arka Plan Sesleri: Odaklanman\u0131za veya rahatlaman\u0131za yard\u0131mc\u0131 olacak do\u011fal sesler desteklenir.Kablosuz \u015earj: Kablolara veda edin; \u015farj i\u015flemini kablosuz ve pratik \u015fekilde ger\u00e7ekle\u015ftirin.Evrensel Uyumluluk: T\u00fcm ak\u0131ll\u0131 telefonlarla sorunsuz \u015fekilde uyum sa\u011flar.Kulaki\u00e7i Ak\u0131ll\u0131 Sens\u00f6rler: Kulakl\u0131k tak\u0131ld\u0131\u011f\u0131nda otomatik olarak m\u00fczi\u011fi ba\u015flat\u0131r, \u00e7\u0131kard\u0131\u011f\u0131n\u0131zda durdurur.Powerbank \u015earj Kutusu: \u015earj kutusu ayn\u0131 zamanda acil durumlarda cihazlar\u0131n\u0131z\u0131 \u015farj edebilece\u011finiz ta\u015f\u0131nabilir bir powerbank\u2019tir.<\/p>\n","protected":false},"excerpt":{"rendered":"<p>Dokunmatik OLED Ekran: Modern tasar\u0131m\u0131yla birle\u015fen dokunmatik ekran, kontrol\u00fc daha kolay ve \u015f\u0131k hale getirir.Otomatik A\u00e7\u0131l\u0131r Pencere ve H\u0131zl\u0131 Ba\u011flant\u0131: Cihaz\u0131n\u0131za yakla\u015ft\u0131\u011f\u0131nda otomatik olarak a\u00e7\u0131lan pop-up ekran ile an\u0131nda ba\u011flant\u0131 kurar.Y\u00fcksek Performansl\u0131 Batarya: Uzun s\u00fcreli kullan\u0131m sa\u011flayan g\u00fc\u00e7l\u00fc batarya ile g\u00fcn boyu kesintisiz m\u00fczik keyfi.Zengin Ses Deneyimi: G\u00fc\u00e7l\u00fc bass ve net seslerle her detay\u0131 hissedin.Ak\u0131ll\u0131&#8230;<\/p>\n","protected":false},"featured_media":111797,"comment_status":"open","ping_status":"closed","template":"","meta":{"_kad_post_transparent":"","_kad_post_title":"","_kad_post_layout":"","_kad_post_sidebar_id":"","_kad_post_content_style":"","_kad_post_vertical_padding":"","_kad_post_feature":"","_kad_post_feature_position":"","_kad_post_header":false,"_kad_post_footer":false,"_kad_post_classname":""},"product_brand":[],"product_cat":[14957],"product_tag":[],"class_list":{"0":"post-111798","1":"product","2":"type-product","3":"status-publish","4":"has-post-thumbnail","6":"product_cat-kablosuz-kulaklik-kablosuz-kulaklik","8":"first","9":"instock","10":"purchasable","11":"product-type-simple","12":"entry","13":"content-bg","14":"loop-entry"},"_links":{"self":[{"href":"https:\/\/www.hediyepazar.com\/index.php?rest_route=\/wp\/v2\/product\/111798","targetHints":{"allow":["GET"]}}],"collection":[{"href":"https:\/\/www.hediyepazar.com\/index.php?rest_route=\/wp\/v2\/product"}],"about":[{"href":"https:\/\/www.hediyepazar.com\/index.php?rest_route=\/wp\/v2\/types\/product"}],"replies":[{"embeddable":true,"href":"https:\/\/www.hediyepazar.com\/index.php?rest_route=%2Fwp%2Fv2%2Fcomments&post=111798"}],"wp:featuredmedia":[{"embeddable":true,"href":"https:\/\/www.hediyepazar.com\/index.php?rest_route=\/wp\/v2\/media\/111797"}],"wp:attachment":[{"href":"https:\/\/www.hediyepazar.com\/index.php?rest_route=%2Fwp%2Fv2%2Fmedia&parent=111798"}],"wp:term":[{"taxonomy":"product_brand","embeddable":true,"href":"https:\/\/www.hediyepazar.com\/index.php?rest_route=%2Fwp%2Fv2%2Fproduct_brand&post=111798"},{"taxonomy":"product_cat","embeddable":true,"href":"https:\/\/www.hediyepazar.com\/index.php?rest_route=%2Fwp%2Fv2%2Fproduct_cat&post=111798"},{"taxonomy":"product_tag","embeddable":true,"href":"https:\/\/www.hediyepazar.com\/index.php?rest_route=%2Fwp%2Fv2%2Fproduct_tag&post=111798"}],"curies":[{"name":"wp","href":"https:\/\/api.w.org\/{rel}","templated":true}]}}