{"id":111802,"date":"2026-05-05T08:24:21","date_gmt":"2026-05-05T11:24:21","guid":{"rendered":"https:\/\/www.hediyepazar.com\/?product=akilli-powerbank-10-000-mah-4-cikisli-tasinabilir-dijital-gostergeli"},"modified":"2026-05-05T08:24:21","modified_gmt":"2026-05-05T11:24:21","slug":"akilli-powerbank-10-000-mah-4-cikisli-tasinabilir-dijital-gostergeli","status":"publish","type":"product","link":"https:\/\/www.hediyepazar.com\/?product=akilli-powerbank-10-000-mah-4-cikisli-tasinabilir-dijital-gostergeli","title":{"rendered":"Ak\u0131ll\u0131 Powerbank 10.000 MAH 4 \u00c7\u0131k\u0131\u015fl\u0131 Ta\u015f\u0131nabilir Dijital G\u00f6stergeli"},"content":{"rendered":"<p>\u00c7ift Fonksiyon: Hem ak\u0131ll\u0131 saat hem de ta\u015f\u0131nabilir powerbank olarak kullan\u0131labilir, b\u00f6ylece acil durumlarda cihazlar\u0131n\u0131z\u0131 \u015farj edebilirsiniz.Sa\u011fl\u0131k Takibi: Ad\u0131m sayar, kalp at\u0131\u015f h\u0131z\u0131 monit\u00f6r\u00fc ve uyku takibi gibi sa\u011fl\u0131k izleme \u00f6zellikleri sayesinde sa\u011fl\u0131\u011f\u0131n\u0131z\u0131 s\u00fcrekli kontrol alt\u0131nda tutabilirsiniz.Bildirimler: Telefonunuza gelen \u00e7a\u011fr\u0131lar\u0131, mesajlar\u0131 ve di\u011fer bildirimleri do\u011frudan bile\u011finizden takip edebilirsiniz.Su Ge\u00e7irmezlik: Suya dayan\u0131kl\u0131 yap\u0131s\u0131 ile g\u00fcnl\u00fck aktivitelerinizde endi\u015fe etmeden kullanabilirsiniz.Uzun Pil \u00d6mr\u00fc: G\u00fc\u00e7l\u00fc bataryas\u0131 sayesinde uzun s\u00fcreli kullan\u0131m sunar.\u00c7oklu Spor Modlar\u0131: Farkl\u0131 spor aktiviteleri i\u00e7in \u00f6zel modlar ile spor yaparken performans\u0131n\u0131z\u0131 izleyebilirsiniz.Kolay Kullan\u0131m: Dokunmatik ekran\u0131 ve kullan\u0131c\u0131 dostu aray\u00fcz\u00fc ile rahat bir kullan\u0131m deneyimi sunar.Ba\u011flant\u0131 \u00d6zellikleri: Bluetooth ve Wi-Fi ba\u011flant\u0131 se\u00e7enekleriyle di\u011fer cihazlar\u0131n\u0131zla kolayca senkronize olur.Geni\u015f Ekran: Net ve geni\u015f ekran\u0131 sayesinde t\u00fcm bilgileri rahatl\u0131kla g\u00f6r\u00fcnt\u00fcleyebilirsiniz.Dayan\u0131kl\u0131 Malzeme: Y\u00fcksek kaliteli ve dayan\u0131kl\u0131 malzemelerden \u00fcretilmi\u015ftir, uzun \u00f6m\u00fcrl\u00fc kullan\u0131m sa\u011flar.<\/p>\n","protected":false},"excerpt":{"rendered":"<p>\u00c7ift Fonksiyon: Hem ak\u0131ll\u0131 saat hem de ta\u015f\u0131nabilir powerbank olarak kullan\u0131labilir, b\u00f6ylece acil durumlarda cihazlar\u0131n\u0131z\u0131 \u015farj edebilirsiniz.Sa\u011fl\u0131k Takibi: Ad\u0131m sayar, kalp at\u0131\u015f h\u0131z\u0131 monit\u00f6r\u00fc ve uyku takibi gibi sa\u011fl\u0131k izleme \u00f6zellikleri sayesinde sa\u011fl\u0131\u011f\u0131n\u0131z\u0131 s\u00fcrekli kontrol alt\u0131nda tutabilirsiniz.Bildirimler: Telefonunuza gelen \u00e7a\u011fr\u0131lar\u0131, mesajlar\u0131 ve di\u011fer bildirimleri do\u011frudan bile\u011finizden takip edebilirsiniz.Su Ge\u00e7irmezlik: Suya dayan\u0131kl\u0131 yap\u0131s\u0131 ile g\u00fcnl\u00fck aktivitelerinizde&#8230;<\/p>\n","protected":false},"featured_media":111801,"comment_status":"open","ping_status":"closed","template":"","meta":{"_kad_post_transparent":"","_kad_post_title":"","_kad_post_layout":"","_kad_post_sidebar_id":"","_kad_post_content_style":"","_kad_post_vertical_padding":"","_kad_post_feature":"","_kad_post_feature_position":"","_kad_post_header":false,"_kad_post_footer":false,"_kad_post_classname":""},"product_brand":[],"product_cat":[14937],"product_tag":[],"class_list":{"0":"post-111802","1":"product","2":"type-product","3":"status-publish","4":"has-post-thumbnail","6":"product_cat-powerbank-powerbank-2","8":"first","9":"instock","10":"purchasable","11":"product-type-simple","12":"entry","13":"content-bg","14":"loop-entry"},"_links":{"self":[{"href":"https:\/\/www.hediyepazar.com\/index.php?rest_route=\/wp\/v2\/product\/111802","targetHints":{"allow":["GET"]}}],"collection":[{"href":"https:\/\/www.hediyepazar.com\/index.php?rest_route=\/wp\/v2\/product"}],"about":[{"href":"https:\/\/www.hediyepazar.com\/index.php?rest_route=\/wp\/v2\/types\/product"}],"replies":[{"embeddable":true,"href":"https:\/\/www.hediyepazar.com\/index.php?rest_route=%2Fwp%2Fv2%2Fcomments&post=111802"}],"wp:featuredmedia":[{"embeddable":true,"href":"https:\/\/www.hediyepazar.com\/index.php?rest_route=\/wp\/v2\/media\/111801"}],"wp:attachment":[{"href":"https:\/\/www.hediyepazar.com\/index.php?rest_route=%2Fwp%2Fv2%2Fmedia&parent=111802"}],"wp:term":[{"taxonomy":"product_brand","embeddable":true,"href":"https:\/\/www.hediyepazar.com\/index.php?rest_route=%2Fwp%2Fv2%2Fproduct_brand&post=111802"},{"taxonomy":"product_cat","embeddable":true,"href":"https:\/\/www.hediyepazar.com\/index.php?rest_route=%2Fwp%2Fv2%2Fproduct_cat&post=111802"},{"taxonomy":"product_tag","embeddable":true,"href":"https:\/\/www.hediyepazar.com\/index.php?rest_route=%2Fwp%2Fv2%2Fproduct_tag&post=111802"}],"curies":[{"name":"wp","href":"https:\/\/api.w.org\/{rel}","templated":true}]}}