{"id":111820,"date":"2026-05-05T08:27:18","date_gmt":"2026-05-05T11:27:18","guid":{"rendered":"https:\/\/www.hediyepazar.com\/?product=bluetooth-kulaklik-dokunmatik-kontrol-tws-kablosuz-kulaklik-hi-fi-stereo"},"modified":"2026-05-05T08:27:18","modified_gmt":"2026-05-05T11:27:18","slug":"bluetooth-kulaklik-dokunmatik-kontrol-tws-kablosuz-kulaklik-hi-fi-stereo","status":"publish","type":"product","link":"https:\/\/www.hediyepazar.com\/?product=bluetooth-kulaklik-dokunmatik-kontrol-tws-kablosuz-kulaklik-hi-fi-stereo","title":{"rendered":"Bluetooth Kulakl\u0131k Dokunmatik Kontrol Tws kablosuz kulakl\u0131k Hi-fi Stereo"},"content":{"rendered":"<p>Ger\u00e7ek Kablosuz \u00d6zg\u00fcrl\u00fckMK47 Bluetooth kulakl\u0131k, dokunmatik kontrol \u00f6zelli\u011fi ile kullan\u0131m\u0131 son derece kolay hale getirir. Cep telefonu oyuncular\u0131 i\u00e7in \u00f6zel olarak optimize edilen bu kulakl\u0131k, ultra d\u00fc\u015f\u00fck gecikme s\u00fcresiyle oyun deneyiminizi zirveye ta\u015f\u0131r. Kulakl\u0131klar\u0131 \u015farj kutusundan \u00e7\u0131kard\u0131\u011f\u0131n\u0131z anda otomatik olarak telefonunuzla e\u015fle\u015fir, b\u00f6ylece hi\u00e7bir an\u0131 ka\u00e7\u0131rmazs\u0131n\u0131z.Kristal Netli\u011finde 3D Ses ve Aktif G\u00fcr\u00fclt\u00fc EngellemeTa\u015f\u0131nabilir medya oynat\u0131c\u0131, mobil cihaz veya oyun konsolu ile uyumlu olan MK47, g\u00fc\u00e7l\u00fc 3D ses teknolojisiyle sizi oyunun ya da m\u00fczi\u011fin tam ortas\u0131na ta\u015f\u0131r. Aktif g\u00fcr\u00fclt\u00fc iptali \u00f6zelli\u011fi sayesinde d\u0131\u015f ortam seslerini izole eder. Farkl\u0131 boyutlarda sunulan kulak t\u0131ka\u00e7lar\u0131 sayesinde kulakl\u0131\u011f\u0131n\u0131z sabit kal\u0131r ve konforlu bir kullan\u0131m sunar \u2013 ister spor yap\u0131n ister g\u00fcnl\u00fck y\u00fcr\u00fcy\u00fc\u015flerinizde kullan\u0131n.G\u00fc\u00e7l\u00fc Pil Performans\u0131 ve IPX5 Su DirenciKulakl\u0131klar tek bir \u015farjla 4-5 saat kesintisiz kullan\u0131m sunar. 400mAh kapasiteli \u015farj kutusu ise kulakl\u0131klar\u0131n\u0131z\u0131 birka\u00e7 kez yeniden \u015farj edebilir. Type-C \u015farj portu sayesinde h\u0131zl\u0131 ve pratik \u015fekilde \u015farj olur. IPX5 su ge\u00e7irmezlik derecesi ile ya\u011fmura ve tere kar\u015f\u0131 dayan\u0131kl\u0131d\u0131r \u2013 d\u0131\u015f mekan kullan\u0131m\u0131 i\u00e7in ideal bir se\u00e7enektir.<\/p>\n","protected":false},"excerpt":{"rendered":"<p>Ger\u00e7ek Kablosuz \u00d6zg\u00fcrl\u00fckMK47 Bluetooth kulakl\u0131k, dokunmatik kontrol \u00f6zelli\u011fi ile kullan\u0131m\u0131 son derece kolay hale getirir. Cep telefonu oyuncular\u0131 i\u00e7in \u00f6zel olarak optimize edilen bu kulakl\u0131k, ultra d\u00fc\u015f\u00fck gecikme s\u00fcresiyle oyun deneyiminizi zirveye ta\u015f\u0131r. Kulakl\u0131klar\u0131 \u015farj kutusundan \u00e7\u0131kard\u0131\u011f\u0131n\u0131z anda otomatik olarak telefonunuzla e\u015fle\u015fir, b\u00f6ylece hi\u00e7bir an\u0131 ka\u00e7\u0131rmazs\u0131n\u0131z.Kristal Netli\u011finde 3D Ses ve Aktif G\u00fcr\u00fclt\u00fc EngellemeTa\u015f\u0131nabilir medya oynat\u0131c\u0131,&#8230;<\/p>\n","protected":false},"featured_media":111819,"comment_status":"open","ping_status":"closed","template":"","meta":{"_kad_post_transparent":"","_kad_post_title":"","_kad_post_layout":"","_kad_post_sidebar_id":"","_kad_post_content_style":"","_kad_post_vertical_padding":"","_kad_post_feature":"","_kad_post_feature_position":"","_kad_post_header":false,"_kad_post_footer":false,"_kad_post_classname":""},"product_brand":[],"product_cat":[14957],"product_tag":[],"class_list":{"0":"post-111820","1":"product","2":"type-product","3":"status-publish","4":"has-post-thumbnail","6":"product_cat-kablosuz-kulaklik-kablosuz-kulaklik","8":"first","9":"instock","10":"purchasable","11":"product-type-simple","12":"entry","13":"content-bg","14":"loop-entry"},"_links":{"self":[{"href":"https:\/\/www.hediyepazar.com\/index.php?rest_route=\/wp\/v2\/product\/111820","targetHints":{"allow":["GET"]}}],"collection":[{"href":"https:\/\/www.hediyepazar.com\/index.php?rest_route=\/wp\/v2\/product"}],"about":[{"href":"https:\/\/www.hediyepazar.com\/index.php?rest_route=\/wp\/v2\/types\/product"}],"replies":[{"embeddable":true,"href":"https:\/\/www.hediyepazar.com\/index.php?rest_route=%2Fwp%2Fv2%2Fcomments&post=111820"}],"wp:featuredmedia":[{"embeddable":true,"href":"https:\/\/www.hediyepazar.com\/index.php?rest_route=\/wp\/v2\/media\/111819"}],"wp:attachment":[{"href":"https:\/\/www.hediyepazar.com\/index.php?rest_route=%2Fwp%2Fv2%2Fmedia&parent=111820"}],"wp:term":[{"taxonomy":"product_brand","embeddable":true,"href":"https:\/\/www.hediyepazar.com\/index.php?rest_route=%2Fwp%2Fv2%2Fproduct_brand&post=111820"},{"taxonomy":"product_cat","embeddable":true,"href":"https:\/\/www.hediyepazar.com\/index.php?rest_route=%2Fwp%2Fv2%2Fproduct_cat&post=111820"},{"taxonomy":"product_tag","embeddable":true,"href":"https:\/\/www.hediyepazar.com\/index.php?rest_route=%2Fwp%2Fv2%2Fproduct_tag&post=111820"}],"curies":[{"name":"wp","href":"https:\/\/api.w.org\/{rel}","templated":true}]}}