{"id":111822,"date":"2026-05-05T08:28:02","date_gmt":"2026-05-05T11:28:02","guid":{"rendered":"https:\/\/www.hediyepazar.com\/?product=profesyonel-tws-isikli-kablosuz-bluetooth-kulaklik-oyuncu-kulakligi"},"modified":"2026-05-05T08:28:02","modified_gmt":"2026-05-05T11:28:02","slug":"profesyonel-tws-isikli-kablosuz-bluetooth-kulaklik-oyuncu-kulakligi","status":"publish","type":"product","link":"https:\/\/www.hediyepazar.com\/?product=profesyonel-tws-isikli-kablosuz-bluetooth-kulaklik-oyuncu-kulakligi","title":{"rendered":"Profesyonel TWS I\u015f\u0131kl\u0131 Kablosuz Bluetooth Kulakl\u0131k Oyuncu Kulakl\u0131\u011f\u0131"},"content":{"rendered":"<p>Ak\u0131ll\u0131 Kutuda G\u00fc\u00e7 Sakl\u0131\u015earj kutusu kulakl\u0131klar\u0131 yakla\u015f\u0131k 4 kez tam olarak \u015farj edebilir. Otomatik a\u00e7ma-kapama ve ba\u011flant\u0131 \u00f6zelli\u011fi ile kulakl\u0131k kutudan \u00e7\u0131kar\u0131ld\u0131\u011f\u0131 anda aktif hale gelir, cihaza otomatik olarak ba\u011flan\u0131r. Kullan\u0131c\u0131 dostu aray\u00fcz\u00fc ve kompakt tasar\u0131m\u0131 ile her ortamda rahat\u00e7a ta\u015f\u0131nabilir. Paket i\u00e7eri\u011finde bir \u00e7ift Bluetooth kulakl\u0131k, \u015farj kutusu, \u015farj kablosu, 2 \u00e7ift kulakl\u0131k ucu ve kullan\u0131m k\u0131lavuzu yer al\u0131r. Hem oyunseverlere hem m\u00fczik tutkunlar\u0131na \u00f6zel tasarlanm\u0131\u015f bu kulakl\u0131kla, teknoloji ve konforu bir arada ya\u015fay\u0131n.<\/p>\n","protected":false},"excerpt":{"rendered":"<p>Ak\u0131ll\u0131 Kutuda G\u00fc\u00e7 Sakl\u0131\u015earj kutusu kulakl\u0131klar\u0131 yakla\u015f\u0131k 4 kez tam olarak \u015farj edebilir. Otomatik a\u00e7ma-kapama ve ba\u011flant\u0131 \u00f6zelli\u011fi ile kulakl\u0131k kutudan \u00e7\u0131kar\u0131ld\u0131\u011f\u0131 anda aktif hale gelir, cihaza otomatik olarak ba\u011flan\u0131r. Kullan\u0131c\u0131 dostu aray\u00fcz\u00fc ve kompakt tasar\u0131m\u0131 ile her ortamda rahat\u00e7a ta\u015f\u0131nabilir. Paket i\u00e7eri\u011finde bir \u00e7ift Bluetooth kulakl\u0131k, \u015farj kutusu, \u015farj kablosu, 2 \u00e7ift kulakl\u0131k ucu&#8230;<\/p>\n","protected":false},"featured_media":111821,"comment_status":"open","ping_status":"closed","template":"","meta":{"_kad_post_transparent":"","_kad_post_title":"","_kad_post_layout":"","_kad_post_sidebar_id":"","_kad_post_content_style":"","_kad_post_vertical_padding":"","_kad_post_feature":"","_kad_post_feature_position":"","_kad_post_header":false,"_kad_post_footer":false,"_kad_post_classname":""},"product_brand":[],"product_cat":[14957],"product_tag":[],"class_list":{"0":"post-111822","1":"product","2":"type-product","3":"status-publish","4":"has-post-thumbnail","6":"product_cat-kablosuz-kulaklik-kablosuz-kulaklik","8":"first","9":"instock","10":"purchasable","11":"product-type-simple","12":"entry","13":"content-bg","14":"loop-entry"},"_links":{"self":[{"href":"https:\/\/www.hediyepazar.com\/index.php?rest_route=\/wp\/v2\/product\/111822","targetHints":{"allow":["GET"]}}],"collection":[{"href":"https:\/\/www.hediyepazar.com\/index.php?rest_route=\/wp\/v2\/product"}],"about":[{"href":"https:\/\/www.hediyepazar.com\/index.php?rest_route=\/wp\/v2\/types\/product"}],"replies":[{"embeddable":true,"href":"https:\/\/www.hediyepazar.com\/index.php?rest_route=%2Fwp%2Fv2%2Fcomments&post=111822"}],"wp:featuredmedia":[{"embeddable":true,"href":"https:\/\/www.hediyepazar.com\/index.php?rest_route=\/wp\/v2\/media\/111821"}],"wp:attachment":[{"href":"https:\/\/www.hediyepazar.com\/index.php?rest_route=%2Fwp%2Fv2%2Fmedia&parent=111822"}],"wp:term":[{"taxonomy":"product_brand","embeddable":true,"href":"https:\/\/www.hediyepazar.com\/index.php?rest_route=%2Fwp%2Fv2%2Fproduct_brand&post=111822"},{"taxonomy":"product_cat","embeddable":true,"href":"https:\/\/www.hediyepazar.com\/index.php?rest_route=%2Fwp%2Fv2%2Fproduct_cat&post=111822"},{"taxonomy":"product_tag","embeddable":true,"href":"https:\/\/www.hediyepazar.com\/index.php?rest_route=%2Fwp%2Fv2%2Fproduct_tag&post=111822"}],"curies":[{"name":"wp","href":"https:\/\/api.w.org\/{rel}","templated":true}]}}