{"id":111826,"date":"2026-05-05T08:28:17","date_gmt":"2026-05-05T11:28:17","guid":{"rendered":"https:\/\/www.hediyepazar.com\/?product=dokunmatik-kontrol-tws-isikli-kulakici-bluetooth-kulaklik-kablosuz-oyuncu-kulakligi"},"modified":"2026-05-05T08:28:17","modified_gmt":"2026-05-05T11:28:17","slug":"dokunmatik-kontrol-tws-isikli-kulakici-bluetooth-kulaklik-kablosuz-oyuncu-kulakligi","status":"publish","type":"product","link":"https:\/\/www.hediyepazar.com\/?product=dokunmatik-kontrol-tws-isikli-kulakici-bluetooth-kulaklik-kablosuz-oyuncu-kulakligi","title":{"rendered":"Dokunmatik Kontrol Tws I\u015f\u0131kl\u0131 Kulaki\u00e7i Bluetooth Kulakl\u0131k Kablosuz Oyuncu Kulakl\u0131\u011f\u0131"},"content":{"rendered":"<p>Dinamik I\u015f\u0131kl\u0131 Bluetooth Kulakl\u0131k \u2013 Oyuncular \u0130\u00e7in S\u0131f\u0131r Gecikmeli PerformansOyun deneyimini bir \u00fcst seviyeye ta\u015f\u0131yan bu Bluetooth kulakl\u0131k, 0 gecikmeli ses ile oyunlar\u0131n i\u00e7inde hissettirir. Geli\u015fmi\u015f \u00e7ift mikrofonlu g\u00fcr\u00fclt\u00fc azaltma teknolojisi sayesinde, \u00e7evresel sesleri minimuma indirir ve ileti\u015fimi kristal netli\u011finde sa\u011flar. Kulakl\u0131\u011f\u0131n i\u00e7 k\u0131sm\u0131nda yer alan 32 mikro LED \u0131\u015f\u0131k yuvas\u0131, performansa paralel olarak de\u011fi\u015fen renkli efektlerle e\u015fsiz bir g\u00f6rsel \u015f\u00f6len sunar. Oyun modundan m\u00fczik moduna ge\u00e7i\u015f yapabilen bu kulakl\u0131k, e\u011flenceyi her an her yerde ya\u015famaya olanak tan\u0131r.<\/p>\n","protected":false},"excerpt":{"rendered":"<p>Dinamik I\u015f\u0131kl\u0131 Bluetooth Kulakl\u0131k \u2013 Oyuncular \u0130\u00e7in S\u0131f\u0131r Gecikmeli PerformansOyun deneyimini bir \u00fcst seviyeye ta\u015f\u0131yan bu Bluetooth kulakl\u0131k, 0 gecikmeli ses ile oyunlar\u0131n i\u00e7inde hissettirir. Geli\u015fmi\u015f \u00e7ift mikrofonlu g\u00fcr\u00fclt\u00fc azaltma teknolojisi sayesinde, \u00e7evresel sesleri minimuma indirir ve ileti\u015fimi kristal netli\u011finde sa\u011flar. Kulakl\u0131\u011f\u0131n i\u00e7 k\u0131sm\u0131nda yer alan 32 mikro LED \u0131\u015f\u0131k yuvas\u0131, performansa paralel olarak de\u011fi\u015fen&#8230;<\/p>\n","protected":false},"featured_media":111825,"comment_status":"open","ping_status":"closed","template":"","meta":{"_kad_post_transparent":"","_kad_post_title":"","_kad_post_layout":"","_kad_post_sidebar_id":"","_kad_post_content_style":"","_kad_post_vertical_padding":"","_kad_post_feature":"","_kad_post_feature_position":"","_kad_post_header":false,"_kad_post_footer":false,"_kad_post_classname":""},"product_brand":[],"product_cat":[14957],"product_tag":[],"class_list":{"0":"post-111826","1":"product","2":"type-product","3":"status-publish","4":"has-post-thumbnail","6":"product_cat-kablosuz-kulaklik-kablosuz-kulaklik","8":"first","9":"instock","10":"purchasable","11":"product-type-simple","12":"entry","13":"content-bg","14":"loop-entry"},"_links":{"self":[{"href":"https:\/\/www.hediyepazar.com\/index.php?rest_route=\/wp\/v2\/product\/111826","targetHints":{"allow":["GET"]}}],"collection":[{"href":"https:\/\/www.hediyepazar.com\/index.php?rest_route=\/wp\/v2\/product"}],"about":[{"href":"https:\/\/www.hediyepazar.com\/index.php?rest_route=\/wp\/v2\/types\/product"}],"replies":[{"embeddable":true,"href":"https:\/\/www.hediyepazar.com\/index.php?rest_route=%2Fwp%2Fv2%2Fcomments&post=111826"}],"wp:featuredmedia":[{"embeddable":true,"href":"https:\/\/www.hediyepazar.com\/index.php?rest_route=\/wp\/v2\/media\/111825"}],"wp:attachment":[{"href":"https:\/\/www.hediyepazar.com\/index.php?rest_route=%2Fwp%2Fv2%2Fmedia&parent=111826"}],"wp:term":[{"taxonomy":"product_brand","embeddable":true,"href":"https:\/\/www.hediyepazar.com\/index.php?rest_route=%2Fwp%2Fv2%2Fproduct_brand&post=111826"},{"taxonomy":"product_cat","embeddable":true,"href":"https:\/\/www.hediyepazar.com\/index.php?rest_route=%2Fwp%2Fv2%2Fproduct_cat&post=111826"},{"taxonomy":"product_tag","embeddable":true,"href":"https:\/\/www.hediyepazar.com\/index.php?rest_route=%2Fwp%2Fv2%2Fproduct_tag&post=111826"}],"curies":[{"name":"wp","href":"https:\/\/api.w.org\/{rel}","templated":true}]}}