{"id":111838,"date":"2026-05-05T08:32:08","date_gmt":"2026-05-05T11:32:08","guid":{"rendered":"https:\/\/www.hediyepazar.com\/?product=cep-telefonu-tripod-standi-manyetik-selfie-sopa-bluetooth-uzaktan-kumandali"},"modified":"2026-05-05T08:32:08","modified_gmt":"2026-05-05T11:32:08","slug":"cep-telefonu-tripod-standi-manyetik-selfie-sopa-bluetooth-uzaktan-kumandali","status":"publish","type":"product","link":"https:\/\/www.hediyepazar.com\/?product=cep-telefonu-tripod-standi-manyetik-selfie-sopa-bluetooth-uzaktan-kumandali","title":{"rendered":"Cep Telefonu Tripod Stand\u0131 Manyetik Selfie Sopa Bluetooth Uzaktan Kumandal\u0131"},"content":{"rendered":"<p>Bluetooth Uzaktan Kumandal\u0131 Tripod Selfie \u00c7ubu\u011fuKompakt ve hafif tasar\u0131m\u0131yla her an yan\u0131n\u0131zda ta\u015f\u0131yabilece\u011finiz bu selfie \u00e7ubu\u011fu, m\u00fckemmel foto\u011fraflar \u00e7ekmek i\u00e7in ideal bir ara\u00e7t\u0131r. Sadece 186 mm uzunlu\u011funda ve 125 g a\u011f\u0131rl\u0131\u011f\u0131nda olan bu \u00fcr\u00fcn, g\u00fcnl\u00fck kullan\u0131m ve seyahatler i\u00e7in m\u00fckemmel bir \u00e7\u00f6z\u00fcm sunar.\u00dc\u00e7 Farkl\u0131 Selfie \u00c7ekim Modu\u00dc\u00e7 farkl\u0131 selfie modu ile istedi\u011finiz a\u00e7\u0131dan foto\u011fraf \u00e7ekebilirsiniz. Farkl\u0131 durumlar i\u00e7in uygun olan bu modlar, her \u00e7ekiminizi e\u011flenceli ve yarat\u0131c\u0131 hale getirir.Bluetooth Uzaktan Kumanda ile Kolay Foto\u011fraf \u00c7ekimiBluetooth uzaktan kumandas\u0131 sayesinde, telefonunuzu elinize almadan bir dokunu\u015fla foto\u011fraf \u00e7ekebilirsiniz. Bu \u00f6zellik, pratik kullan\u0131m ve kolay foto\u011fraf \u00e7ekimi sa\u011flar.Tripod \u00d6zelli\u011fi ile Profesyonel \u00c7ekimlerTripod fonksiyonu ile cihaz\u0131 sabitleyebilir, net ve profesyonel g\u00f6r\u00fcn\u00fcml\u00fc foto\u011fraflar \u00e7ekebilirsiniz. Grup foto\u011fraflar\u0131, manzara \u00e7ekimleri ve \u00f6z\u00e7ekimler i\u00e7in m\u00fckemmeldir.Seyahatler \u0130\u00e7in Pratik ve Ta\u015f\u0131nabilirHafif ve kompakt yap\u0131s\u0131 sayesinde, seyahatlerde kolayca ta\u015f\u0131nabilir. Foto\u011fraf \u00e7ekimlerinizi her zaman ve her yerde kolayca ger\u00e7ekle\u015ftirebilirsiniz.<\/p>\n","protected":false},"excerpt":{"rendered":"<p>Bluetooth Uzaktan Kumandal\u0131 Tripod Selfie \u00c7ubu\u011fuKompakt ve hafif tasar\u0131m\u0131yla her an yan\u0131n\u0131zda ta\u015f\u0131yabilece\u011finiz bu selfie \u00e7ubu\u011fu, m\u00fckemmel foto\u011fraflar \u00e7ekmek i\u00e7in ideal bir ara\u00e7t\u0131r. Sadece 186 mm uzunlu\u011funda ve 125 g a\u011f\u0131rl\u0131\u011f\u0131nda olan bu \u00fcr\u00fcn, g\u00fcnl\u00fck kullan\u0131m ve seyahatler i\u00e7in m\u00fckemmel bir \u00e7\u00f6z\u00fcm sunar.\u00dc\u00e7 Farkl\u0131 Selfie \u00c7ekim Modu\u00dc\u00e7 farkl\u0131 selfie modu ile istedi\u011finiz a\u00e7\u0131dan foto\u011fraf \u00e7ekebilirsiniz&#8230;.<\/p>\n","protected":false},"featured_media":111837,"comment_status":"open","ping_status":"closed","template":"","meta":{"_kad_post_transparent":"","_kad_post_title":"","_kad_post_layout":"","_kad_post_sidebar_id":"","_kad_post_content_style":"","_kad_post_vertical_padding":"","_kad_post_feature":"","_kad_post_feature_position":"","_kad_post_header":false,"_kad_post_footer":false,"_kad_post_classname":""},"product_brand":[],"product_cat":[15008],"product_tag":[],"class_list":{"0":"post-111838","1":"product","2":"type-product","3":"status-publish","4":"has-post-thumbnail","6":"product_cat-selfie-cubugu-selfie-cubugu-2","8":"first","9":"instock","10":"purchasable","11":"product-type-simple","12":"entry","13":"content-bg","14":"loop-entry"},"_links":{"self":[{"href":"https:\/\/www.hediyepazar.com\/index.php?rest_route=\/wp\/v2\/product\/111838","targetHints":{"allow":["GET"]}}],"collection":[{"href":"https:\/\/www.hediyepazar.com\/index.php?rest_route=\/wp\/v2\/product"}],"about":[{"href":"https:\/\/www.hediyepazar.com\/index.php?rest_route=\/wp\/v2\/types\/product"}],"replies":[{"embeddable":true,"href":"https:\/\/www.hediyepazar.com\/index.php?rest_route=%2Fwp%2Fv2%2Fcomments&post=111838"}],"wp:featuredmedia":[{"embeddable":true,"href":"https:\/\/www.hediyepazar.com\/index.php?rest_route=\/wp\/v2\/media\/111837"}],"wp:attachment":[{"href":"https:\/\/www.hediyepazar.com\/index.php?rest_route=%2Fwp%2Fv2%2Fmedia&parent=111838"}],"wp:term":[{"taxonomy":"product_brand","embeddable":true,"href":"https:\/\/www.hediyepazar.com\/index.php?rest_route=%2Fwp%2Fv2%2Fproduct_brand&post=111838"},{"taxonomy":"product_cat","embeddable":true,"href":"https:\/\/www.hediyepazar.com\/index.php?rest_route=%2Fwp%2Fv2%2Fproduct_cat&post=111838"},{"taxonomy":"product_tag","embeddable":true,"href":"https:\/\/www.hediyepazar.com\/index.php?rest_route=%2Fwp%2Fv2%2Fproduct_tag&post=111838"}],"curies":[{"name":"wp","href":"https:\/\/api.w.org\/{rel}","templated":true}]}}