{"id":111840,"date":"2026-05-05T08:32:13","date_gmt":"2026-05-05T11:32:13","guid":{"rendered":"https:\/\/www.hediyepazar.com\/?product=tripod-selfie-cubugu-bluetooth-kumandali-kablosuz-led-isikli"},"modified":"2026-05-05T08:32:13","modified_gmt":"2026-05-05T11:32:13","slug":"tripod-selfie-cubugu-bluetooth-kumandali-kablosuz-led-isikli","status":"publish","type":"product","link":"https:\/\/www.hediyepazar.com\/?product=tripod-selfie-cubugu-bluetooth-kumandali-kablosuz-led-isikli","title":{"rendered":"Tripod Selfie \u00c7ubu\u011fu Bluetooth Kumandal\u0131 Kablosuz Led I\u015f\u0131kl\u0131"},"content":{"rendered":"<p>Bluetooth Uzaktan Kumandal\u0131 Tripod Selfie \u00c7ubu\u011fuHafif ve kompakt tasar\u0131m\u0131 ile her an yan\u0131n\u0131zda ta\u015f\u0131yabilece\u011finiz bu selfie \u00e7ubu\u011fu, pratik kullan\u0131m sunarak foto\u011fraf \u00e7ekimlerinizi kolayla\u015ft\u0131r\u0131r. Sadece 186 mm uzunlu\u011funda ve 125 g a\u011f\u0131rl\u0131\u011f\u0131ndaki bu \u00fcr\u00fcn, ta\u015f\u0131mas\u0131 son derece kolayd\u0131r ve her zaman yan\u0131n\u0131zda olabilir.\u00dc\u00e7 Farkl\u0131 Selfie ModuFarkl\u0131 a\u00e7\u0131lardan \u00e7ekim yapman\u0131z\u0131 sa\u011flayan \u00fc\u00e7 selfie modu ile her foto\u011fraf\u0131n\u0131zda m\u00fckemmel a\u00e7\u0131lar\u0131 yakalayabilirsiniz. Diledi\u011finiz gibi foto\u011fraflar\u0131n\u0131z\u0131 \u00e7ekmek i\u00e7in tek bir cihaz ile \u00e7ok y\u00f6nl\u00fc kullan\u0131m sunar.Bluetooth Uzaktan Kumanda ile Kolay \u00c7ekimBluetooth uzaktan kumandas\u0131 sayesinde, foto\u011fraf \u00e7ekmek i\u00e7in telefonunuzu elinize almaya gerek kalmaz. Tek dokunu\u015fla foto\u011fraf \u00e7ekebilir, b\u00f6ylece kolayca kareler yakalayabilirsiniz.Tripod \u00d6zelli\u011fi ile Sabit \u00c7ekimlerTripod \u00f6zelli\u011fi sayesinde, cihaz\u0131 sabitleyerek profesyonel g\u00f6r\u00fcn\u00fcml\u00fc, net foto\u011fraflar \u00e7ekebilirsiniz. D\u00fc\u011f\u00fcn, parti, seyahat ya da herhangi bir \u00f6zel an i\u00e7in m\u00fckemmel bir \u00e7ekim arac\u0131d\u0131r.Seyahat ve G\u00fcnl\u00fck Kullan\u0131m \u0130\u00e7in \u0130dealKompakt ve hafif yap\u0131s\u0131yla g\u00fcnl\u00fck kullan\u0131mda oldu\u011fu gibi seyahatlerde de m\u00fckemmel bir arkada\u015ft\u0131r. Hem gezilerde hem de g\u00fcnl\u00fck ya\u015famda pratik bir \u00e7\u00f6z\u00fcm arayanlar i\u00e7in ideal bir \u00fcr\u00fcnd\u00fcr.<\/p>\n","protected":false},"excerpt":{"rendered":"<p>Bluetooth Uzaktan Kumandal\u0131 Tripod Selfie \u00c7ubu\u011fuHafif ve kompakt tasar\u0131m\u0131 ile her an yan\u0131n\u0131zda ta\u015f\u0131yabilece\u011finiz bu selfie \u00e7ubu\u011fu, pratik kullan\u0131m sunarak foto\u011fraf \u00e7ekimlerinizi kolayla\u015ft\u0131r\u0131r. Sadece 186 mm uzunlu\u011funda ve 125 g a\u011f\u0131rl\u0131\u011f\u0131ndaki bu \u00fcr\u00fcn, ta\u015f\u0131mas\u0131 son derece kolayd\u0131r ve her zaman yan\u0131n\u0131zda olabilir.\u00dc\u00e7 Farkl\u0131 Selfie ModuFarkl\u0131 a\u00e7\u0131lardan \u00e7ekim yapman\u0131z\u0131 sa\u011flayan \u00fc\u00e7 selfie modu ile her foto\u011fraf\u0131n\u0131zda&#8230;<\/p>\n","protected":false},"featured_media":111839,"comment_status":"open","ping_status":"closed","template":"","meta":{"_kad_post_transparent":"","_kad_post_title":"","_kad_post_layout":"","_kad_post_sidebar_id":"","_kad_post_content_style":"","_kad_post_vertical_padding":"","_kad_post_feature":"","_kad_post_feature_position":"","_kad_post_header":false,"_kad_post_footer":false,"_kad_post_classname":""},"product_brand":[],"product_cat":[15008],"product_tag":[],"class_list":{"0":"post-111840","1":"product","2":"type-product","3":"status-publish","4":"has-post-thumbnail","6":"product_cat-selfie-cubugu-selfie-cubugu-2","8":"first","9":"instock","10":"purchasable","11":"product-type-simple","12":"entry","13":"content-bg","14":"loop-entry"},"_links":{"self":[{"href":"https:\/\/www.hediyepazar.com\/index.php?rest_route=\/wp\/v2\/product\/111840","targetHints":{"allow":["GET"]}}],"collection":[{"href":"https:\/\/www.hediyepazar.com\/index.php?rest_route=\/wp\/v2\/product"}],"about":[{"href":"https:\/\/www.hediyepazar.com\/index.php?rest_route=\/wp\/v2\/types\/product"}],"replies":[{"embeddable":true,"href":"https:\/\/www.hediyepazar.com\/index.php?rest_route=%2Fwp%2Fv2%2Fcomments&post=111840"}],"wp:featuredmedia":[{"embeddable":true,"href":"https:\/\/www.hediyepazar.com\/index.php?rest_route=\/wp\/v2\/media\/111839"}],"wp:attachment":[{"href":"https:\/\/www.hediyepazar.com\/index.php?rest_route=%2Fwp%2Fv2%2Fmedia&parent=111840"}],"wp:term":[{"taxonomy":"product_brand","embeddable":true,"href":"https:\/\/www.hediyepazar.com\/index.php?rest_route=%2Fwp%2Fv2%2Fproduct_brand&post=111840"},{"taxonomy":"product_cat","embeddable":true,"href":"https:\/\/www.hediyepazar.com\/index.php?rest_route=%2Fwp%2Fv2%2Fproduct_cat&post=111840"},{"taxonomy":"product_tag","embeddable":true,"href":"https:\/\/www.hediyepazar.com\/index.php?rest_route=%2Fwp%2Fv2%2Fproduct_tag&post=111840"}],"curies":[{"name":"wp","href":"https:\/\/api.w.org\/{rel}","templated":true}]}}