{"id":111858,"date":"2026-05-05T08:35:15","date_gmt":"2026-05-05T11:35:15","guid":{"rendered":"https:\/\/www.hediyepazar.com\/?product=arac-guneslik-koruyucu-cam-gunesligi-otomobil-guneslikleri-katlanabilir"},"modified":"2026-05-05T08:35:15","modified_gmt":"2026-05-05T11:35:15","slug":"arac-guneslik-koruyucu-cam-gunesligi-otomobil-guneslikleri-katlanabilir","status":"publish","type":"product","link":"https:\/\/www.hediyepazar.com\/?product=arac-guneslik-koruyucu-cam-gunesligi-otomobil-guneslikleri-katlanabilir","title":{"rendered":"Ara\u00e7 G\u00fcne\u015flik Koruyucu Cam G\u00fcne\u015fli\u011fi Otomobil G\u00fcne\u015flikleri Katlanabilir"},"content":{"rendered":"<p>Y\u00fcksek Performansl\u0131 G\u00fcne\u015f KorumaAraba G\u00fcne\u015fli\u011fi, metalize reflekt\u00f6rl\u00fc aluminyum y\u00fczeyi sayesinde g\u00fcne\u015f \u0131\u015f\u0131nlar\u0131n\u0131 %99 oran\u0131nda engelleyerek arac\u0131n\u0131z\u0131n i\u00e7 s\u0131cakl\u0131\u011f\u0131n\u0131 \u00f6nemli \u00f6l\u00e7\u00fcde d\u00fc\u015f\u00fcr\u00fcr. \u00d6zellikle yaz aylar\u0131nda, arac\u0131n\u0131z\u0131 g\u00fcne\u015fe maruz b\u0131rakmadan, s\u0131cakl\u0131k art\u0131\u015f\u0131n\u0131 \u00f6nler ve daha serin bir s\u00fcr\u00fc\u015f deneyimi sunar. G\u00fcne\u015f \u0131\u015f\u0131nlar\u0131n\u0131n zararl\u0131 etkilerine kar\u015f\u0131 g\u00fc\u00e7l\u00fc koruma sa\u011flar.S\u00fcngerli \u0130\u00e7 Yap\u0131 ve Ekstra \u0130zolasyonS\u00fcngerli i\u00e7 yap\u0131s\u0131, \u00fcr\u00fcne ekstra izolasyon \u00f6zelli\u011fi katarak, arac\u0131n\u0131z\u0131n a\u015f\u0131r\u0131 \u0131s\u0131nmas\u0131n\u0131 engeller. Ayr\u0131ca, arac\u0131n\u0131zdaki deri, plastik ve kuma\u015f y\u00fczeylerin g\u00fcne\u015fin zararl\u0131 \u0131\u015f\u0131nlar\u0131ndan etkilenmesini \u00f6nler. Bu \u00f6zellik, arac\u0131n\u0131z\u0131n i\u00e7 mekan\u0131n\u0131 uzun s\u00fcre koruyarak, i\u00e7 tasar\u0131m\u0131n hasar g\u00f6rmesini engeller.Kolay Kullan\u0131m ve Ta\u015f\u0131ma Kolayl\u0131\u011f\u0131Katlanabilir tasar\u0131m\u0131 sayesinde kullan\u0131m sonras\u0131 h\u0131zl\u0131ca katlanabilir ve arac\u0131n\u0131zda az yer kaplayarak kolayca ta\u015f\u0131nabilir. Yaz\u0131n arac\u0131n\u0131z\u0131 g\u00fcne\u015fe park etti\u011finizde etkili bir \u00e7\u00f6z\u00fcm sunarak, klima kullan\u0131m\u0131n\u0131 minimize eder ve enerji tasarrufu sa\u011flar.<\/p>\n","protected":false},"excerpt":{"rendered":"<p>Y\u00fcksek Performansl\u0131 G\u00fcne\u015f KorumaAraba G\u00fcne\u015fli\u011fi, metalize reflekt\u00f6rl\u00fc aluminyum y\u00fczeyi sayesinde g\u00fcne\u015f \u0131\u015f\u0131nlar\u0131n\u0131 %99 oran\u0131nda engelleyerek arac\u0131n\u0131z\u0131n i\u00e7 s\u0131cakl\u0131\u011f\u0131n\u0131 \u00f6nemli \u00f6l\u00e7\u00fcde d\u00fc\u015f\u00fcr\u00fcr. \u00d6zellikle yaz aylar\u0131nda, arac\u0131n\u0131z\u0131 g\u00fcne\u015fe maruz b\u0131rakmadan, s\u0131cakl\u0131k art\u0131\u015f\u0131n\u0131 \u00f6nler ve daha serin bir s\u00fcr\u00fc\u015f deneyimi sunar. G\u00fcne\u015f \u0131\u015f\u0131nlar\u0131n\u0131n zararl\u0131 etkilerine kar\u015f\u0131 g\u00fc\u00e7l\u00fc koruma sa\u011flar.S\u00fcngerli \u0130\u00e7 Yap\u0131 ve Ekstra \u0130zolasyonS\u00fcngerli i\u00e7 yap\u0131s\u0131, \u00fcr\u00fcne ekstra&#8230;<\/p>\n","protected":false},"featured_media":111857,"comment_status":"open","ping_status":"closed","template":"","meta":{"_kad_post_transparent":"","_kad_post_title":"","_kad_post_layout":"","_kad_post_sidebar_id":"","_kad_post_content_style":"","_kad_post_vertical_padding":"","_kad_post_feature":"","_kad_post_feature_position":"","_kad_post_header":false,"_kad_post_footer":false,"_kad_post_classname":""},"product_brand":[],"product_cat":[14921],"product_tag":[],"class_list":{"0":"post-111858","1":"product","2":"type-product","3":"status-publish","4":"has-post-thumbnail","6":"product_cat-oto-guneslik-perde-oto-guneslik-perde-2","8":"first","9":"instock","10":"purchasable","11":"product-type-simple","12":"entry","13":"content-bg","14":"loop-entry"},"_links":{"self":[{"href":"https:\/\/www.hediyepazar.com\/index.php?rest_route=\/wp\/v2\/product\/111858","targetHints":{"allow":["GET"]}}],"collection":[{"href":"https:\/\/www.hediyepazar.com\/index.php?rest_route=\/wp\/v2\/product"}],"about":[{"href":"https:\/\/www.hediyepazar.com\/index.php?rest_route=\/wp\/v2\/types\/product"}],"replies":[{"embeddable":true,"href":"https:\/\/www.hediyepazar.com\/index.php?rest_route=%2Fwp%2Fv2%2Fcomments&post=111858"}],"wp:featuredmedia":[{"embeddable":true,"href":"https:\/\/www.hediyepazar.com\/index.php?rest_route=\/wp\/v2\/media\/111857"}],"wp:attachment":[{"href":"https:\/\/www.hediyepazar.com\/index.php?rest_route=%2Fwp%2Fv2%2Fmedia&parent=111858"}],"wp:term":[{"taxonomy":"product_brand","embeddable":true,"href":"https:\/\/www.hediyepazar.com\/index.php?rest_route=%2Fwp%2Fv2%2Fproduct_brand&post=111858"},{"taxonomy":"product_cat","embeddable":true,"href":"https:\/\/www.hediyepazar.com\/index.php?rest_route=%2Fwp%2Fv2%2Fproduct_cat&post=111858"},{"taxonomy":"product_tag","embeddable":true,"href":"https:\/\/www.hediyepazar.com\/index.php?rest_route=%2Fwp%2Fv2%2Fproduct_tag&post=111858"}],"curies":[{"name":"wp","href":"https:\/\/api.w.org\/{rel}","templated":true}]}}