{"id":111868,"date":"2026-05-05T08:37:17","date_gmt":"2026-05-05T11:37:17","guid":{"rendered":"https:\/\/www.hediyepazar.com\/?product=bluetooth-hoparlor-speaker-telefon-sarj-edebilen-android-ve-ios-uyumlu"},"modified":"2026-05-05T08:37:17","modified_gmt":"2026-05-05T11:37:17","slug":"bluetooth-hoparlor-speaker-telefon-sarj-edebilen-android-ve-ios-uyumlu","status":"publish","type":"product","link":"https:\/\/www.hediyepazar.com\/?product=bluetooth-hoparlor-speaker-telefon-sarj-edebilen-android-ve-ios-uyumlu","title":{"rendered":"Bluetooth Hoparl\u00f6r Speaker Telefon \u015earj Edebilen Android ve \u0130OS Uyumlu"},"content":{"rendered":"<p>M\u00fczik Deneyimini Bir \u00dcst Seviyeye Ta\u015f\u0131y\u0131nBluetooth 5.0 teknolojisine sahip dahili hoparl\u00f6r, telefon veya di\u011fer cihazlara kolayca ba\u011flanarak kesintisiz m\u00fczik keyfi sunar. Derin baslar ve kristal netli\u011finde tizlerle stereo ses efekti sa\u011flayarak s\u00fcr\u00fckleyici bir dinleme deneyimi ya\u015fat\u0131r. FM radyo \u00f6zelli\u011fi ve uyku zamanlay\u0131c\u0131s\u0131 gibi ekstra fonksiyonlarla zenginle\u015ftirilmi\u015f bu cihaz, ba\u015fucunuzda m\u00fckemmel bir yard\u0131mc\u0131d\u0131r. Eller serbest arama \u00f6zelli\u011fi sayesinde \u00e7a\u011fr\u0131lar\u0131n\u0131z\u0131 kolayl\u0131kla yan\u0131tlayabilir, m\u00fczi\u011finizin keyfini kesintisiz \u00e7\u0131karabilirsiniz.<\/p>\n","protected":false},"excerpt":{"rendered":"<p>M\u00fczik Deneyimini Bir \u00dcst Seviyeye Ta\u015f\u0131y\u0131nBluetooth 5.0 teknolojisine sahip dahili hoparl\u00f6r, telefon veya di\u011fer cihazlara kolayca ba\u011flanarak kesintisiz m\u00fczik keyfi sunar. Derin baslar ve kristal netli\u011finde tizlerle stereo ses efekti sa\u011flayarak s\u00fcr\u00fckleyici bir dinleme deneyimi ya\u015fat\u0131r. FM radyo \u00f6zelli\u011fi ve uyku zamanlay\u0131c\u0131s\u0131 gibi ekstra fonksiyonlarla zenginle\u015ftirilmi\u015f bu cihaz, ba\u015fucunuzda m\u00fckemmel bir yard\u0131mc\u0131d\u0131r. Eller serbest arama&#8230;<\/p>\n","protected":false},"featured_media":111867,"comment_status":"open","ping_status":"closed","template":"","meta":{"_kad_post_transparent":"","_kad_post_title":"","_kad_post_layout":"","_kad_post_sidebar_id":"","_kad_post_content_style":"","_kad_post_vertical_padding":"","_kad_post_feature":"","_kad_post_feature_position":"","_kad_post_header":false,"_kad_post_footer":false,"_kad_post_classname":""},"product_brand":[],"product_cat":[14911],"product_tag":[],"class_list":{"0":"post-111868","1":"product","2":"type-product","3":"status-publish","4":"has-post-thumbnail","6":"product_cat-kablosuz-hoparlor-kablosuz-hoparlor","8":"first","9":"instock","10":"purchasable","11":"product-type-simple","12":"entry","13":"content-bg","14":"loop-entry"},"_links":{"self":[{"href":"https:\/\/www.hediyepazar.com\/index.php?rest_route=\/wp\/v2\/product\/111868","targetHints":{"allow":["GET"]}}],"collection":[{"href":"https:\/\/www.hediyepazar.com\/index.php?rest_route=\/wp\/v2\/product"}],"about":[{"href":"https:\/\/www.hediyepazar.com\/index.php?rest_route=\/wp\/v2\/types\/product"}],"replies":[{"embeddable":true,"href":"https:\/\/www.hediyepazar.com\/index.php?rest_route=%2Fwp%2Fv2%2Fcomments&post=111868"}],"wp:featuredmedia":[{"embeddable":true,"href":"https:\/\/www.hediyepazar.com\/index.php?rest_route=\/wp\/v2\/media\/111867"}],"wp:attachment":[{"href":"https:\/\/www.hediyepazar.com\/index.php?rest_route=%2Fwp%2Fv2%2Fmedia&parent=111868"}],"wp:term":[{"taxonomy":"product_brand","embeddable":true,"href":"https:\/\/www.hediyepazar.com\/index.php?rest_route=%2Fwp%2Fv2%2Fproduct_brand&post=111868"},{"taxonomy":"product_cat","embeddable":true,"href":"https:\/\/www.hediyepazar.com\/index.php?rest_route=%2Fwp%2Fv2%2Fproduct_cat&post=111868"},{"taxonomy":"product_tag","embeddable":true,"href":"https:\/\/www.hediyepazar.com\/index.php?rest_route=%2Fwp%2Fv2%2Fproduct_tag&post=111868"}],"curies":[{"name":"wp","href":"https:\/\/api.w.org\/{rel}","templated":true}]}}