{"id":111874,"date":"2026-05-05T08:37:33","date_gmt":"2026-05-05T11:37:33","guid":{"rendered":"https:\/\/www.hediyepazar.com\/?product=humidifier-led-isikli-mini-ortam-oda-kokusu-aromaterapi-buhardanlik"},"modified":"2026-05-05T08:37:33","modified_gmt":"2026-05-05T11:37:33","slug":"humidifier-led-isikli-mini-ortam-oda-kokusu-aromaterapi-buhardanlik","status":"publish","type":"product","link":"https:\/\/www.hediyepazar.com\/?product=humidifier-led-isikli-mini-ortam-oda-kokusu-aromaterapi-buhardanlik","title":{"rendered":"Humidifier LED I\u015f\u0131kl\u0131 Mini Ortam Oda Kokusu Aromaterapi Buhardanl\u0131k"},"content":{"rendered":"<p>Tasar\u0131m, Malzeme Kalitesi ve Renk Se\u00e7enekleriModern ve sade tasar\u0131m\u0131yla dikkat \u00e7eken cihaz; pembe, gri ve beyaz olmak \u00fczere \u00fc\u00e7 renk se\u00e7ene\u011fiyle sunulmaktad\u0131r. Hafif ve kompakt yap\u0131s\u0131 sayesinde kolayca ta\u015f\u0131nabilir ve her ortama uyum sa\u011flar. Y\u00fcksek kaliteli ABS plastik ve yumu\u015fak silikon malzemelerle \u00fcretilmi\u015f olmas\u0131, uzun \u00f6m\u00fcrl\u00fc ve g\u00fcvenilir bir kullan\u0131m vadeder. USB ba\u011flant\u0131s\u0131 sayesinde bilgisayar, powerbank veya adapt\u00f6r arac\u0131l\u0131\u011f\u0131yla kolayca \u00e7al\u0131\u015ft\u0131r\u0131labilir. I\u015f\u0131k modu ise fonksiyon d\u00fc\u011fmesine 3 saniye bas\u0131l\u0131 tutularak kontrol edilebilir; beyaz \u0131\u015f\u0131k, RGB ge\u00e7i\u015fli \u0131\u015f\u0131k ve \u0131\u015f\u0131k kapama se\u00e7enekleri sunar.<\/p>\n","protected":false},"excerpt":{"rendered":"<p>Tasar\u0131m, Malzeme Kalitesi ve Renk Se\u00e7enekleriModern ve sade tasar\u0131m\u0131yla dikkat \u00e7eken cihaz; pembe, gri ve beyaz olmak \u00fczere \u00fc\u00e7 renk se\u00e7ene\u011fiyle sunulmaktad\u0131r. Hafif ve kompakt yap\u0131s\u0131 sayesinde kolayca ta\u015f\u0131nabilir ve her ortama uyum sa\u011flar. Y\u00fcksek kaliteli ABS plastik ve yumu\u015fak silikon malzemelerle \u00fcretilmi\u015f olmas\u0131, uzun \u00f6m\u00fcrl\u00fc ve g\u00fcvenilir bir kullan\u0131m vadeder. USB ba\u011flant\u0131s\u0131 sayesinde bilgisayar,&#8230;<\/p>\n","protected":false},"featured_media":111873,"comment_status":"open","ping_status":"closed","template":"","meta":{"_kad_post_transparent":"","_kad_post_title":"","_kad_post_layout":"","_kad_post_sidebar_id":"","_kad_post_content_style":"","_kad_post_vertical_padding":"","_kad_post_feature":"","_kad_post_feature_position":"","_kad_post_header":false,"_kad_post_footer":false,"_kad_post_classname":""},"product_brand":[],"product_cat":[14965],"product_tag":[],"class_list":{"0":"post-111874","1":"product","2":"type-product","3":"status-publish","4":"has-post-thumbnail","6":"product_cat-hava-nemlendirici-hava-nemlendirici","8":"first","9":"instock","10":"purchasable","11":"product-type-simple","12":"entry","13":"content-bg","14":"loop-entry"},"_links":{"self":[{"href":"https:\/\/www.hediyepazar.com\/index.php?rest_route=\/wp\/v2\/product\/111874","targetHints":{"allow":["GET"]}}],"collection":[{"href":"https:\/\/www.hediyepazar.com\/index.php?rest_route=\/wp\/v2\/product"}],"about":[{"href":"https:\/\/www.hediyepazar.com\/index.php?rest_route=\/wp\/v2\/types\/product"}],"replies":[{"embeddable":true,"href":"https:\/\/www.hediyepazar.com\/index.php?rest_route=%2Fwp%2Fv2%2Fcomments&post=111874"}],"wp:featuredmedia":[{"embeddable":true,"href":"https:\/\/www.hediyepazar.com\/index.php?rest_route=\/wp\/v2\/media\/111873"}],"wp:attachment":[{"href":"https:\/\/www.hediyepazar.com\/index.php?rest_route=%2Fwp%2Fv2%2Fmedia&parent=111874"}],"wp:term":[{"taxonomy":"product_brand","embeddable":true,"href":"https:\/\/www.hediyepazar.com\/index.php?rest_route=%2Fwp%2Fv2%2Fproduct_brand&post=111874"},{"taxonomy":"product_cat","embeddable":true,"href":"https:\/\/www.hediyepazar.com\/index.php?rest_route=%2Fwp%2Fv2%2Fproduct_cat&post=111874"},{"taxonomy":"product_tag","embeddable":true,"href":"https:\/\/www.hediyepazar.com\/index.php?rest_route=%2Fwp%2Fv2%2Fproduct_tag&post=111874"}],"curies":[{"name":"wp","href":"https:\/\/api.w.org\/{rel}","templated":true}]}}