{"id":111876,"date":"2026-05-05T08:37:37","date_gmt":"2026-05-05T11:37:37","guid":{"rendered":"https:\/\/www.hediyepazar.com\/?product=rgb-isikli-ulrasonik-ledli-hava-nemlendirici-buhar-makinesi-buhardanlik"},"modified":"2026-05-05T08:37:37","modified_gmt":"2026-05-05T11:37:37","slug":"rgb-isikli-ulrasonik-ledli-hava-nemlendirici-buhar-makinesi-buhardanlik","status":"publish","type":"product","link":"https:\/\/www.hediyepazar.com\/?product=rgb-isikli-ulrasonik-ledli-hava-nemlendirici-buhar-makinesi-buhardanlik","title":{"rendered":"Rgb I\u015f\u0131kl\u0131 Ulrasonik Ledli Hava Nemlendirici Buhar Makinesi Buhardanl\u0131k"},"content":{"rendered":"<p>Kullan\u0131m Kolayl\u0131\u011f\u0131 ve Ak\u0131ll\u0131 FonksiyonlarTa\u015f\u0131nabilir nemlendirici, tek tu\u015fla kontrol edilebilen son derece pratik bir kullan\u0131m sunar. \u0130lk dokunu\u015fta s\u00fcrekli buhar modu, ikinci kez bas\u0131ld\u0131\u011f\u0131nda aral\u0131kl\u0131 buhar modu, 3 saniye bas\u0131l\u0131 tutuldu\u011funda ise gece lambas\u0131 ve \u0131\u015f\u0131k modu devreye girer. \u0130\u00e7erisindeki su seviyesi belirli bir g\u00fcvenlik e\u015fi\u011finin alt\u0131na d\u00fc\u015ft\u00fc\u011f\u00fcnde cihaz otomatik olarak kapanarak g\u00fcvenli kullan\u0131m sa\u011flar. Sessiz \u00e7al\u0131\u015fma \u00f6zelli\u011fi sayesinde ofislerde, k\u00fct\u00fcphanelerde ya da uyku s\u0131ras\u0131nda rahatl\u0131kla kullan\u0131labilir. De\u011fi\u015fen renkli LED \u0131\u015f\u0131klar\u0131 ve 300 ml su kapasitesi ile hem fonksiyonel hem de estetik bir deneyim sunar.<\/p>\n","protected":false},"excerpt":{"rendered":"<p>Kullan\u0131m Kolayl\u0131\u011f\u0131 ve Ak\u0131ll\u0131 FonksiyonlarTa\u015f\u0131nabilir nemlendirici, tek tu\u015fla kontrol edilebilen son derece pratik bir kullan\u0131m sunar. \u0130lk dokunu\u015fta s\u00fcrekli buhar modu, ikinci kez bas\u0131ld\u0131\u011f\u0131nda aral\u0131kl\u0131 buhar modu, 3 saniye bas\u0131l\u0131 tutuldu\u011funda ise gece lambas\u0131 ve \u0131\u015f\u0131k modu devreye girer. \u0130\u00e7erisindeki su seviyesi belirli bir g\u00fcvenlik e\u015fi\u011finin alt\u0131na d\u00fc\u015ft\u00fc\u011f\u00fcnde cihaz otomatik olarak kapanarak g\u00fcvenli kullan\u0131m sa\u011flar&#8230;.<\/p>\n","protected":false},"featured_media":111875,"comment_status":"open","ping_status":"closed","template":"","meta":{"_kad_post_transparent":"","_kad_post_title":"","_kad_post_layout":"","_kad_post_sidebar_id":"","_kad_post_content_style":"","_kad_post_vertical_padding":"","_kad_post_feature":"","_kad_post_feature_position":"","_kad_post_header":false,"_kad_post_footer":false,"_kad_post_classname":""},"product_brand":[],"product_cat":[14965],"product_tag":[],"class_list":{"0":"post-111876","1":"product","2":"type-product","3":"status-publish","4":"has-post-thumbnail","6":"product_cat-hava-nemlendirici-hava-nemlendirici","8":"first","9":"instock","10":"purchasable","11":"product-type-simple","12":"entry","13":"content-bg","14":"loop-entry"},"_links":{"self":[{"href":"https:\/\/www.hediyepazar.com\/index.php?rest_route=\/wp\/v2\/product\/111876","targetHints":{"allow":["GET"]}}],"collection":[{"href":"https:\/\/www.hediyepazar.com\/index.php?rest_route=\/wp\/v2\/product"}],"about":[{"href":"https:\/\/www.hediyepazar.com\/index.php?rest_route=\/wp\/v2\/types\/product"}],"replies":[{"embeddable":true,"href":"https:\/\/www.hediyepazar.com\/index.php?rest_route=%2Fwp%2Fv2%2Fcomments&post=111876"}],"wp:featuredmedia":[{"embeddable":true,"href":"https:\/\/www.hediyepazar.com\/index.php?rest_route=\/wp\/v2\/media\/111875"}],"wp:attachment":[{"href":"https:\/\/www.hediyepazar.com\/index.php?rest_route=%2Fwp%2Fv2%2Fmedia&parent=111876"}],"wp:term":[{"taxonomy":"product_brand","embeddable":true,"href":"https:\/\/www.hediyepazar.com\/index.php?rest_route=%2Fwp%2Fv2%2Fproduct_brand&post=111876"},{"taxonomy":"product_cat","embeddable":true,"href":"https:\/\/www.hediyepazar.com\/index.php?rest_route=%2Fwp%2Fv2%2Fproduct_cat&post=111876"},{"taxonomy":"product_tag","embeddable":true,"href":"https:\/\/www.hediyepazar.com\/index.php?rest_route=%2Fwp%2Fv2%2Fproduct_tag&post=111876"}],"curies":[{"name":"wp","href":"https:\/\/api.w.org\/{rel}","templated":true}]}}