{"id":111915,"date":"2026-05-05T08:44:57","date_gmt":"2026-05-05T11:44:57","guid":{"rendered":"https:\/\/www.hediyepazar.com\/?product=powerbank-20-000-mah-hizli-sarj-ozellikli-tasinabilir-usb-girisli"},"modified":"2026-05-05T08:44:57","modified_gmt":"2026-05-05T11:44:57","slug":"powerbank-20-000-mah-hizli-sarj-ozellikli-tasinabilir-usb-girisli","status":"publish","type":"product","link":"https:\/\/www.hediyepazar.com\/?product=powerbank-20-000-mah-hizli-sarj-ozellikli-tasinabilir-usb-girisli","title":{"rendered":"Powerbank 20.000 MAH H\u0131zl\u0131 \u015earj \u00d6zellikli Ta\u015f\u0131nabilir USB Giri\u015fli"},"content":{"rendered":"<p>Bu 20.000 mAh kapasiteli h\u0131zl\u0131 \u015farj \u00f6zellikli powerbank, g\u00fc\u00e7l\u00fc bataryas\u0131 ve pratik kullan\u0131m \u00f6zellikleriyle \u00f6ne \u00e7\u0131k\u0131yor. \u00d6zellikle 4 \u00e7\u0131k\u0131\u015fl\u0131 tasar\u0131m\u0131, ayn\u0131 anda birden fazla cihaz\u0131 \u015farj etme imk\u00e2n\u0131 sunarak kullan\u0131c\u0131ya b\u00fcy\u00fck kolayl\u0131k sa\u011flar. Ak\u0131ll\u0131 telefon, tablet, kablosuz kulakl\u0131klar ve di\u011fer ta\u015f\u0131nabilir cihazlar\u0131n\u0131z\u0131 ayn\u0131 anda h\u0131zl\u0131 bir \u015fekilde \u015farj edebilirsiniz. H\u0131zl\u0131 \u015farj deste\u011fi sayesinde cihazlar\u0131n\u0131z daha k\u0131sa s\u00fcrede tam \u015farj olur ve zamandan tasarruf sa\u011flar. LED g\u00f6stergesi sayesinde \u015farj durumunu kolayca izleyebilirsiniz, b\u00f6ylece ne kadar \u015farj kald\u0131\u011f\u0131n\u0131 bilerek kullan\u0131m\u0131n\u0131z\u0131 planlayabilirsiniz. Ayr\u0131ca, LED fener \u00f6zelli\u011fi, karanl\u0131k ortamlarda veya acil durumlarda size yard\u0131mc\u0131 olacak pratik bir i\u015flev sunar. Powerbank&#8217;in \u015farj s\u00fcresi ise 4-5 saat gibi k\u0131sa bir s\u00fcre i\u00e7inde tamamlan\u0131r, bu sayede k\u0131sa s\u00fcre i\u00e7inde yeniden kullan\u0131ma haz\u0131r hale gelir. \u00c7ift USB giri\u015fi, ayn\u0131 anda iki cihaz\u0131n \u015farj edilmesini sa\u011flar, bu da \u00f6zellikle birden fazla cihaz kullanan ki\u015filer i\u00e7in \u00e7ok i\u015flevsel bir \u00f6zellik sunar. \u00c7oklu g\u00fcvenlik korumas\u0131, a\u015f\u0131r\u0131 \u0131s\u0131nma, k\u0131sa devre veya a\u015f\u0131r\u0131 voltaj gibi tehlikelere kar\u015f\u0131 cihazlar\u0131n\u0131z\u0131 korur, b\u00f6ylece g\u00fcvenli bir \u015fekilde \u015farj edebilirsiniz. 20.000 mAh batarya kapasitesi ile uzun s\u00fcreli kullan\u0131m sunar, bu da \u00f6zellikle uzun seyahatlerde veya d\u0131\u015f mekanlarda faydal\u0131d\u0131r. Hem g\u00fc\u00e7l\u00fc performans\u0131 hem de y\u00fcksek uyumlulu\u011fu sayesinde Android ve iOS cihazlar\u0131 ile m\u00fckemmel uyum i\u00e7inde \u00e7al\u0131\u015f\u0131r. G\u00fcvenli ve pratik bir \u015fekilde cihazlar\u0131n\u0131z\u0131 \u015farj etmenize olanak tan\u0131r, b\u00f6ylece her zaman ba\u011flant\u0131da kalabilirsiniz.&nbsp;<\/p>\n","protected":false},"excerpt":{"rendered":"<p>Bu 20.000 mAh kapasiteli h\u0131zl\u0131 \u015farj \u00f6zellikli powerbank, g\u00fc\u00e7l\u00fc bataryas\u0131 ve pratik kullan\u0131m \u00f6zellikleriyle \u00f6ne \u00e7\u0131k\u0131yor. \u00d6zellikle 4 \u00e7\u0131k\u0131\u015fl\u0131 tasar\u0131m\u0131, ayn\u0131 anda birden fazla cihaz\u0131 \u015farj etme imk\u00e2n\u0131 sunarak kullan\u0131c\u0131ya b\u00fcy\u00fck kolayl\u0131k sa\u011flar. Ak\u0131ll\u0131 telefon, tablet, kablosuz kulakl\u0131klar ve di\u011fer ta\u015f\u0131nabilir cihazlar\u0131n\u0131z\u0131 ayn\u0131 anda h\u0131zl\u0131 bir \u015fekilde \u015farj edebilirsiniz. H\u0131zl\u0131 \u015farj deste\u011fi sayesinde cihazlar\u0131n\u0131z daha&#8230;<\/p>\n","protected":false},"featured_media":111914,"comment_status":"open","ping_status":"closed","template":"","meta":{"_kad_post_transparent":"","_kad_post_title":"","_kad_post_layout":"","_kad_post_sidebar_id":"","_kad_post_content_style":"","_kad_post_vertical_padding":"","_kad_post_feature":"","_kad_post_feature_position":"","_kad_post_header":false,"_kad_post_footer":false,"_kad_post_classname":""},"product_brand":[],"product_cat":[14937],"product_tag":[],"class_list":{"0":"post-111915","1":"product","2":"type-product","3":"status-publish","4":"has-post-thumbnail","6":"product_cat-powerbank-powerbank-2","8":"first","9":"instock","10":"purchasable","11":"product-type-simple","12":"entry","13":"content-bg","14":"loop-entry"},"_links":{"self":[{"href":"https:\/\/www.hediyepazar.com\/index.php?rest_route=\/wp\/v2\/product\/111915","targetHints":{"allow":["GET"]}}],"collection":[{"href":"https:\/\/www.hediyepazar.com\/index.php?rest_route=\/wp\/v2\/product"}],"about":[{"href":"https:\/\/www.hediyepazar.com\/index.php?rest_route=\/wp\/v2\/types\/product"}],"replies":[{"embeddable":true,"href":"https:\/\/www.hediyepazar.com\/index.php?rest_route=%2Fwp%2Fv2%2Fcomments&post=111915"}],"wp:featuredmedia":[{"embeddable":true,"href":"https:\/\/www.hediyepazar.com\/index.php?rest_route=\/wp\/v2\/media\/111914"}],"wp:attachment":[{"href":"https:\/\/www.hediyepazar.com\/index.php?rest_route=%2Fwp%2Fv2%2Fmedia&parent=111915"}],"wp:term":[{"taxonomy":"product_brand","embeddable":true,"href":"https:\/\/www.hediyepazar.com\/index.php?rest_route=%2Fwp%2Fv2%2Fproduct_brand&post=111915"},{"taxonomy":"product_cat","embeddable":true,"href":"https:\/\/www.hediyepazar.com\/index.php?rest_route=%2Fwp%2Fv2%2Fproduct_cat&post=111915"},{"taxonomy":"product_tag","embeddable":true,"href":"https:\/\/www.hediyepazar.com\/index.php?rest_route=%2Fwp%2Fv2%2Fproduct_tag&post=111915"}],"curies":[{"name":"wp","href":"https:\/\/api.w.org\/{rel}","templated":true}]}}