{"id":111939,"date":"2026-05-05T08:49:14","date_gmt":"2026-05-05T11:49:14","guid":{"rendered":"https:\/\/www.hediyepazar.com\/?product=akilli-saat-cok-fonksiyonlu-unisex-sosyal-medya-girisli-bluetooth-baglantili"},"modified":"2026-05-05T08:49:14","modified_gmt":"2026-05-05T11:49:14","slug":"akilli-saat-cok-fonksiyonlu-unisex-sosyal-medya-girisli-bluetooth-baglantili","status":"publish","type":"product","link":"https:\/\/www.hediyepazar.com\/?product=akilli-saat-cok-fonksiyonlu-unisex-sosyal-medya-girisli-bluetooth-baglantili","title":{"rendered":"Ak\u0131ll\u0131 Saat \u00c7ok Fonksiyonlu Un\u0131sex Sosyal Medya Giri\u015fli Bluetooth Ba\u011flant\u0131l\u0131"},"content":{"rendered":"<p>Fonksiyonel Ak\u0131ll\u0131 \u00d6zellikler ile Tam Kontrol Sizin ElinizdeBu model, IOS ve Android uyumlulu\u011fu sayesinde t\u00fcm ak\u0131ll\u0131 cihazlarla senkronize \u00e7al\u0131\u015f\u0131r. Bluetooth kulakl\u0131k ba\u011flant\u0131s\u0131 ile kablosuz m\u00fczik keyfi sunarken, saat \u00fczerinden arama yapma ve \u00e7a\u011fr\u0131lara cevap verme \u00f6zellikleriyle g\u00fcnl\u00fck ileti\u015fiminizi kolayla\u015ft\u0131r\u0131r. T\u00fcm sosyal medya ve mesaj bildirimleri anl\u0131k olarak saatinize d\u00fc\u015fer ve ana ekranda k\u0131rm\u0131z\u0131 bir simgeyle sizi uyar\u0131r. Siri ve Google Asistan entegrasyonu sayesinde sesli komutlarla kontrol imkan\u0131 sunar. 3 tu\u015funun aktif \u00e7al\u0131\u015fmas\u0131, \u00fc\u00e7\u00fcnc\u00fc tu\u015fa \u00f6zel g\u00f6rev atama ve kol hareket sens\u00f6r\u00fc ile ekran\u0131 a\u00e7ma gibi detaylar kullan\u0131c\u0131 dostu bir deneyim yarat\u0131r.<\/p>\n","protected":false},"excerpt":{"rendered":"<p>Fonksiyonel Ak\u0131ll\u0131 \u00d6zellikler ile Tam Kontrol Sizin ElinizdeBu model, IOS ve Android uyumlulu\u011fu sayesinde t\u00fcm ak\u0131ll\u0131 cihazlarla senkronize \u00e7al\u0131\u015f\u0131r. Bluetooth kulakl\u0131k ba\u011flant\u0131s\u0131 ile kablosuz m\u00fczik keyfi sunarken, saat \u00fczerinden arama yapma ve \u00e7a\u011fr\u0131lara cevap verme \u00f6zellikleriyle g\u00fcnl\u00fck ileti\u015fiminizi kolayla\u015ft\u0131r\u0131r. T\u00fcm sosyal medya ve mesaj bildirimleri anl\u0131k olarak saatinize d\u00fc\u015fer ve ana ekranda k\u0131rm\u0131z\u0131 bir simgeyle&#8230;<\/p>\n","protected":false},"featured_media":111938,"comment_status":"open","ping_status":"closed","template":"","meta":{"_kad_post_transparent":"","_kad_post_title":"","_kad_post_layout":"","_kad_post_sidebar_id":"","_kad_post_content_style":"","_kad_post_vertical_padding":"","_kad_post_feature":"","_kad_post_feature_position":"","_kad_post_header":false,"_kad_post_footer":false,"_kad_post_classname":""},"product_brand":[],"product_cat":[14935],"product_tag":[],"class_list":{"0":"post-111939","1":"product","2":"type-product","3":"status-publish","4":"has-post-thumbnail","6":"product_cat-akilli-saatler-akilli-saatler","8":"first","9":"instock","10":"purchasable","11":"product-type-simple","12":"entry","13":"content-bg","14":"loop-entry"},"_links":{"self":[{"href":"https:\/\/www.hediyepazar.com\/index.php?rest_route=\/wp\/v2\/product\/111939","targetHints":{"allow":["GET"]}}],"collection":[{"href":"https:\/\/www.hediyepazar.com\/index.php?rest_route=\/wp\/v2\/product"}],"about":[{"href":"https:\/\/www.hediyepazar.com\/index.php?rest_route=\/wp\/v2\/types\/product"}],"replies":[{"embeddable":true,"href":"https:\/\/www.hediyepazar.com\/index.php?rest_route=%2Fwp%2Fv2%2Fcomments&post=111939"}],"wp:featuredmedia":[{"embeddable":true,"href":"https:\/\/www.hediyepazar.com\/index.php?rest_route=\/wp\/v2\/media\/111938"}],"wp:attachment":[{"href":"https:\/\/www.hediyepazar.com\/index.php?rest_route=%2Fwp%2Fv2%2Fmedia&parent=111939"}],"wp:term":[{"taxonomy":"product_brand","embeddable":true,"href":"https:\/\/www.hediyepazar.com\/index.php?rest_route=%2Fwp%2Fv2%2Fproduct_brand&post=111939"},{"taxonomy":"product_cat","embeddable":true,"href":"https:\/\/www.hediyepazar.com\/index.php?rest_route=%2Fwp%2Fv2%2Fproduct_cat&post=111939"},{"taxonomy":"product_tag","embeddable":true,"href":"https:\/\/www.hediyepazar.com\/index.php?rest_route=%2Fwp%2Fv2%2Fproduct_tag&post=111939"}],"curies":[{"name":"wp","href":"https:\/\/api.w.org\/{rel}","templated":true}]}}