{"id":111965,"date":"2026-05-05T08:57:12","date_gmt":"2026-05-05T11:57:12","guid":{"rendered":"https:\/\/www.hediyepazar.com\/?product=kahve-ve-baharat-ogutucu-kolay-temizlenebilir-paslanmaz-celik-tasinabilir"},"modified":"2026-05-05T08:57:12","modified_gmt":"2026-05-05T11:57:12","slug":"kahve-ve-baharat-ogutucu-kolay-temizlenebilir-paslanmaz-celik-tasinabilir","status":"publish","type":"product","link":"https:\/\/www.hediyepazar.com\/?product=kahve-ve-baharat-ogutucu-kolay-temizlenebilir-paslanmaz-celik-tasinabilir","title":{"rendered":"Kahve ve Baharat \u00d6\u011f\u00fct\u00fcc\u00fc Kolay Temizlenebilir Paslanmaz \u00c7elik Ta\u015f\u0131nabilir"},"content":{"rendered":"<p>Cihaz\u0131n en dikkat \u00e7eken \u00f6zelliklerinden biri ise ayarlanabilir \u00f6\u011f\u00fctme seviyeleri sunmas\u0131d\u0131r. \u0130ster ince \u00e7ekim ile espresso haz\u0131rlay\u0131n, ister orta \u00e7ekim ile filtre kahvenizi demleyin, Lezzet Makinesi 3000 her zevke uygun \u00f6\u011f\u00fctme derecelerini destekler. Ayr\u0131ca geni\u015f i\u00e7 hacmi sayesinde tek seferde daha fazla miktarda kahve \u00e7ekirde\u011fi veya baharat \u00f6\u011f\u00fctebilir, bu da \u00f6zellikle kalabal\u0131k misafir sofralar\u0131 i\u00e7in b\u00fcy\u00fck avantaj sa\u011flar. B\u00f6ylece her zaman taze \u00f6\u011f\u00fct\u00fclm\u00fc\u015f kahve ve aromatik baharatlar\u0131n keyfini \u00e7\u0131karabilirsiniz.<\/p>\n","protected":false},"excerpt":{"rendered":"<p>Cihaz\u0131n en dikkat \u00e7eken \u00f6zelliklerinden biri ise ayarlanabilir \u00f6\u011f\u00fctme seviyeleri sunmas\u0131d\u0131r. \u0130ster ince \u00e7ekim ile espresso haz\u0131rlay\u0131n, ister orta \u00e7ekim ile filtre kahvenizi demleyin, Lezzet Makinesi 3000 her zevke uygun \u00f6\u011f\u00fctme derecelerini destekler. Ayr\u0131ca geni\u015f i\u00e7 hacmi sayesinde tek seferde daha fazla miktarda kahve \u00e7ekirde\u011fi veya baharat \u00f6\u011f\u00fctebilir, bu da \u00f6zellikle kalabal\u0131k misafir sofralar\u0131 i\u00e7in&#8230;<\/p>\n","protected":false},"featured_media":111964,"comment_status":"open","ping_status":"closed","template":"","meta":{"_kad_post_transparent":"","_kad_post_title":"","_kad_post_layout":"","_kad_post_sidebar_id":"","_kad_post_content_style":"","_kad_post_vertical_padding":"","_kad_post_feature":"","_kad_post_feature_position":"","_kad_post_header":false,"_kad_post_footer":false,"_kad_post_classname":""},"product_brand":[],"product_cat":[15016],"product_tag":[],"class_list":{"0":"post-111965","1":"product","2":"type-product","3":"status-publish","4":"has-post-thumbnail","6":"product_cat-baharat-ogutucu-baharat-ogutucu-2","8":"first","9":"instock","10":"purchasable","11":"product-type-simple","12":"entry","13":"content-bg","14":"loop-entry"},"_links":{"self":[{"href":"https:\/\/www.hediyepazar.com\/index.php?rest_route=\/wp\/v2\/product\/111965","targetHints":{"allow":["GET"]}}],"collection":[{"href":"https:\/\/www.hediyepazar.com\/index.php?rest_route=\/wp\/v2\/product"}],"about":[{"href":"https:\/\/www.hediyepazar.com\/index.php?rest_route=\/wp\/v2\/types\/product"}],"replies":[{"embeddable":true,"href":"https:\/\/www.hediyepazar.com\/index.php?rest_route=%2Fwp%2Fv2%2Fcomments&post=111965"}],"wp:featuredmedia":[{"embeddable":true,"href":"https:\/\/www.hediyepazar.com\/index.php?rest_route=\/wp\/v2\/media\/111964"}],"wp:attachment":[{"href":"https:\/\/www.hediyepazar.com\/index.php?rest_route=%2Fwp%2Fv2%2Fmedia&parent=111965"}],"wp:term":[{"taxonomy":"product_brand","embeddable":true,"href":"https:\/\/www.hediyepazar.com\/index.php?rest_route=%2Fwp%2Fv2%2Fproduct_brand&post=111965"},{"taxonomy":"product_cat","embeddable":true,"href":"https:\/\/www.hediyepazar.com\/index.php?rest_route=%2Fwp%2Fv2%2Fproduct_cat&post=111965"},{"taxonomy":"product_tag","embeddable":true,"href":"https:\/\/www.hediyepazar.com\/index.php?rest_route=%2Fwp%2Fv2%2Fproduct_tag&post=111965"}],"curies":[{"name":"wp","href":"https:\/\/api.w.org\/{rel}","templated":true}]}}