{"id":111967,"date":"2026-05-05T08:57:18","date_gmt":"2026-05-05T11:57:18","guid":{"rendered":"https:\/\/www.hediyepazar.com\/?product=yeni-nesil-kahve-ve-baharat-ogutucu-paslanmaz-celik-kahve-degirmeni"},"modified":"2026-05-05T08:57:18","modified_gmt":"2026-05-05T11:57:18","slug":"yeni-nesil-kahve-ve-baharat-ogutucu-paslanmaz-celik-kahve-degirmeni","status":"publish","type":"product","link":"https:\/\/www.hediyepazar.com\/?product=yeni-nesil-kahve-ve-baharat-ogutucu-paslanmaz-celik-kahve-degirmeni","title":{"rendered":"Yeni Nesil Kahve ve Baharat \u00d6\u011f\u00fct\u00fcc\u00fc Paslanmaz \u00c7elik Kahve De\u011firmeni"},"content":{"rendered":"<p>Lezzet Makinesi 3000, mutfa\u011f\u0131n\u0131zda h\u0131z ve verimlilik arayanlar i\u00e7in tasarlanm\u0131\u015f \u00fcst\u00fcn performansl\u0131 bir \u00f6\u011f\u00fct\u00fcc\u00fcd\u00fcr. 200 watt g\u00fcc\u00fcndeki motoru sayesinde kahve \u00e7ekirdeklerini ve \u00e7e\u015fitli baharatlar\u0131 dakikalar i\u00e7inde \u00f6\u011f\u00fctebilir. G\u00fc\u00e7l\u00fc motor yap\u0131s\u0131 ile sadece zaman kazand\u0131rmakla kalmaz, ayn\u0131 zamanda y\u00fcksek verim sa\u011flayarak g\u00fcnl\u00fck mutfak i\u015flerinizi kolayla\u015ft\u0131r\u0131r. Paslanmaz \u00e7elikten \u00fcretilen keskin b\u0131\u00e7aklar\u0131 ile uzun \u00f6m\u00fcrl\u00fc kullan\u0131m sunar. Bu dayan\u0131kl\u0131 yap\u0131, her kullan\u0131mda e\u015fit ve homojen \u00f6\u011f\u00fctme sa\u011flayarak tutarl\u0131 sonu\u00e7lar elde etmenize olanak tan\u0131r.<\/p>\n","protected":false},"excerpt":{"rendered":"<p>Lezzet Makinesi 3000, mutfa\u011f\u0131n\u0131zda h\u0131z ve verimlilik arayanlar i\u00e7in tasarlanm\u0131\u015f \u00fcst\u00fcn performansl\u0131 bir \u00f6\u011f\u00fct\u00fcc\u00fcd\u00fcr. 200 watt g\u00fcc\u00fcndeki motoru sayesinde kahve \u00e7ekirdeklerini ve \u00e7e\u015fitli baharatlar\u0131 dakikalar i\u00e7inde \u00f6\u011f\u00fctebilir. G\u00fc\u00e7l\u00fc motor yap\u0131s\u0131 ile sadece zaman kazand\u0131rmakla kalmaz, ayn\u0131 zamanda y\u00fcksek verim sa\u011flayarak g\u00fcnl\u00fck mutfak i\u015flerinizi kolayla\u015ft\u0131r\u0131r. Paslanmaz \u00e7elikten \u00fcretilen keskin b\u0131\u00e7aklar\u0131 ile uzun \u00f6m\u00fcrl\u00fc kullan\u0131m sunar. Bu&#8230;<\/p>\n","protected":false},"featured_media":111966,"comment_status":"open","ping_status":"closed","template":"","meta":{"_kad_post_transparent":"","_kad_post_title":"","_kad_post_layout":"","_kad_post_sidebar_id":"","_kad_post_content_style":"","_kad_post_vertical_padding":"","_kad_post_feature":"","_kad_post_feature_position":"","_kad_post_header":false,"_kad_post_footer":false,"_kad_post_classname":""},"product_brand":[],"product_cat":[15016],"product_tag":[],"class_list":{"0":"post-111967","1":"product","2":"type-product","3":"status-publish","4":"has-post-thumbnail","6":"product_cat-baharat-ogutucu-baharat-ogutucu-2","8":"first","9":"instock","10":"purchasable","11":"product-type-simple","12":"entry","13":"content-bg","14":"loop-entry"},"_links":{"self":[{"href":"https:\/\/www.hediyepazar.com\/index.php?rest_route=\/wp\/v2\/product\/111967","targetHints":{"allow":["GET"]}}],"collection":[{"href":"https:\/\/www.hediyepazar.com\/index.php?rest_route=\/wp\/v2\/product"}],"about":[{"href":"https:\/\/www.hediyepazar.com\/index.php?rest_route=\/wp\/v2\/types\/product"}],"replies":[{"embeddable":true,"href":"https:\/\/www.hediyepazar.com\/index.php?rest_route=%2Fwp%2Fv2%2Fcomments&post=111967"}],"wp:featuredmedia":[{"embeddable":true,"href":"https:\/\/www.hediyepazar.com\/index.php?rest_route=\/wp\/v2\/media\/111966"}],"wp:attachment":[{"href":"https:\/\/www.hediyepazar.com\/index.php?rest_route=%2Fwp%2Fv2%2Fmedia&parent=111967"}],"wp:term":[{"taxonomy":"product_brand","embeddable":true,"href":"https:\/\/www.hediyepazar.com\/index.php?rest_route=%2Fwp%2Fv2%2Fproduct_brand&post=111967"},{"taxonomy":"product_cat","embeddable":true,"href":"https:\/\/www.hediyepazar.com\/index.php?rest_route=%2Fwp%2Fv2%2Fproduct_cat&post=111967"},{"taxonomy":"product_tag","embeddable":true,"href":"https:\/\/www.hediyepazar.com\/index.php?rest_route=%2Fwp%2Fv2%2Fproduct_tag&post=111967"}],"curies":[{"name":"wp","href":"https:\/\/api.w.org\/{rel}","templated":true}]}}