{"id":111991,"date":"2026-05-05T09:04:57","date_gmt":"2026-05-05T12:04:57","guid":{"rendered":"https:\/\/www.hediyepazar.com\/?product=bluetooth-hoparlor-dinozor-yumurtasi-gece-masa-lambasi-projektor"},"modified":"2026-05-05T09:04:57","modified_gmt":"2026-05-05T12:04:57","slug":"bluetooth-hoparlor-dinozor-yumurtasi-gece-masa-lambasi-projektor","status":"publish","type":"product","link":"https:\/\/www.hediyepazar.com\/?product=bluetooth-hoparlor-dinozor-yumurtasi-gece-masa-lambasi-projektor","title":{"rendered":"Bluetooth Hoparl\u00f6r Dinozor Yumurtas\u0131 Gece Masa Lambas\u0131 Projekt\u00f6r"},"content":{"rendered":"<p>Dinazor Yumurtas\u0131 tasar\u0131m\u0131yla dikkat \u00e7eken bu \u0131\u015f\u0131k projekt\u00f6r\u00fc, sadece \u00e7ocuklar i\u00e7in de\u011fil, oturma odas\u0131nda da \u015f\u0131k bir aksesuar olarak kullan\u0131labilir. Farkl\u0131 ortamlarda rahatl\u0131kla kullan\u0131labilecek bir atmosfer yaratmak i\u00e7in ideal bir \u00fcr\u00fcnd\u00fcr. \u0130ster romantik bir ak\u015fam, ister parti, ister \u00e7ocuklarla oyun oynarken ya da film izlerken, her an\u0131 daha \u00f6zel hale getirebilir. 5W enerji t\u00fcketimi ve d\u00fc\u015f\u00fck g\u00fc\u00e7 gereksinimi ile uzun s\u00fcreli kullan\u0131m sa\u011flar. Ayr\u0131ca, USB kablosu ile \u00e7al\u0131\u015ft\u0131\u011f\u0131ndan, \u00e7e\u015fitli cihazlara ba\u011flanabilir. S\u00fcrd\u00fcr\u00fclebilir malzemelerle \u00fcretilmi\u015f olan bu \u00fcr\u00fcn, dayan\u0131kl\u0131l\u0131\u011f\u0131 ve kaliteli yap\u0131s\u0131yla uzun s\u00fcreli kullan\u0131m sunar.<\/p>\n","protected":false},"excerpt":{"rendered":"<p>Dinazor Yumurtas\u0131 tasar\u0131m\u0131yla dikkat \u00e7eken bu \u0131\u015f\u0131k projekt\u00f6r\u00fc, sadece \u00e7ocuklar i\u00e7in de\u011fil, oturma odas\u0131nda da \u015f\u0131k bir aksesuar olarak kullan\u0131labilir. Farkl\u0131 ortamlarda rahatl\u0131kla kullan\u0131labilecek bir atmosfer yaratmak i\u00e7in ideal bir \u00fcr\u00fcnd\u00fcr. \u0130ster romantik bir ak\u015fam, ister parti, ister \u00e7ocuklarla oyun oynarken ya da film izlerken, her an\u0131 daha \u00f6zel hale getirebilir. 5W enerji t\u00fcketimi ve&#8230;<\/p>\n","protected":false},"featured_media":111990,"comment_status":"open","ping_status":"closed","template":"","meta":{"_kad_post_transparent":"","_kad_post_title":"","_kad_post_layout":"","_kad_post_sidebar_id":"","_kad_post_content_style":"","_kad_post_vertical_padding":"","_kad_post_feature":"","_kad_post_feature_position":"","_kad_post_header":false,"_kad_post_footer":false,"_kad_post_classname":""},"product_brand":[],"product_cat":[14967],"product_tag":[],"class_list":{"0":"post-111991","1":"product","2":"type-product","3":"status-publish","4":"has-post-thumbnail","6":"product_cat-gece-lambasi-gece-lambasi","8":"first","9":"instock","10":"purchasable","11":"product-type-simple","12":"entry","13":"content-bg","14":"loop-entry"},"_links":{"self":[{"href":"https:\/\/www.hediyepazar.com\/index.php?rest_route=\/wp\/v2\/product\/111991","targetHints":{"allow":["GET"]}}],"collection":[{"href":"https:\/\/www.hediyepazar.com\/index.php?rest_route=\/wp\/v2\/product"}],"about":[{"href":"https:\/\/www.hediyepazar.com\/index.php?rest_route=\/wp\/v2\/types\/product"}],"replies":[{"embeddable":true,"href":"https:\/\/www.hediyepazar.com\/index.php?rest_route=%2Fwp%2Fv2%2Fcomments&post=111991"}],"wp:featuredmedia":[{"embeddable":true,"href":"https:\/\/www.hediyepazar.com\/index.php?rest_route=\/wp\/v2\/media\/111990"}],"wp:attachment":[{"href":"https:\/\/www.hediyepazar.com\/index.php?rest_route=%2Fwp%2Fv2%2Fmedia&parent=111991"}],"wp:term":[{"taxonomy":"product_brand","embeddable":true,"href":"https:\/\/www.hediyepazar.com\/index.php?rest_route=%2Fwp%2Fv2%2Fproduct_brand&post=111991"},{"taxonomy":"product_cat","embeddable":true,"href":"https:\/\/www.hediyepazar.com\/index.php?rest_route=%2Fwp%2Fv2%2Fproduct_cat&post=111991"},{"taxonomy":"product_tag","embeddable":true,"href":"https:\/\/www.hediyepazar.com\/index.php?rest_route=%2Fwp%2Fv2%2Fproduct_tag&post=111991"}],"curies":[{"name":"wp","href":"https:\/\/api.w.org\/{rel}","templated":true}]}}