{"id":111993,"date":"2026-05-05T09:05:05","date_gmt":"2026-05-05T12:05:05","guid":{"rendered":"https:\/\/www.hediyepazar.com\/?product=gece-lambasi-yumurta-isik-speaker-yeni-nesil-dinozor-yumurtasi-gorunumlu"},"modified":"2026-05-05T09:05:05","modified_gmt":"2026-05-05T12:05:05","slug":"gece-lambasi-yumurta-isik-speaker-yeni-nesil-dinozor-yumurtasi-gorunumlu","status":"publish","type":"product","link":"https:\/\/www.hediyepazar.com\/?product=gece-lambasi-yumurta-isik-speaker-yeni-nesil-dinozor-yumurtasi-gorunumlu","title":{"rendered":"Gece Lambas\u0131 Yumurta I\u015f\u0131k Speaker Yeni Nesil Dinozor Yumurtas\u0131 G\u00f6r\u00fcn\u00fcml\u00fc"},"content":{"rendered":"<p>\u00d6zelle\u015ftirilebilir I\u015f\u0131k G\u00f6sterisi ve Kolay Kullan\u0131m:Bu \u0131\u015f\u0131k projekt\u00f6r\u00fc, ki\u015fisel tercihlere g\u00f6re \u00f6zelle\u015ftirilebilen harika bir \u0131\u015f\u0131k deneyimi sunuyor. D\u00f6nen projekt\u00f6r sayesinde 7 farkl\u0131 sis t\u00fcr\u00fc olu\u015fturulabilir ve ayn\u0131 zamanda lazerle yans\u0131yan nefes kesici kayan y\u0131ld\u0131zlar ile uzay temal\u0131 bir atmosfer yaratabilirsiniz. \u00dcr\u00fcn\u00fcn uzaktan kumandas\u0131, \u0131\u015f\u0131k g\u00f6sterisini daha rahat kontrol etmenizi sa\u011flar. B\u00f6ylece sadece tek bir d\u00fc\u011fmeye basarak istedi\u011finiz g\u00f6r\u00fcnt\u00fc efektini se\u00e7ebilir, t\u00fcm g\u00f6steriyi kolayca y\u00f6netebilirsiniz. Ayr\u0131ca, \u0131\u015f\u0131k g\u00f6sterisini de\u011fi\u015ftirmek i\u00e7in projekt\u00f6r\u00fcn arkas\u0131ndaki d\u00fc\u011fmeleri kullanmak da m\u00fcmk\u00fcnd\u00fcr.<\/p>\n","protected":false},"excerpt":{"rendered":"<p>\u00d6zelle\u015ftirilebilir I\u015f\u0131k G\u00f6sterisi ve Kolay Kullan\u0131m:Bu \u0131\u015f\u0131k projekt\u00f6r\u00fc, ki\u015fisel tercihlere g\u00f6re \u00f6zelle\u015ftirilebilen harika bir \u0131\u015f\u0131k deneyimi sunuyor. D\u00f6nen projekt\u00f6r sayesinde 7 farkl\u0131 sis t\u00fcr\u00fc olu\u015fturulabilir ve ayn\u0131 zamanda lazerle yans\u0131yan nefes kesici kayan y\u0131ld\u0131zlar ile uzay temal\u0131 bir atmosfer yaratabilirsiniz. \u00dcr\u00fcn\u00fcn uzaktan kumandas\u0131, \u0131\u015f\u0131k g\u00f6sterisini daha rahat kontrol etmenizi sa\u011flar. B\u00f6ylece sadece tek bir d\u00fc\u011fmeye&#8230;<\/p>\n","protected":false},"featured_media":111992,"comment_status":"open","ping_status":"closed","template":"","meta":{"_kad_post_transparent":"","_kad_post_title":"","_kad_post_layout":"","_kad_post_sidebar_id":"","_kad_post_content_style":"","_kad_post_vertical_padding":"","_kad_post_feature":"","_kad_post_feature_position":"","_kad_post_header":false,"_kad_post_footer":false,"_kad_post_classname":""},"product_brand":[],"product_cat":[14967],"product_tag":[],"class_list":{"0":"post-111993","1":"product","2":"type-product","3":"status-publish","4":"has-post-thumbnail","6":"product_cat-gece-lambasi-gece-lambasi","8":"first","9":"instock","10":"purchasable","11":"product-type-simple","12":"entry","13":"content-bg","14":"loop-entry"},"_links":{"self":[{"href":"https:\/\/www.hediyepazar.com\/index.php?rest_route=\/wp\/v2\/product\/111993","targetHints":{"allow":["GET"]}}],"collection":[{"href":"https:\/\/www.hediyepazar.com\/index.php?rest_route=\/wp\/v2\/product"}],"about":[{"href":"https:\/\/www.hediyepazar.com\/index.php?rest_route=\/wp\/v2\/types\/product"}],"replies":[{"embeddable":true,"href":"https:\/\/www.hediyepazar.com\/index.php?rest_route=%2Fwp%2Fv2%2Fcomments&post=111993"}],"wp:featuredmedia":[{"embeddable":true,"href":"https:\/\/www.hediyepazar.com\/index.php?rest_route=\/wp\/v2\/media\/111992"}],"wp:attachment":[{"href":"https:\/\/www.hediyepazar.com\/index.php?rest_route=%2Fwp%2Fv2%2Fmedia&parent=111993"}],"wp:term":[{"taxonomy":"product_brand","embeddable":true,"href":"https:\/\/www.hediyepazar.com\/index.php?rest_route=%2Fwp%2Fv2%2Fproduct_brand&post=111993"},{"taxonomy":"product_cat","embeddable":true,"href":"https:\/\/www.hediyepazar.com\/index.php?rest_route=%2Fwp%2Fv2%2Fproduct_cat&post=111993"},{"taxonomy":"product_tag","embeddable":true,"href":"https:\/\/www.hediyepazar.com\/index.php?rest_route=%2Fwp%2Fv2%2Fproduct_tag&post=111993"}],"curies":[{"name":"wp","href":"https:\/\/api.w.org\/{rel}","templated":true}]}}