{"id":111995,"date":"2026-05-05T09:05:12","date_gmt":"2026-05-05T12:05:12","guid":{"rendered":"https:\/\/www.hediyepazar.com\/?product=yumurta-gorunumlu-masa-ve-gece-lambasi-renk-degistirebilen-projektor"},"modified":"2026-05-05T09:05:12","modified_gmt":"2026-05-05T12:05:12","slug":"yumurta-gorunumlu-masa-ve-gece-lambasi-renk-degistirebilen-projektor","status":"publish","type":"product","link":"https:\/\/www.hediyepazar.com\/?product=yumurta-gorunumlu-masa-ve-gece-lambasi-renk-degistirebilen-projektor","title":{"rendered":"Yumurta G\u00f6r\u00fcn\u00fcml\u00fc Masa ve Gece Lambas\u0131 Renk De\u011fi\u015ftirebilen Projekt\u00f6r"},"content":{"rendered":"<p>Evdeki her ortam\u0131 b\u00fcy\u00fcl\u00fc bir atmosfere d\u00f6n\u00fc\u015ft\u00fcrmek art\u0131k \u00e7ok kolay! Dinazor Yumurtas\u0131 tasar\u0131m\u0131, odan\u0131z\u0131 kocaman bir uzay alan\u0131na \u00e7evirebilmenizi sa\u011flar. Y\u0131ld\u0131zlarla dolu bir g\u00f6ky\u00fcz\u00fcne bakarak, hayal g\u00fcc\u00fcn\u00fcz\u00fc \u00f6zg\u00fcr b\u0131rakabilirsiniz. \u00dcr\u00fcn\u00fcn \u015f\u0131k ve ilgi \u00e7ekici tasar\u0131m\u0131, sadece i\u015flevsel de\u011fil, ayn\u0131 zamanda evinize g\u00f6rsel olarak da zarif bir dokunu\u015f ekler. Sadece bir d\u00fc\u011fmeye basarak, d\u00f6nen projekt\u00f6r\u00fcn sa\u011flad\u0131\u011f\u0131 7 farkl\u0131 sis t\u00fcr\u00fc ve farkl\u0131 h\u0131z ve parlakl\u0131k ayarlar\u0131yla \u0131\u015f\u0131k g\u00f6sterisinin keyfini \u00e7\u0131karabilirsiniz.<\/p>\n","protected":false},"excerpt":{"rendered":"<p>Evdeki her ortam\u0131 b\u00fcy\u00fcl\u00fc bir atmosfere d\u00f6n\u00fc\u015ft\u00fcrmek art\u0131k \u00e7ok kolay! Dinazor Yumurtas\u0131 tasar\u0131m\u0131, odan\u0131z\u0131 kocaman bir uzay alan\u0131na \u00e7evirebilmenizi sa\u011flar. Y\u0131ld\u0131zlarla dolu bir g\u00f6ky\u00fcz\u00fcne bakarak, hayal g\u00fcc\u00fcn\u00fcz\u00fc \u00f6zg\u00fcr b\u0131rakabilirsiniz. \u00dcr\u00fcn\u00fcn \u015f\u0131k ve ilgi \u00e7ekici tasar\u0131m\u0131, sadece i\u015flevsel de\u011fil, ayn\u0131 zamanda evinize g\u00f6rsel olarak da zarif bir dokunu\u015f ekler. Sadece bir d\u00fc\u011fmeye basarak, d\u00f6nen projekt\u00f6r\u00fcn sa\u011flad\u0131\u011f\u0131&#8230;<\/p>\n","protected":false},"featured_media":111994,"comment_status":"open","ping_status":"closed","template":"","meta":{"_kad_post_transparent":"","_kad_post_title":"","_kad_post_layout":"","_kad_post_sidebar_id":"","_kad_post_content_style":"","_kad_post_vertical_padding":"","_kad_post_feature":"","_kad_post_feature_position":"","_kad_post_header":false,"_kad_post_footer":false,"_kad_post_classname":""},"product_brand":[],"product_cat":[14967],"product_tag":[],"class_list":{"0":"post-111995","1":"product","2":"type-product","3":"status-publish","4":"has-post-thumbnail","6":"product_cat-gece-lambasi-gece-lambasi","8":"first","9":"instock","10":"purchasable","11":"product-type-simple","12":"entry","13":"content-bg","14":"loop-entry"},"_links":{"self":[{"href":"https:\/\/www.hediyepazar.com\/index.php?rest_route=\/wp\/v2\/product\/111995","targetHints":{"allow":["GET"]}}],"collection":[{"href":"https:\/\/www.hediyepazar.com\/index.php?rest_route=\/wp\/v2\/product"}],"about":[{"href":"https:\/\/www.hediyepazar.com\/index.php?rest_route=\/wp\/v2\/types\/product"}],"replies":[{"embeddable":true,"href":"https:\/\/www.hediyepazar.com\/index.php?rest_route=%2Fwp%2Fv2%2Fcomments&post=111995"}],"wp:featuredmedia":[{"embeddable":true,"href":"https:\/\/www.hediyepazar.com\/index.php?rest_route=\/wp\/v2\/media\/111994"}],"wp:attachment":[{"href":"https:\/\/www.hediyepazar.com\/index.php?rest_route=%2Fwp%2Fv2%2Fmedia&parent=111995"}],"wp:term":[{"taxonomy":"product_brand","embeddable":true,"href":"https:\/\/www.hediyepazar.com\/index.php?rest_route=%2Fwp%2Fv2%2Fproduct_brand&post=111995"},{"taxonomy":"product_cat","embeddable":true,"href":"https:\/\/www.hediyepazar.com\/index.php?rest_route=%2Fwp%2Fv2%2Fproduct_cat&post=111995"},{"taxonomy":"product_tag","embeddable":true,"href":"https:\/\/www.hediyepazar.com\/index.php?rest_route=%2Fwp%2Fv2%2Fproduct_tag&post=111995"}],"curies":[{"name":"wp","href":"https:\/\/api.w.org\/{rel}","templated":true}]}}