{"id":112005,"date":"2026-05-05T09:07:22","date_gmt":"2026-05-05T12:07:22","guid":{"rendered":"https:\/\/www.hediyepazar.com\/?product=beyaz-android-ve-ios-uyumlu-yuksek-performansli-uzun-pil-omru"},"modified":"2026-05-05T09:07:22","modified_gmt":"2026-05-05T12:07:22","slug":"beyaz-android-ve-ios-uyumlu-yuksek-performansli-uzun-pil-omru","status":"publish","type":"product","link":"https:\/\/www.hediyepazar.com\/?product=beyaz-android-ve-ios-uyumlu-yuksek-performansli-uzun-pil-omru","title":{"rendered":"Beyaz Android ve \u0130OS Uyumlu Y\u00fcksek Performansl\u0131 Uzun Pil \u00d6mr\u00fc"},"content":{"rendered":"<p>Konforlu Kullan\u0131m ve Kablosuz \u015earj \u0130mkan\u0131:Silikonlu ucu sayesinde kulakl\u0131k, kulak bo\u015flu\u011funda rahat\u00e7a yerle\u015fir ve uzun s\u00fcreli kullan\u0131mlarda rahats\u0131zl\u0131k vermez. Ayr\u0131ca, kulakl\u0131klar\u0131n \u015farj\u0131 bitti\u011finde, \u015farj i\u00e7in ayr\u0131 bir kabloya gerek kalmaz. Kulakl\u0131k, powerbank g\u00f6revi g\u00f6rebilen saklama kutusu ile kablosuz olarak \u015farj edilebilir. Bu sayede, kulakl\u0131klar\u0131n\u0131z her zaman haz\u0131r ve tam \u015farjl\u0131 olur, g\u00fcn boyu kesintisiz m\u00fczik ve ileti\u015fim deneyimi sa\u011flar. 5.0 Bluetooth s\u00fcr\u00fcm\u00fc sayesinde, ba\u011flant\u0131 h\u0131zlar\u0131 h\u0131zl\u0131 ve kesintisizdir.<\/p>\n","protected":false},"excerpt":{"rendered":"<p>Konforlu Kullan\u0131m ve Kablosuz \u015earj \u0130mkan\u0131:Silikonlu ucu sayesinde kulakl\u0131k, kulak bo\u015flu\u011funda rahat\u00e7a yerle\u015fir ve uzun s\u00fcreli kullan\u0131mlarda rahats\u0131zl\u0131k vermez. Ayr\u0131ca, kulakl\u0131klar\u0131n \u015farj\u0131 bitti\u011finde, \u015farj i\u00e7in ayr\u0131 bir kabloya gerek kalmaz. Kulakl\u0131k, powerbank g\u00f6revi g\u00f6rebilen saklama kutusu ile kablosuz olarak \u015farj edilebilir. Bu sayede, kulakl\u0131klar\u0131n\u0131z her zaman haz\u0131r ve tam \u015farjl\u0131 olur, g\u00fcn boyu kesintisiz m\u00fczik&#8230;<\/p>\n","protected":false},"featured_media":112004,"comment_status":"open","ping_status":"closed","template":"","meta":{"_kad_post_transparent":"","_kad_post_title":"","_kad_post_layout":"","_kad_post_sidebar_id":"","_kad_post_content_style":"","_kad_post_vertical_padding":"","_kad_post_feature":"","_kad_post_feature_position":"","_kad_post_header":false,"_kad_post_footer":false,"_kad_post_classname":""},"product_brand":[],"product_cat":[14957],"product_tag":[],"class_list":{"0":"post-112005","1":"product","2":"type-product","3":"status-publish","4":"has-post-thumbnail","6":"product_cat-kablosuz-kulaklik-kablosuz-kulaklik","8":"first","9":"instock","10":"purchasable","11":"product-type-simple","12":"entry","13":"content-bg","14":"loop-entry"},"_links":{"self":[{"href":"https:\/\/www.hediyepazar.com\/index.php?rest_route=\/wp\/v2\/product\/112005","targetHints":{"allow":["GET"]}}],"collection":[{"href":"https:\/\/www.hediyepazar.com\/index.php?rest_route=\/wp\/v2\/product"}],"about":[{"href":"https:\/\/www.hediyepazar.com\/index.php?rest_route=\/wp\/v2\/types\/product"}],"replies":[{"embeddable":true,"href":"https:\/\/www.hediyepazar.com\/index.php?rest_route=%2Fwp%2Fv2%2Fcomments&post=112005"}],"wp:featuredmedia":[{"embeddable":true,"href":"https:\/\/www.hediyepazar.com\/index.php?rest_route=\/wp\/v2\/media\/112004"}],"wp:attachment":[{"href":"https:\/\/www.hediyepazar.com\/index.php?rest_route=%2Fwp%2Fv2%2Fmedia&parent=112005"}],"wp:term":[{"taxonomy":"product_brand","embeddable":true,"href":"https:\/\/www.hediyepazar.com\/index.php?rest_route=%2Fwp%2Fv2%2Fproduct_brand&post=112005"},{"taxonomy":"product_cat","embeddable":true,"href":"https:\/\/www.hediyepazar.com\/index.php?rest_route=%2Fwp%2Fv2%2Fproduct_cat&post=112005"},{"taxonomy":"product_tag","embeddable":true,"href":"https:\/\/www.hediyepazar.com\/index.php?rest_route=%2Fwp%2Fv2%2Fproduct_tag&post=112005"}],"curies":[{"name":"wp","href":"https:\/\/api.w.org\/{rel}","templated":true}]}}