{"id":112009,"date":"2026-05-05T09:07:32","date_gmt":"2026-05-05T12:07:32","guid":{"rendered":"https:\/\/www.hediyepazar.com\/?product=vakumlu-arac-ici-supurge-tasinabilir-pratik-sarjli-temizlenebilir"},"modified":"2026-05-05T09:07:32","modified_gmt":"2026-05-05T12:07:32","slug":"vakumlu-arac-ici-supurge-tasinabilir-pratik-sarjli-temizlenebilir","status":"publish","type":"product","link":"https:\/\/www.hediyepazar.com\/?product=vakumlu-arac-ici-supurge-tasinabilir-pratik-sarjli-temizlenebilir","title":{"rendered":"Vakumlu Ara\u00e7 \u0130\u00e7i S\u00fcp\u00fcrge Ta\u015f\u0131nabilir Pratik \u015earjl\u0131 Temizlenebilir"},"content":{"rendered":"<p>Bu elektrikli s\u00fcp\u00fcrgenin HEPA filtresi, hem \u0131slak hem de kuru temizlik i\u00e7in uygundur ve yeniden kullan\u0131labilir \u015fekilde tasarlanm\u0131\u015ft\u0131r. Temizlik sonras\u0131 filtresini y\u0131kayarak uzun s\u00fcre boyunca y\u00fcksek emi\u015f g\u00fcc\u00fcn\u00fc koruyabilirsiniz. \u00c7\u0131kar\u0131labilir toz haznesi, at\u0131klar\u0131 kolayca bo\u015faltman\u0131z\u0131 sa\u011flar, b\u00f6ylece temizli\u011fi daha h\u0131zl\u0131 ve hijyenik bir \u015fekilde tamamlayabilirsiniz. Y\u0131kanabilir filtreler sayesinde s\u00fcp\u00fcrgeniz her zaman taze ve g\u00fc\u00e7l\u00fc \u00e7al\u0131\u015f\u0131r, uzun \u00f6m\u00fcrl\u00fc bir kullan\u0131m deneyimi sunar.<\/p>\n","protected":false},"excerpt":{"rendered":"<p>Bu elektrikli s\u00fcp\u00fcrgenin HEPA filtresi, hem \u0131slak hem de kuru temizlik i\u00e7in uygundur ve yeniden kullan\u0131labilir \u015fekilde tasarlanm\u0131\u015ft\u0131r. Temizlik sonras\u0131 filtresini y\u0131kayarak uzun s\u00fcre boyunca y\u00fcksek emi\u015f g\u00fcc\u00fcn\u00fc koruyabilirsiniz. \u00c7\u0131kar\u0131labilir toz haznesi, at\u0131klar\u0131 kolayca bo\u015faltman\u0131z\u0131 sa\u011flar, b\u00f6ylece temizli\u011fi daha h\u0131zl\u0131 ve hijyenik bir \u015fekilde tamamlayabilirsiniz. Y\u0131kanabilir filtreler sayesinde s\u00fcp\u00fcrgeniz her zaman taze ve g\u00fc\u00e7l\u00fc \u00e7al\u0131\u015f\u0131r,&#8230;<\/p>\n","protected":false},"featured_media":112008,"comment_status":"open","ping_status":"closed","template":"","meta":{"_kad_post_transparent":"","_kad_post_title":"","_kad_post_layout":"","_kad_post_sidebar_id":"","_kad_post_content_style":"","_kad_post_vertical_padding":"","_kad_post_feature":"","_kad_post_feature_position":"","_kad_post_header":false,"_kad_post_footer":false,"_kad_post_classname":""},"product_brand":[],"product_cat":[14998],"product_tag":[],"class_list":{"0":"post-112009","1":"product","2":"type-product","3":"status-publish","4":"has-post-thumbnail","6":"product_cat-arac-ici-supurge-arac-ici-supurge","8":"first","9":"instock","10":"purchasable","11":"product-type-simple","12":"entry","13":"content-bg","14":"loop-entry"},"_links":{"self":[{"href":"https:\/\/www.hediyepazar.com\/index.php?rest_route=\/wp\/v2\/product\/112009","targetHints":{"allow":["GET"]}}],"collection":[{"href":"https:\/\/www.hediyepazar.com\/index.php?rest_route=\/wp\/v2\/product"}],"about":[{"href":"https:\/\/www.hediyepazar.com\/index.php?rest_route=\/wp\/v2\/types\/product"}],"replies":[{"embeddable":true,"href":"https:\/\/www.hediyepazar.com\/index.php?rest_route=%2Fwp%2Fv2%2Fcomments&post=112009"}],"wp:featuredmedia":[{"embeddable":true,"href":"https:\/\/www.hediyepazar.com\/index.php?rest_route=\/wp\/v2\/media\/112008"}],"wp:attachment":[{"href":"https:\/\/www.hediyepazar.com\/index.php?rest_route=%2Fwp%2Fv2%2Fmedia&parent=112009"}],"wp:term":[{"taxonomy":"product_brand","embeddable":true,"href":"https:\/\/www.hediyepazar.com\/index.php?rest_route=%2Fwp%2Fv2%2Fproduct_brand&post=112009"},{"taxonomy":"product_cat","embeddable":true,"href":"https:\/\/www.hediyepazar.com\/index.php?rest_route=%2Fwp%2Fv2%2Fproduct_cat&post=112009"},{"taxonomy":"product_tag","embeddable":true,"href":"https:\/\/www.hediyepazar.com\/index.php?rest_route=%2Fwp%2Fv2%2Fproduct_tag&post=112009"}],"curies":[{"name":"wp","href":"https:\/\/api.w.org\/{rel}","templated":true}]}}