{"id":112011,"date":"2026-05-05T09:07:37","date_gmt":"2026-05-05T12:07:37","guid":{"rendered":"https:\/\/www.hediyepazar.com\/?product=yeni-nesil-mini-vakumlu-arac-supurgesi-el-supurgesi-sarjli"},"modified":"2026-05-05T09:07:37","modified_gmt":"2026-05-05T12:07:37","slug":"yeni-nesil-mini-vakumlu-arac-supurgesi-el-supurgesi-sarjli","status":"publish","type":"product","link":"https:\/\/www.hediyepazar.com\/?product=yeni-nesil-mini-vakumlu-arac-supurgesi-el-supurgesi-sarjli","title":{"rendered":"Yeni Nesil Mini Vakumlu Ara\u00e7 S\u00fcp\u00fcrgesi El S\u00fcp\u00fcrgesi \u015earjl\u0131"},"content":{"rendered":"<p>Kullan\u0131m\u0131 Kolay ve G\u00fcvenilir Tasar\u0131m:C tipi veri kablosu ile \u015farj edilen bu mini elektrikli s\u00fcp\u00fcrge, \u015farj durumunu g\u00f6steren ye\u015fil \u0131\u015f\u0131kla donat\u0131lm\u0131\u015ft\u0131r, b\u00f6ylece her zaman cihaz\u0131n\u0131z\u0131n ne kadar \u015farj\u0131 kald\u0131\u011f\u0131n\u0131 bilirsiniz. 4000mAh pil kapasitesine sahip s\u00fcp\u00fcrge, tamamen \u015farj oldu\u011funda 40 dakika y\u00fcksek emi\u015f, 50 dakika ise d\u00fc\u015f\u00fck emi\u015f s\u00fcresi sunar. USB \u00fczerinden kolayca \u015farj edilebilmesi sayesinde cihaz\u0131 neredeyse her yerde kullanabilirsiniz. Ayr\u0131ca, g\u00fc\u00e7 hat\u0131rlatma sistemi, pilinizin azald\u0131\u011f\u0131n\u0131 bildirerek zaman\u0131nda \u015farj etmenize olanak tan\u0131r.<\/p>\n","protected":false},"excerpt":{"rendered":"<p>Kullan\u0131m\u0131 Kolay ve G\u00fcvenilir Tasar\u0131m:C tipi veri kablosu ile \u015farj edilen bu mini elektrikli s\u00fcp\u00fcrge, \u015farj durumunu g\u00f6steren ye\u015fil \u0131\u015f\u0131kla donat\u0131lm\u0131\u015ft\u0131r, b\u00f6ylece her zaman cihaz\u0131n\u0131z\u0131n ne kadar \u015farj\u0131 kald\u0131\u011f\u0131n\u0131 bilirsiniz. 4000mAh pil kapasitesine sahip s\u00fcp\u00fcrge, tamamen \u015farj oldu\u011funda 40 dakika y\u00fcksek emi\u015f, 50 dakika ise d\u00fc\u015f\u00fck emi\u015f s\u00fcresi sunar. USB \u00fczerinden kolayca \u015farj edilebilmesi sayesinde&#8230;<\/p>\n","protected":false},"featured_media":112010,"comment_status":"open","ping_status":"closed","template":"","meta":{"_kad_post_transparent":"","_kad_post_title":"","_kad_post_layout":"","_kad_post_sidebar_id":"","_kad_post_content_style":"","_kad_post_vertical_padding":"","_kad_post_feature":"","_kad_post_feature_position":"","_kad_post_header":false,"_kad_post_footer":false,"_kad_post_classname":""},"product_brand":[],"product_cat":[14998],"product_tag":[],"class_list":{"0":"post-112011","1":"product","2":"type-product","3":"status-publish","4":"has-post-thumbnail","6":"product_cat-arac-ici-supurge-arac-ici-supurge","8":"first","9":"instock","10":"purchasable","11":"product-type-simple","12":"entry","13":"content-bg","14":"loop-entry"},"_links":{"self":[{"href":"https:\/\/www.hediyepazar.com\/index.php?rest_route=\/wp\/v2\/product\/112011","targetHints":{"allow":["GET"]}}],"collection":[{"href":"https:\/\/www.hediyepazar.com\/index.php?rest_route=\/wp\/v2\/product"}],"about":[{"href":"https:\/\/www.hediyepazar.com\/index.php?rest_route=\/wp\/v2\/types\/product"}],"replies":[{"embeddable":true,"href":"https:\/\/www.hediyepazar.com\/index.php?rest_route=%2Fwp%2Fv2%2Fcomments&post=112011"}],"wp:featuredmedia":[{"embeddable":true,"href":"https:\/\/www.hediyepazar.com\/index.php?rest_route=\/wp\/v2\/media\/112010"}],"wp:attachment":[{"href":"https:\/\/www.hediyepazar.com\/index.php?rest_route=%2Fwp%2Fv2%2Fmedia&parent=112011"}],"wp:term":[{"taxonomy":"product_brand","embeddable":true,"href":"https:\/\/www.hediyepazar.com\/index.php?rest_route=%2Fwp%2Fv2%2Fproduct_brand&post=112011"},{"taxonomy":"product_cat","embeddable":true,"href":"https:\/\/www.hediyepazar.com\/index.php?rest_route=%2Fwp%2Fv2%2Fproduct_cat&post=112011"},{"taxonomy":"product_tag","embeddable":true,"href":"https:\/\/www.hediyepazar.com\/index.php?rest_route=%2Fwp%2Fv2%2Fproduct_tag&post=112011"}],"curies":[{"name":"wp","href":"https:\/\/api.w.org\/{rel}","templated":true}]}}