{"id":112013,"date":"2026-05-05T09:07:41","date_gmt":"2026-05-05T12:07:41","guid":{"rendered":"https:\/\/www.hediyepazar.com\/?product=arac-ici-supurge-kablosuz-sarjli-elektrikli-supurge-elde-tasinabilir"},"modified":"2026-05-05T09:07:41","modified_gmt":"2026-05-05T12:07:41","slug":"arac-ici-supurge-kablosuz-sarjli-elektrikli-supurge-elde-tasinabilir","status":"publish","type":"product","link":"https:\/\/www.hediyepazar.com\/?product=arac-ici-supurge-kablosuz-sarjli-elektrikli-supurge-elde-tasinabilir","title":{"rendered":"Ara\u00e7 \u0130\u00e7i S\u00fcp\u00fcrge Kablosuz \u015earjl\u0131 Elektrikli S\u00fcp\u00fcrge Elde Ta\u015f\u0131nabilir"},"content":{"rendered":"<p>\u00c7ok Fonksiyonlu ve G\u00fc\u00e7l\u00fc Temizlik Performans\u0131:3&#8217;\u00fc 1 Arada Mini Elektrikli S\u00fcp\u00fcrge, g\u00fc\u00e7l\u00fc emi\u015f g\u00fcc\u00fcyle her t\u00fcrl\u00fc temizlik i\u015fini kolayca halleder. Hem vakumlama, hem \u00fcfleme hem de pompalama i\u015flevini bir arada sunarak, bilgisayar klavyeleri, ana bilgisayarlar gibi zor ula\u015f\u0131lan b\u00f6lgelerden kanepelere ve koltuklara kadar geni\u015f bir alan\u0131 temizler. 6000Pa g\u00fc\u00e7l\u00fc emi\u015f g\u00fcc\u00fc, evcil hayvan t\u00fcylerinden k\u00fc\u00e7\u00fck toz ve kir par\u00e7ac\u0131klar\u0131na kadar her t\u00fcrl\u00fc kiri zahmetsizce temizler. Y\u00fcksek performans\u0131 sayesinde t\u00fcm g\u00fcnl\u00fck temizlik ihtiya\u00e7lar\u0131n\u0131 kar\u015f\u0131lar.<\/p>\n","protected":false},"excerpt":{"rendered":"<p>\u00c7ok Fonksiyonlu ve G\u00fc\u00e7l\u00fc Temizlik Performans\u0131:3&#8217;\u00fc 1 Arada Mini Elektrikli S\u00fcp\u00fcrge, g\u00fc\u00e7l\u00fc emi\u015f g\u00fcc\u00fcyle her t\u00fcrl\u00fc temizlik i\u015fini kolayca halleder. Hem vakumlama, hem \u00fcfleme hem de pompalama i\u015flevini bir arada sunarak, bilgisayar klavyeleri, ana bilgisayarlar gibi zor ula\u015f\u0131lan b\u00f6lgelerden kanepelere ve koltuklara kadar geni\u015f bir alan\u0131 temizler. 6000Pa g\u00fc\u00e7l\u00fc emi\u015f g\u00fcc\u00fc, evcil hayvan t\u00fcylerinden k\u00fc\u00e7\u00fck&#8230;<\/p>\n","protected":false},"featured_media":112012,"comment_status":"open","ping_status":"closed","template":"","meta":{"_kad_post_transparent":"","_kad_post_title":"","_kad_post_layout":"","_kad_post_sidebar_id":"","_kad_post_content_style":"","_kad_post_vertical_padding":"","_kad_post_feature":"","_kad_post_feature_position":"","_kad_post_header":false,"_kad_post_footer":false,"_kad_post_classname":""},"product_brand":[],"product_cat":[14998],"product_tag":[],"class_list":{"0":"post-112013","1":"product","2":"type-product","3":"status-publish","4":"has-post-thumbnail","6":"product_cat-arac-ici-supurge-arac-ici-supurge","8":"first","9":"instock","10":"purchasable","11":"product-type-simple","12":"entry","13":"content-bg","14":"loop-entry"},"_links":{"self":[{"href":"https:\/\/www.hediyepazar.com\/index.php?rest_route=\/wp\/v2\/product\/112013","targetHints":{"allow":["GET"]}}],"collection":[{"href":"https:\/\/www.hediyepazar.com\/index.php?rest_route=\/wp\/v2\/product"}],"about":[{"href":"https:\/\/www.hediyepazar.com\/index.php?rest_route=\/wp\/v2\/types\/product"}],"replies":[{"embeddable":true,"href":"https:\/\/www.hediyepazar.com\/index.php?rest_route=%2Fwp%2Fv2%2Fcomments&post=112013"}],"wp:featuredmedia":[{"embeddable":true,"href":"https:\/\/www.hediyepazar.com\/index.php?rest_route=\/wp\/v2\/media\/112012"}],"wp:attachment":[{"href":"https:\/\/www.hediyepazar.com\/index.php?rest_route=%2Fwp%2Fv2%2Fmedia&parent=112013"}],"wp:term":[{"taxonomy":"product_brand","embeddable":true,"href":"https:\/\/www.hediyepazar.com\/index.php?rest_route=%2Fwp%2Fv2%2Fproduct_brand&post=112013"},{"taxonomy":"product_cat","embeddable":true,"href":"https:\/\/www.hediyepazar.com\/index.php?rest_route=%2Fwp%2Fv2%2Fproduct_cat&post=112013"},{"taxonomy":"product_tag","embeddable":true,"href":"https:\/\/www.hediyepazar.com\/index.php?rest_route=%2Fwp%2Fv2%2Fproduct_tag&post=112013"}],"curies":[{"name":"wp","href":"https:\/\/api.w.org\/{rel}","templated":true}]}}