{"id":112019,"date":"2026-05-05T09:08:43","date_gmt":"2026-05-05T12:08:43","guid":{"rendered":"https:\/\/www.hediyepazar.com\/?product=tum-cihazlara-uyumlu-bluetooth-aux-arac-kiti-siyah"},"modified":"2026-05-05T09:08:43","modified_gmt":"2026-05-05T12:08:43","slug":"tum-cihazlara-uyumlu-bluetooth-aux-arac-kiti-siyah","status":"publish","type":"product","link":"https:\/\/www.hediyepazar.com\/?product=tum-cihazlara-uyumlu-bluetooth-aux-arac-kiti-siyah","title":{"rendered":"T\u00fcm Cihazlara Uyumlu Bluetooth Aux Ara\u00e7 Kiti Siyah"},"content":{"rendered":"<p>Kablosuz M\u00fczik Keyfi Art\u0131k Daha Kolay:Bu pratik Bluetooth AUX ara\u00e7 kiti sayesinde telefonunuzdaki m\u00fczikleri kablosuz bir \u015fekilde arac\u0131n\u0131z\u0131n ses sistemine aktarabilirsiniz. Sadece bir kez e\u015fle\u015ftirme yapman\u0131z yeterlidir; cihaz, sonras\u0131nda otomatik olarak ba\u011flant\u0131 kurar. 3.5mm AUX giri\u015fine sahip her cihazla uyumlu \u00e7al\u0131\u015f\u0131r, b\u00f6ylece yaln\u0131zca araban\u0131zda de\u011fil, evde veya ofiste de m\u00fczik keyfini kablosuz olarak s\u00fcrd\u00fcrebilirsiniz. Kompakt yap\u0131s\u0131 sayesinde ta\u015f\u0131mas\u0131 ve kullan\u0131m\u0131 olduk\u00e7a kolayd\u0131r.<\/p>\n","protected":false},"excerpt":{"rendered":"<p>Kablosuz M\u00fczik Keyfi Art\u0131k Daha Kolay:Bu pratik Bluetooth AUX ara\u00e7 kiti sayesinde telefonunuzdaki m\u00fczikleri kablosuz bir \u015fekilde arac\u0131n\u0131z\u0131n ses sistemine aktarabilirsiniz. Sadece bir kez e\u015fle\u015ftirme yapman\u0131z yeterlidir; cihaz, sonras\u0131nda otomatik olarak ba\u011flant\u0131 kurar. 3.5mm AUX giri\u015fine sahip her cihazla uyumlu \u00e7al\u0131\u015f\u0131r, b\u00f6ylece yaln\u0131zca araban\u0131zda de\u011fil, evde veya ofiste de m\u00fczik keyfini kablosuz olarak s\u00fcrd\u00fcrebilirsiniz. Kompakt&#8230;<\/p>\n","protected":false},"featured_media":112018,"comment_status":"open","ping_status":"closed","template":"","meta":{"_kad_post_transparent":"","_kad_post_title":"","_kad_post_layout":"","_kad_post_sidebar_id":"","_kad_post_content_style":"","_kad_post_vertical_padding":"","_kad_post_feature":"","_kad_post_feature_position":"","_kad_post_header":false,"_kad_post_footer":false,"_kad_post_classname":""},"product_brand":[],"product_cat":[15020],"product_tag":[],"class_list":{"0":"post-112019","1":"product","2":"type-product","3":"status-publish","4":"has-post-thumbnail","6":"product_cat-bluetooth-arac-kiti-bluetooth-arac-kiti","8":"first","9":"instock","10":"purchasable","11":"product-type-simple","12":"entry","13":"content-bg","14":"loop-entry"},"_links":{"self":[{"href":"https:\/\/www.hediyepazar.com\/index.php?rest_route=\/wp\/v2\/product\/112019","targetHints":{"allow":["GET"]}}],"collection":[{"href":"https:\/\/www.hediyepazar.com\/index.php?rest_route=\/wp\/v2\/product"}],"about":[{"href":"https:\/\/www.hediyepazar.com\/index.php?rest_route=\/wp\/v2\/types\/product"}],"replies":[{"embeddable":true,"href":"https:\/\/www.hediyepazar.com\/index.php?rest_route=%2Fwp%2Fv2%2Fcomments&post=112019"}],"wp:featuredmedia":[{"embeddable":true,"href":"https:\/\/www.hediyepazar.com\/index.php?rest_route=\/wp\/v2\/media\/112018"}],"wp:attachment":[{"href":"https:\/\/www.hediyepazar.com\/index.php?rest_route=%2Fwp%2Fv2%2Fmedia&parent=112019"}],"wp:term":[{"taxonomy":"product_brand","embeddable":true,"href":"https:\/\/www.hediyepazar.com\/index.php?rest_route=%2Fwp%2Fv2%2Fproduct_brand&post=112019"},{"taxonomy":"product_cat","embeddable":true,"href":"https:\/\/www.hediyepazar.com\/index.php?rest_route=%2Fwp%2Fv2%2Fproduct_cat&post=112019"},{"taxonomy":"product_tag","embeddable":true,"href":"https:\/\/www.hediyepazar.com\/index.php?rest_route=%2Fwp%2Fv2%2Fproduct_tag&post=112019"}],"curies":[{"name":"wp","href":"https:\/\/api.w.org\/{rel}","templated":true}]}}