{"id":112023,"date":"2026-05-05T09:08:57","date_gmt":"2026-05-05T12:08:57","guid":{"rendered":"https:\/\/www.hediyepazar.com\/?product=joystik-gamepad-bluetooth-telefon-tutucu-oyun-kolu-telefon-android-uyumlu"},"modified":"2026-05-05T09:08:57","modified_gmt":"2026-05-05T12:08:57","slug":"joystik-gamepad-bluetooth-telefon-tutucu-oyun-kolu-telefon-android-uyumlu","status":"publish","type":"product","link":"https:\/\/www.hediyepazar.com\/?product=joystik-gamepad-bluetooth-telefon-tutucu-oyun-kolu-telefon-android-uyumlu","title":{"rendered":"Joystik Gamepad Bluetooth Telefon Tutucu Oyun Kolu Telefon Android Uyumlu"},"content":{"rendered":"<p>Gamepad, telefonlar \u00fczerinden joystick deste\u011fi olan t\u00fcm oyunlarla uyumludur. Telefonlar i\u00e7in \u00f6zel olarak tasarlanm\u0131\u015f tutaca\u011f\u0131 sayesinde cihaz\u0131n\u0131z\u0131 sabitleyebilir, diledi\u011finiz her yerde rahatl\u0131kla oyun oynayabilirsiniz.10 saatten fazla \u015farj s\u00fcresiyle uzun s\u00fcreli oyun oturumlar\u0131 i\u00e7in idealdir. G\u00fcnl\u00fck kullan\u0131mda \u015farj derdi olmadan oyun keyfini s\u00fcrd\u00fcrebilirsiniz. Kutu i\u00e7eri\u011finde yer alan \u015farj kablosu ile cihaz\u0131n\u0131z\u0131 h\u0131zl\u0131ca tekrar kullan\u0131ma haz\u0131r hale getirebilir, kesintisiz e\u011flenceye devam edebilirsiniz. Kutu i\u00e7eri\u011finde 1 adet gamepad, 1 \u015farj kablosu, 1 telefon tutaca\u011f\u0131 ve detayl\u0131 bir kullan\u0131m k\u0131lavuzu bulunmaktad\u0131r. Bu sayede \u00fcr\u00fcn, kutusundan \u00e7\u0131kar \u00e7\u0131kmaz hemen kullan\u0131labilir.<\/p>\n","protected":false},"excerpt":{"rendered":"<p>Gamepad, telefonlar \u00fczerinden joystick deste\u011fi olan t\u00fcm oyunlarla uyumludur. Telefonlar i\u00e7in \u00f6zel olarak tasarlanm\u0131\u015f tutaca\u011f\u0131 sayesinde cihaz\u0131n\u0131z\u0131 sabitleyebilir, diledi\u011finiz her yerde rahatl\u0131kla oyun oynayabilirsiniz.10 saatten fazla \u015farj s\u00fcresiyle uzun s\u00fcreli oyun oturumlar\u0131 i\u00e7in idealdir. G\u00fcnl\u00fck kullan\u0131mda \u015farj derdi olmadan oyun keyfini s\u00fcrd\u00fcrebilirsiniz. Kutu i\u00e7eri\u011finde yer alan \u015farj kablosu ile cihaz\u0131n\u0131z\u0131 h\u0131zl\u0131ca tekrar kullan\u0131ma haz\u0131r hale&#8230;<\/p>\n","protected":false},"featured_media":112022,"comment_status":"open","ping_status":"closed","template":"","meta":{"_kad_post_transparent":"","_kad_post_title":"","_kad_post_layout":"","_kad_post_sidebar_id":"","_kad_post_content_style":"","_kad_post_vertical_padding":"","_kad_post_feature":"","_kad_post_feature_position":"","_kad_post_header":false,"_kad_post_footer":false,"_kad_post_classname":""},"product_brand":[],"product_cat":[14961],"product_tag":[],"class_list":{"0":"post-112023","1":"product","2":"type-product","3":"status-publish","4":"has-post-thumbnail","6":"product_cat-oyun-konsolu-oyun-konsolu","8":"first","9":"instock","10":"purchasable","11":"product-type-simple","12":"entry","13":"content-bg","14":"loop-entry"},"_links":{"self":[{"href":"https:\/\/www.hediyepazar.com\/index.php?rest_route=\/wp\/v2\/product\/112023","targetHints":{"allow":["GET"]}}],"collection":[{"href":"https:\/\/www.hediyepazar.com\/index.php?rest_route=\/wp\/v2\/product"}],"about":[{"href":"https:\/\/www.hediyepazar.com\/index.php?rest_route=\/wp\/v2\/types\/product"}],"replies":[{"embeddable":true,"href":"https:\/\/www.hediyepazar.com\/index.php?rest_route=%2Fwp%2Fv2%2Fcomments&post=112023"}],"wp:featuredmedia":[{"embeddable":true,"href":"https:\/\/www.hediyepazar.com\/index.php?rest_route=\/wp\/v2\/media\/112022"}],"wp:attachment":[{"href":"https:\/\/www.hediyepazar.com\/index.php?rest_route=%2Fwp%2Fv2%2Fmedia&parent=112023"}],"wp:term":[{"taxonomy":"product_brand","embeddable":true,"href":"https:\/\/www.hediyepazar.com\/index.php?rest_route=%2Fwp%2Fv2%2Fproduct_brand&post=112023"},{"taxonomy":"product_cat","embeddable":true,"href":"https:\/\/www.hediyepazar.com\/index.php?rest_route=%2Fwp%2Fv2%2Fproduct_cat&post=112023"},{"taxonomy":"product_tag","embeddable":true,"href":"https:\/\/www.hediyepazar.com\/index.php?rest_route=%2Fwp%2Fv2%2Fproduct_tag&post=112023"}],"curies":[{"name":"wp","href":"https:\/\/api.w.org\/{rel}","templated":true}]}}