{"id":112025,"date":"2026-05-05T09:09:03","date_gmt":"2026-05-05T12:09:03","guid":{"rendered":"https:\/\/www.hediyepazar.com\/?product=kablosuz-oyun-kolu-bluetooth-joystick-gamepad-android-uyumlu"},"modified":"2026-05-05T09:09:03","modified_gmt":"2026-05-05T12:09:03","slug":"kablosuz-oyun-kolu-bluetooth-joystick-gamepad-android-uyumlu","status":"publish","type":"product","link":"https:\/\/www.hediyepazar.com\/?product=kablosuz-oyun-kolu-bluetooth-joystick-gamepad-android-uyumlu","title":{"rendered":"Kablosuz Oyun Kolu Bluetooth Joystick Gamepad Android Uyumlu"},"content":{"rendered":"<p>Kablosuz ba\u011flant\u0131 teknolojisi sayesinde bu gamepad, Bluetooth \u00f6zelli\u011fi bulunan TV, bilgisayar ve cep telefonlar\u0131yla kolayca e\u015fle\u015ferek \u00f6zg\u00fcr bir oyun deneyimi sunar. Herhangi bir kabloya ihtiya\u00e7 duymadan hareket alan\u0131n\u0131z\u0131 geni\u015fletir, oyun s\u0131ras\u0131nda sizi k\u0131s\u0131tlamaz. Ba\u011flant\u0131 kurulumu olduk\u00e7a basit olup, kutu i\u00e7eri\u011finde yer alan kullan\u0131m k\u0131lavuzu sayesinde herkes rahatl\u0131kla kurulum ger\u00e7ekle\u015ftirebilir. Dikkat edilmesi gereken tek detay, ayn\u0131 anda yaln\u0131zca tek bir cihaza ba\u011flanabilmesidir; yani ayn\u0131 anda iki gamepad desteklenmez.<\/p>\n","protected":false},"excerpt":{"rendered":"<p>Kablosuz ba\u011flant\u0131 teknolojisi sayesinde bu gamepad, Bluetooth \u00f6zelli\u011fi bulunan TV, bilgisayar ve cep telefonlar\u0131yla kolayca e\u015fle\u015ferek \u00f6zg\u00fcr bir oyun deneyimi sunar. Herhangi bir kabloya ihtiya\u00e7 duymadan hareket alan\u0131n\u0131z\u0131 geni\u015fletir, oyun s\u0131ras\u0131nda sizi k\u0131s\u0131tlamaz. Ba\u011flant\u0131 kurulumu olduk\u00e7a basit olup, kutu i\u00e7eri\u011finde yer alan kullan\u0131m k\u0131lavuzu sayesinde herkes rahatl\u0131kla kurulum ger\u00e7ekle\u015ftirebilir. Dikkat edilmesi gereken tek detay, ayn\u0131&#8230;<\/p>\n","protected":false},"featured_media":112024,"comment_status":"open","ping_status":"closed","template":"","meta":{"_kad_post_transparent":"","_kad_post_title":"","_kad_post_layout":"","_kad_post_sidebar_id":"","_kad_post_content_style":"","_kad_post_vertical_padding":"","_kad_post_feature":"","_kad_post_feature_position":"","_kad_post_header":false,"_kad_post_footer":false,"_kad_post_classname":""},"product_brand":[],"product_cat":[14961],"product_tag":[],"class_list":{"0":"post-112025","1":"product","2":"type-product","3":"status-publish","4":"has-post-thumbnail","6":"product_cat-oyun-konsolu-oyun-konsolu","8":"first","9":"instock","10":"purchasable","11":"product-type-simple","12":"entry","13":"content-bg","14":"loop-entry"},"_links":{"self":[{"href":"https:\/\/www.hediyepazar.com\/index.php?rest_route=\/wp\/v2\/product\/112025","targetHints":{"allow":["GET"]}}],"collection":[{"href":"https:\/\/www.hediyepazar.com\/index.php?rest_route=\/wp\/v2\/product"}],"about":[{"href":"https:\/\/www.hediyepazar.com\/index.php?rest_route=\/wp\/v2\/types\/product"}],"replies":[{"embeddable":true,"href":"https:\/\/www.hediyepazar.com\/index.php?rest_route=%2Fwp%2Fv2%2Fcomments&post=112025"}],"wp:featuredmedia":[{"embeddable":true,"href":"https:\/\/www.hediyepazar.com\/index.php?rest_route=\/wp\/v2\/media\/112024"}],"wp:attachment":[{"href":"https:\/\/www.hediyepazar.com\/index.php?rest_route=%2Fwp%2Fv2%2Fmedia&parent=112025"}],"wp:term":[{"taxonomy":"product_brand","embeddable":true,"href":"https:\/\/www.hediyepazar.com\/index.php?rest_route=%2Fwp%2Fv2%2Fproduct_brand&post=112025"},{"taxonomy":"product_cat","embeddable":true,"href":"https:\/\/www.hediyepazar.com\/index.php?rest_route=%2Fwp%2Fv2%2Fproduct_cat&post=112025"},{"taxonomy":"product_tag","embeddable":true,"href":"https:\/\/www.hediyepazar.com\/index.php?rest_route=%2Fwp%2Fv2%2Fproduct_tag&post=112025"}],"curies":[{"name":"wp","href":"https:\/\/api.w.org\/{rel}","templated":true}]}}