{"id":112066,"date":"2026-05-05T09:15:30","date_gmt":"2026-05-05T12:15:30","guid":{"rendered":"https:\/\/www.hediyepazar.com\/?product=extra-bass-kablosuz-kulaklik-isikli-bluetooth-kulaklik-powerbank-ozellikli"},"modified":"2026-05-05T09:15:30","modified_gmt":"2026-05-05T12:15:30","slug":"extra-bass-kablosuz-kulaklik-isikli-bluetooth-kulaklik-powerbank-ozellikli","status":"publish","type":"product","link":"https:\/\/www.hediyepazar.com\/?product=extra-bass-kablosuz-kulaklik-isikli-bluetooth-kulaklik-powerbank-ozellikli","title":{"rendered":"Extra Bass Kablosuz Kulakl\u0131k I\u015f\u0131kl\u0131 Bluetooth Kulakl\u0131k Powerbank \u00d6zellikli"},"content":{"rendered":"<p>Konforlu ve ergonomik tasar\u0131m\u0131 sayesinde kulakl\u0131k, uzun s\u00fcreli kullan\u0131mlarda bile rahats\u0131zl\u0131k hissi yaratmaz. Farkl\u0131 boyutlarda kulak i\u00e7i silikon u\u00e7lar\u0131, ki\u015fisel kullan\u0131m tercihlerine g\u00f6re de\u011fi\u015ftirilebilir ve d\u0131\u015f ortam g\u00fcr\u00fclt\u00fcs\u00fcn\u00fc engelleyerek odaklanmay\u0131 kolayla\u015ft\u0131r\u0131r. Su ge\u00e7irmez \u00f6zelli\u011fi, kulakl\u0131\u011f\u0131 spor yaparken ya da d\u0131\u015f mekanda kullan\u0131rken ter veya hafif ya\u011fmur gibi etkenlere kar\u015f\u0131 korur. Dokunmatik kontrol fonksiyonu, fiziksel d\u00fc\u011fmelere ihtiya\u00e7 duymadan m\u00fczik de\u011fi\u015ftirme, \u00e7a\u011fr\u0131 yan\u0131tlama veya oyun moduna ge\u00e7i\u015f gibi i\u015flemleri zahmetsizce yapman\u0131za olanak tan\u0131r.<\/p>\n","protected":false},"excerpt":{"rendered":"<p>Konforlu ve ergonomik tasar\u0131m\u0131 sayesinde kulakl\u0131k, uzun s\u00fcreli kullan\u0131mlarda bile rahats\u0131zl\u0131k hissi yaratmaz. Farkl\u0131 boyutlarda kulak i\u00e7i silikon u\u00e7lar\u0131, ki\u015fisel kullan\u0131m tercihlerine g\u00f6re de\u011fi\u015ftirilebilir ve d\u0131\u015f ortam g\u00fcr\u00fclt\u00fcs\u00fcn\u00fc engelleyerek odaklanmay\u0131 kolayla\u015ft\u0131r\u0131r. Su ge\u00e7irmez \u00f6zelli\u011fi, kulakl\u0131\u011f\u0131 spor yaparken ya da d\u0131\u015f mekanda kullan\u0131rken ter veya hafif ya\u011fmur gibi etkenlere kar\u015f\u0131 korur. Dokunmatik kontrol fonksiyonu, fiziksel d\u00fc\u011fmelere&#8230;<\/p>\n","protected":false},"featured_media":0,"comment_status":"open","ping_status":"closed","template":"","meta":{"_kad_post_transparent":"","_kad_post_title":"","_kad_post_layout":"","_kad_post_sidebar_id":"","_kad_post_content_style":"","_kad_post_vertical_padding":"","_kad_post_feature":"","_kad_post_feature_position":"","_kad_post_header":false,"_kad_post_footer":false,"_kad_post_classname":""},"product_brand":[],"product_cat":[14957],"product_tag":[],"class_list":{"0":"post-112066","1":"product","2":"type-product","3":"status-publish","5":"product_cat-kablosuz-kulaklik-kablosuz-kulaklik","7":"first","8":"instock","9":"purchasable","10":"product-type-simple","11":"entry","12":"content-bg","13":"loop-entry"},"_links":{"self":[{"href":"https:\/\/www.hediyepazar.com\/index.php?rest_route=\/wp\/v2\/product\/112066","targetHints":{"allow":["GET"]}}],"collection":[{"href":"https:\/\/www.hediyepazar.com\/index.php?rest_route=\/wp\/v2\/product"}],"about":[{"href":"https:\/\/www.hediyepazar.com\/index.php?rest_route=\/wp\/v2\/types\/product"}],"replies":[{"embeddable":true,"href":"https:\/\/www.hediyepazar.com\/index.php?rest_route=%2Fwp%2Fv2%2Fcomments&post=112066"}],"wp:attachment":[{"href":"https:\/\/www.hediyepazar.com\/index.php?rest_route=%2Fwp%2Fv2%2Fmedia&parent=112066"}],"wp:term":[{"taxonomy":"product_brand","embeddable":true,"href":"https:\/\/www.hediyepazar.com\/index.php?rest_route=%2Fwp%2Fv2%2Fproduct_brand&post=112066"},{"taxonomy":"product_cat","embeddable":true,"href":"https:\/\/www.hediyepazar.com\/index.php?rest_route=%2Fwp%2Fv2%2Fproduct_cat&post=112066"},{"taxonomy":"product_tag","embeddable":true,"href":"https:\/\/www.hediyepazar.com\/index.php?rest_route=%2Fwp%2Fv2%2Fproduct_tag&post=112066"}],"curies":[{"name":"wp","href":"https:\/\/api.w.org\/{rel}","templated":true}]}}