{"id":112074,"date":"2026-05-05T09:15:55","date_gmt":"2026-05-05T12:15:55","guid":{"rendered":"https:\/\/www.hediyepazar.com\/?product=oyuncu-kulakligi-mikrofonlu-kablosuz-gaming-kulaklik-powerban-yuksek-ses-kaliteli"},"modified":"2026-05-05T09:15:55","modified_gmt":"2026-05-05T12:15:55","slug":"oyuncu-kulakligi-mikrofonlu-kablosuz-gaming-kulaklik-powerban-yuksek-ses-kaliteli","status":"publish","type":"product","link":"https:\/\/www.hediyepazar.com\/?product=oyuncu-kulakligi-mikrofonlu-kablosuz-gaming-kulaklik-powerban-yuksek-ses-kaliteli","title":{"rendered":"Oyuncu Kulakl\u0131\u011f\u0131 Mikrofonlu Kablosuz Gaming Kulakl\u0131k Powerban Y\u00fcksek Ses Kaliteli"},"content":{"rendered":"<p>G\u00fcn\u00fcm\u00fcz oyun d\u00fcnyas\u0131nda ses kalitesi, oyun deneyimini do\u011frudan etkileyen en \u00f6nemli fakt\u00f6rlerden biridir. Gaming Oyuncu Kulakl\u0131k I\u015f\u0131kl\u0131, sundu\u011fu y\u00fcksek ses kalitesi ve geli\u015fmi\u015f teknolojisi ile oyunseverlere profesyonel bir deneyim sunar. 65ms d\u00fc\u015f\u00fck gecikme s\u00fcresi sayesinde, oyun esnas\u0131nda seslerin y\u00f6n\u00fcn\u00fc an\u0131nda alg\u0131layabilir ve rakiplerinizin hareketlerini daha h\u0131zl\u0131 fark edebilirsiniz. Bu \u00f6zellik, \u00f6zellikle aksiyon dolu sava\u015f oyunlar\u0131nda b\u00fcy\u00fck bir avantaj sa\u011flayarak sizi bir ad\u0131m \u00f6ne \u00e7\u0131kar\u0131r. St\u00fcdyo kalitesindeki ses \u00e7\u0131k\u0131\u015f\u0131, oyunun i\u00e7indeki en ince detaylar\u0131 bile net bir \u015fekilde duyman\u0131za yard\u0131mc\u0131 olurken, g\u00fc\u00e7l\u00fc bas efektleriyle atmosferi daha da derinle\u015ftirir. \u00dcstelik bu kulakl\u0131k, yaln\u0131zca oyun i\u00e7in de\u011fil; m\u00fczik dinlerken, film izlerken ya da online derslere kat\u0131l\u0131rken de \u00fcst\u00fcn performans sunarak her an\u0131n\u0131zda kaliteli bir ses deneyimi ya\u015faman\u0131z\u0131 sa\u011flar.<\/p>\n","protected":false},"excerpt":{"rendered":"<p>G\u00fcn\u00fcm\u00fcz oyun d\u00fcnyas\u0131nda ses kalitesi, oyun deneyimini do\u011frudan etkileyen en \u00f6nemli fakt\u00f6rlerden biridir. Gaming Oyuncu Kulakl\u0131k I\u015f\u0131kl\u0131, sundu\u011fu y\u00fcksek ses kalitesi ve geli\u015fmi\u015f teknolojisi ile oyunseverlere profesyonel bir deneyim sunar. 65ms d\u00fc\u015f\u00fck gecikme s\u00fcresi sayesinde, oyun esnas\u0131nda seslerin y\u00f6n\u00fcn\u00fc an\u0131nda alg\u0131layabilir ve rakiplerinizin hareketlerini daha h\u0131zl\u0131 fark edebilirsiniz. Bu \u00f6zellik, \u00f6zellikle aksiyon dolu sava\u015f oyunlar\u0131nda&#8230;<\/p>\n","protected":false},"featured_media":112073,"comment_status":"open","ping_status":"closed","template":"","meta":{"_kad_post_transparent":"","_kad_post_title":"","_kad_post_layout":"","_kad_post_sidebar_id":"","_kad_post_content_style":"","_kad_post_vertical_padding":"","_kad_post_feature":"","_kad_post_feature_position":"","_kad_post_header":false,"_kad_post_footer":false,"_kad_post_classname":""},"product_brand":[],"product_cat":[14957],"product_tag":[],"class_list":{"0":"post-112074","1":"product","2":"type-product","3":"status-publish","4":"has-post-thumbnail","6":"product_cat-kablosuz-kulaklik-kablosuz-kulaklik","8":"first","9":"instock","10":"purchasable","11":"product-type-simple","12":"entry","13":"content-bg","14":"loop-entry"},"_links":{"self":[{"href":"https:\/\/www.hediyepazar.com\/index.php?rest_route=\/wp\/v2\/product\/112074","targetHints":{"allow":["GET"]}}],"collection":[{"href":"https:\/\/www.hediyepazar.com\/index.php?rest_route=\/wp\/v2\/product"}],"about":[{"href":"https:\/\/www.hediyepazar.com\/index.php?rest_route=\/wp\/v2\/types\/product"}],"replies":[{"embeddable":true,"href":"https:\/\/www.hediyepazar.com\/index.php?rest_route=%2Fwp%2Fv2%2Fcomments&post=112074"}],"wp:featuredmedia":[{"embeddable":true,"href":"https:\/\/www.hediyepazar.com\/index.php?rest_route=\/wp\/v2\/media\/112073"}],"wp:attachment":[{"href":"https:\/\/www.hediyepazar.com\/index.php?rest_route=%2Fwp%2Fv2%2Fmedia&parent=112074"}],"wp:term":[{"taxonomy":"product_brand","embeddable":true,"href":"https:\/\/www.hediyepazar.com\/index.php?rest_route=%2Fwp%2Fv2%2Fproduct_brand&post=112074"},{"taxonomy":"product_cat","embeddable":true,"href":"https:\/\/www.hediyepazar.com\/index.php?rest_route=%2Fwp%2Fv2%2Fproduct_cat&post=112074"},{"taxonomy":"product_tag","embeddable":true,"href":"https:\/\/www.hediyepazar.com\/index.php?rest_route=%2Fwp%2Fv2%2Fproduct_tag&post=112074"}],"curies":[{"name":"wp","href":"https:\/\/api.w.org\/{rel}","templated":true}]}}