{"id":112084,"date":"2026-05-05T09:16:26","date_gmt":"2026-05-05T12:16:26","guid":{"rendered":"https:\/\/www.hediyepazar.com\/?product=mikrofonlu-makarali-bluetooth-kulakici-kulaklik-android-ve-ios-uyumlu"},"modified":"2026-05-05T09:16:26","modified_gmt":"2026-05-05T12:16:26","slug":"mikrofonlu-makarali-bluetooth-kulakici-kulaklik-android-ve-ios-uyumlu","status":"publish","type":"product","link":"https:\/\/www.hediyepazar.com\/?product=mikrofonlu-makarali-bluetooth-kulakici-kulaklik-android-ve-ios-uyumlu","title":{"rendered":"Mikrofonlu Makaral\u0131 Bluetooth Kulaki\u00e7i Kulakl\u0131k Android ve \u0130OS Uyumlu"},"content":{"rendered":"<p>Bu kulakl\u0131k, ayn\u0131 anda iki farkl\u0131 cep telefonuna ba\u011flanabilme \u00f6zelli\u011fiyle kullan\u0131m kolayl\u0131\u011f\u0131n\u0131 bir ad\u0131m \u00f6teye ta\u015f\u0131yor. B\u00f6ylece bir cihazdan m\u00fczik dinlerken di\u011fer cihazdan gelen \u00e7a\u011fr\u0131lar\u0131 rahatl\u0131kla yan\u0131tlayabilirsiniz. Otomatik \u00e7a\u011fr\u0131 y\u00f6nlendirme \u00f6zelli\u011fi sayesinde, m\u00fczik dinleme esnas\u0131nda \u00e7a\u011fr\u0131 ald\u0131\u011f\u0131n\u0131zda an\u0131nda ba\u011flant\u0131 kurarak telefon g\u00f6r\u00fc\u015fmesine ge\u00e7ebilirsiniz. Ergonomik tasar\u0131m\u0131yla kulak yap\u0131s\u0131na tam uyum sa\u011flayan yumu\u015fak kulak ba\u015fl\u0131klar\u0131, uzun s\u00fcreli kullan\u0131mlarda bile rahats\u0131zl\u0131k hissi yaratmaz. Kulak i\u00e7i yap\u0131ya uygun olarak geli\u015ftirilen bu tasar\u0131m, kulakl\u0131klar\u0131n sabit kalmas\u0131n\u0131 sa\u011flayarak hareket h\u00e2lindeyken bile konforlu bir kullan\u0131m sunar.<\/p>\n","protected":false},"excerpt":{"rendered":"<p>Bu kulakl\u0131k, ayn\u0131 anda iki farkl\u0131 cep telefonuna ba\u011flanabilme \u00f6zelli\u011fiyle kullan\u0131m kolayl\u0131\u011f\u0131n\u0131 bir ad\u0131m \u00f6teye ta\u015f\u0131yor. B\u00f6ylece bir cihazdan m\u00fczik dinlerken di\u011fer cihazdan gelen \u00e7a\u011fr\u0131lar\u0131 rahatl\u0131kla yan\u0131tlayabilirsiniz. Otomatik \u00e7a\u011fr\u0131 y\u00f6nlendirme \u00f6zelli\u011fi sayesinde, m\u00fczik dinleme esnas\u0131nda \u00e7a\u011fr\u0131 ald\u0131\u011f\u0131n\u0131zda an\u0131nda ba\u011flant\u0131 kurarak telefon g\u00f6r\u00fc\u015fmesine ge\u00e7ebilirsiniz. Ergonomik tasar\u0131m\u0131yla kulak yap\u0131s\u0131na tam uyum sa\u011flayan yumu\u015fak kulak ba\u015fl\u0131klar\u0131, uzun s\u00fcreli&#8230;<\/p>\n","protected":false},"featured_media":112083,"comment_status":"open","ping_status":"closed","template":"","meta":{"_kad_post_transparent":"","_kad_post_title":"","_kad_post_layout":"","_kad_post_sidebar_id":"","_kad_post_content_style":"","_kad_post_vertical_padding":"","_kad_post_feature":"","_kad_post_feature_position":"","_kad_post_header":false,"_kad_post_footer":false,"_kad_post_classname":""},"product_brand":[],"product_cat":[14957],"product_tag":[],"class_list":{"0":"post-112084","1":"product","2":"type-product","3":"status-publish","4":"has-post-thumbnail","6":"product_cat-kablosuz-kulaklik-kablosuz-kulaklik","8":"first","9":"instock","10":"purchasable","11":"product-type-simple","12":"entry","13":"content-bg","14":"loop-entry"},"_links":{"self":[{"href":"https:\/\/www.hediyepazar.com\/index.php?rest_route=\/wp\/v2\/product\/112084","targetHints":{"allow":["GET"]}}],"collection":[{"href":"https:\/\/www.hediyepazar.com\/index.php?rest_route=\/wp\/v2\/product"}],"about":[{"href":"https:\/\/www.hediyepazar.com\/index.php?rest_route=\/wp\/v2\/types\/product"}],"replies":[{"embeddable":true,"href":"https:\/\/www.hediyepazar.com\/index.php?rest_route=%2Fwp%2Fv2%2Fcomments&post=112084"}],"wp:featuredmedia":[{"embeddable":true,"href":"https:\/\/www.hediyepazar.com\/index.php?rest_route=\/wp\/v2\/media\/112083"}],"wp:attachment":[{"href":"https:\/\/www.hediyepazar.com\/index.php?rest_route=%2Fwp%2Fv2%2Fmedia&parent=112084"}],"wp:term":[{"taxonomy":"product_brand","embeddable":true,"href":"https:\/\/www.hediyepazar.com\/index.php?rest_route=%2Fwp%2Fv2%2Fproduct_brand&post=112084"},{"taxonomy":"product_cat","embeddable":true,"href":"https:\/\/www.hediyepazar.com\/index.php?rest_route=%2Fwp%2Fv2%2Fproduct_cat&post=112084"},{"taxonomy":"product_tag","embeddable":true,"href":"https:\/\/www.hediyepazar.com\/index.php?rest_route=%2Fwp%2Fv2%2Fproduct_tag&post=112084"}],"curies":[{"name":"wp","href":"https:\/\/api.w.org\/{rel}","templated":true}]}}