{"id":112086,"date":"2026-05-05T09:16:32","date_gmt":"2026-05-05T12:16:32","guid":{"rendered":"https:\/\/www.hediyepazar.com\/?product=makarali-bluetooth-kulakici-yaka-kulakligi-kablosuz-kulaklik"},"modified":"2026-05-05T09:16:32","modified_gmt":"2026-05-05T12:16:32","slug":"makarali-bluetooth-kulakici-yaka-kulakligi-kablosuz-kulaklik","status":"publish","type":"product","link":"https:\/\/www.hediyepazar.com\/?product=makarali-bluetooth-kulakici-yaka-kulakligi-kablosuz-kulaklik","title":{"rendered":"Makaral\u0131 Bluetooth Kulaki\u00e7i Yaka Kulakl\u0131\u011f\u0131 Kablosuz Kulakl\u0131k"},"content":{"rendered":"<p>Son teknoloji ile \u00fcretilen Bluetooth makaral\u0131 kulak i\u00e7i kulakl\u0131k, m\u00fczik dinleme ve telefon g\u00f6r\u00fc\u015fmelerini en \u00fcst seviyede deneyimlemenizi sa\u011flar. Geli\u015fmi\u015f ses m\u00fchendisli\u011fi sayesinde sesleri en do\u011fal ve net haliyle duyman\u0131za yard\u0131mc\u0131 olur. Derin baslar, dengeli tizler ve berrak vokaller ile donat\u0131lm\u0131\u015f bu kulakl\u0131k, y\u00fcksek performans\u0131 ve kaliteli malzeme yap\u0131s\u0131 ile herkesin be\u011fenisini kazanmay\u0131 ba\u015farm\u0131\u015ft\u0131r. G\u00fcr\u00fclt\u00fc engelleme \u00f6zelli\u011fi sayesinde, d\u0131\u015f ortam seslerini minimum seviyeye indirerek tamamen m\u00fczi\u011finize ya da telefon konu\u015fman\u0131za odaklanman\u0131z\u0131 sa\u011flar. B\u00f6ylece, ister kalabal\u0131k bir caddede y\u00fcr\u00fcy\u00fcn ister ofiste \u00e7al\u0131\u015f\u0131yor olun, kusursuz ses kalitesinden \u00f6d\u00fcn vermeden kullan\u0131m imk\u00e2n\u0131 sunar.<\/p>\n","protected":false},"excerpt":{"rendered":"<p>Son teknoloji ile \u00fcretilen Bluetooth makaral\u0131 kulak i\u00e7i kulakl\u0131k, m\u00fczik dinleme ve telefon g\u00f6r\u00fc\u015fmelerini en \u00fcst seviyede deneyimlemenizi sa\u011flar. Geli\u015fmi\u015f ses m\u00fchendisli\u011fi sayesinde sesleri en do\u011fal ve net haliyle duyman\u0131za yard\u0131mc\u0131 olur. Derin baslar, dengeli tizler ve berrak vokaller ile donat\u0131lm\u0131\u015f bu kulakl\u0131k, y\u00fcksek performans\u0131 ve kaliteli malzeme yap\u0131s\u0131 ile herkesin be\u011fenisini kazanmay\u0131 ba\u015farm\u0131\u015ft\u0131r. G\u00fcr\u00fclt\u00fc&#8230;<\/p>\n","protected":false},"featured_media":112085,"comment_status":"open","ping_status":"closed","template":"","meta":{"_kad_post_transparent":"","_kad_post_title":"","_kad_post_layout":"","_kad_post_sidebar_id":"","_kad_post_content_style":"","_kad_post_vertical_padding":"","_kad_post_feature":"","_kad_post_feature_position":"","_kad_post_header":false,"_kad_post_footer":false,"_kad_post_classname":""},"product_brand":[],"product_cat":[14957],"product_tag":[],"class_list":{"0":"post-112086","1":"product","2":"type-product","3":"status-publish","4":"has-post-thumbnail","6":"product_cat-kablosuz-kulaklik-kablosuz-kulaklik","8":"first","9":"instock","10":"purchasable","11":"product-type-simple","12":"entry","13":"content-bg","14":"loop-entry"},"_links":{"self":[{"href":"https:\/\/www.hediyepazar.com\/index.php?rest_route=\/wp\/v2\/product\/112086","targetHints":{"allow":["GET"]}}],"collection":[{"href":"https:\/\/www.hediyepazar.com\/index.php?rest_route=\/wp\/v2\/product"}],"about":[{"href":"https:\/\/www.hediyepazar.com\/index.php?rest_route=\/wp\/v2\/types\/product"}],"replies":[{"embeddable":true,"href":"https:\/\/www.hediyepazar.com\/index.php?rest_route=%2Fwp%2Fv2%2Fcomments&post=112086"}],"wp:featuredmedia":[{"embeddable":true,"href":"https:\/\/www.hediyepazar.com\/index.php?rest_route=\/wp\/v2\/media\/112085"}],"wp:attachment":[{"href":"https:\/\/www.hediyepazar.com\/index.php?rest_route=%2Fwp%2Fv2%2Fmedia&parent=112086"}],"wp:term":[{"taxonomy":"product_brand","embeddable":true,"href":"https:\/\/www.hediyepazar.com\/index.php?rest_route=%2Fwp%2Fv2%2Fproduct_brand&post=112086"},{"taxonomy":"product_cat","embeddable":true,"href":"https:\/\/www.hediyepazar.com\/index.php?rest_route=%2Fwp%2Fv2%2Fproduct_cat&post=112086"},{"taxonomy":"product_tag","embeddable":true,"href":"https:\/\/www.hediyepazar.com\/index.php?rest_route=%2Fwp%2Fv2%2Fproduct_tag&post=112086"}],"curies":[{"name":"wp","href":"https:\/\/api.w.org\/{rel}","templated":true}]}}