{"id":112090,"date":"2026-05-05T09:18:03","date_gmt":"2026-05-05T12:18:03","guid":{"rendered":"https:\/\/www.hediyepazar.com\/?product=katlanabilir-teleskopik-sarjli-fan-masaustu-sogutucu-vantilator"},"modified":"2026-05-05T09:18:03","modified_gmt":"2026-05-05T12:18:03","slug":"katlanabilir-teleskopik-sarjli-fan-masaustu-sogutucu-vantilator","status":"publish","type":"product","link":"https:\/\/www.hediyepazar.com\/?product=katlanabilir-teleskopik-sarjli-fan-masaustu-sogutucu-vantilator","title":{"rendered":"Katlanabilir Teleskopik \u015earjl\u0131 Fan Masa\u00fcst\u00fc So\u011futucu Vantilat\u00f6r"},"content":{"rendered":"<p>USB \u015farj edilebilir \u00f6zelli\u011fi sayesinde, elektrik prizine ba\u011fl\u0131 kalmadan her yerde kullan\u0131m imkan\u0131 sunar. Powerbank, laptop veya adapt\u00f6r gibi USB giri\u015fine sahip cihazlarla kolayca \u015farj edilebilir, b\u00f6ylece hareket halindeyken bile serin kalabilirsiniz. \u015earjl\u0131 yap\u0131s\u0131 sayesinde kablosuz kullan\u0131m sunarak, masa ba\u015f\u0131nda, yatakta, arabada veya d\u0131\u015f mekanda konforlu bir deneyim sa\u011flar. Hafif ve ta\u015f\u0131nabilir yap\u0131s\u0131 ile yaz aylar\u0131nda d\u0131\u015far\u0131da serinlemek isteyenler i\u00e7in m\u00fckemmel bir \u00e7\u00f6z\u00fcmd\u00fcr.<\/p>\n","protected":false},"excerpt":{"rendered":"<p>USB \u015farj edilebilir \u00f6zelli\u011fi sayesinde, elektrik prizine ba\u011fl\u0131 kalmadan her yerde kullan\u0131m imkan\u0131 sunar. Powerbank, laptop veya adapt\u00f6r gibi USB giri\u015fine sahip cihazlarla kolayca \u015farj edilebilir, b\u00f6ylece hareket halindeyken bile serin kalabilirsiniz. \u015earjl\u0131 yap\u0131s\u0131 sayesinde kablosuz kullan\u0131m sunarak, masa ba\u015f\u0131nda, yatakta, arabada veya d\u0131\u015f mekanda konforlu bir deneyim sa\u011flar. Hafif ve ta\u015f\u0131nabilir yap\u0131s\u0131 ile yaz&#8230;<\/p>\n","protected":false},"featured_media":112089,"comment_status":"open","ping_status":"closed","template":"","meta":{"_kad_post_transparent":"","_kad_post_title":"","_kad_post_layout":"","_kad_post_sidebar_id":"","_kad_post_content_style":"","_kad_post_vertical_padding":"","_kad_post_feature":"","_kad_post_feature_position":"","_kad_post_header":false,"_kad_post_footer":false,"_kad_post_classname":""},"product_brand":[],"product_cat":[15021],"product_tag":[],"class_list":{"0":"post-112090","1":"product","2":"type-product","3":"status-publish","4":"has-post-thumbnail","6":"product_cat-vantilator-vantilator","8":"first","9":"instock","10":"purchasable","11":"product-type-simple","12":"entry","13":"content-bg","14":"loop-entry"},"_links":{"self":[{"href":"https:\/\/www.hediyepazar.com\/index.php?rest_route=\/wp\/v2\/product\/112090","targetHints":{"allow":["GET"]}}],"collection":[{"href":"https:\/\/www.hediyepazar.com\/index.php?rest_route=\/wp\/v2\/product"}],"about":[{"href":"https:\/\/www.hediyepazar.com\/index.php?rest_route=\/wp\/v2\/types\/product"}],"replies":[{"embeddable":true,"href":"https:\/\/www.hediyepazar.com\/index.php?rest_route=%2Fwp%2Fv2%2Fcomments&post=112090"}],"wp:featuredmedia":[{"embeddable":true,"href":"https:\/\/www.hediyepazar.com\/index.php?rest_route=\/wp\/v2\/media\/112089"}],"wp:attachment":[{"href":"https:\/\/www.hediyepazar.com\/index.php?rest_route=%2Fwp%2Fv2%2Fmedia&parent=112090"}],"wp:term":[{"taxonomy":"product_brand","embeddable":true,"href":"https:\/\/www.hediyepazar.com\/index.php?rest_route=%2Fwp%2Fv2%2Fproduct_brand&post=112090"},{"taxonomy":"product_cat","embeddable":true,"href":"https:\/\/www.hediyepazar.com\/index.php?rest_route=%2Fwp%2Fv2%2Fproduct_cat&post=112090"},{"taxonomy":"product_tag","embeddable":true,"href":"https:\/\/www.hediyepazar.com\/index.php?rest_route=%2Fwp%2Fv2%2Fproduct_tag&post=112090"}],"curies":[{"name":"wp","href":"https:\/\/api.w.org\/{rel}","templated":true}]}}