{"id":112102,"date":"2026-05-05T09:19:18","date_gmt":"2026-05-05T12:19:18","guid":{"rendered":"https:\/\/www.hediyepazar.com\/?product=unisex-sarjli-kas-biyik-alma-epilatoru-hassas-ciltlere-ozel-acisiz"},"modified":"2026-05-05T09:19:18","modified_gmt":"2026-05-05T12:19:18","slug":"unisex-sarjli-kas-biyik-alma-epilatoru-hassas-ciltlere-ozel-acisiz","status":"publish","type":"product","link":"https:\/\/www.hediyepazar.com\/?product=unisex-sarjli-kas-biyik-alma-epilatoru-hassas-ciltlere-ozel-acisiz","title":{"rendered":"Un\u0131sex \u015earjl\u0131 Ka\u015f B\u0131y\u0131k Alma Epilat\u00f6r\u00fc Hassas Ciltlere \u00d6zel Ac\u0131s\u0131z"},"content":{"rendered":"<p>Ka\u015f ve b\u0131y\u0131k alma epilat\u00f6rleri, k\u00fc\u00e7\u00fck bir motor ile \u00e7al\u0131\u015fan ve t\u00fcyleri k\u00f6k\u00fcnden \u00e7ekerek uzun s\u00fcreli p\u00fcr\u00fczs\u00fczl\u00fck sa\u011flayan pratik cihazlard\u0131r. \u0130\u00e7erisinde yer alan spiral veya disk mekanizmas\u0131 sayesinde t\u00fcyleri nazik\u00e7e kavrayarak al\u0131r ve b\u00f6ylece t\u00fcylerin tekrar \u00e7\u0131kma s\u00fcresini uzat\u0131r. Hassas b\u00f6lgelerde kullan\u0131lmak \u00fczere tasarlanan bu cihazlar, ka\u015f, b\u0131y\u0131k, \u00e7ene, yanak ve al\u0131n gibi y\u00fcz\u00fcn farkl\u0131 b\u00f6lgelerinde etkili sonu\u00e7lar sunar. \u00d6zellikle mikro epilasyon teknolojisi sayesinde cildi tahri\u015f etmeden, ac\u0131s\u0131z ve konforlu bir kullan\u0131m deneyimi sa\u011flar. Kuru kullan\u0131m \u00f6zelli\u011fi ile suya ihtiya\u00e7 duymadan her an pratik bir \u015fekilde epilasyon yap\u0131labilir. Kullan\u0131m\u0131 son derece basit olan bu cihazlar, temiz ve kuru cilde uygulanarak dairesel hareketlerle \u00e7al\u0131\u015ft\u0131r\u0131l\u0131r ve b\u00f6ylece t\u00fcylerin k\u00f6kten al\u0131nmas\u0131n\u0131 sa\u011flar.<\/p>\n","protected":false},"excerpt":{"rendered":"<p>Ka\u015f ve b\u0131y\u0131k alma epilat\u00f6rleri, k\u00fc\u00e7\u00fck bir motor ile \u00e7al\u0131\u015fan ve t\u00fcyleri k\u00f6k\u00fcnden \u00e7ekerek uzun s\u00fcreli p\u00fcr\u00fczs\u00fczl\u00fck sa\u011flayan pratik cihazlard\u0131r. \u0130\u00e7erisinde yer alan spiral veya disk mekanizmas\u0131 sayesinde t\u00fcyleri nazik\u00e7e kavrayarak al\u0131r ve b\u00f6ylece t\u00fcylerin tekrar \u00e7\u0131kma s\u00fcresini uzat\u0131r. Hassas b\u00f6lgelerde kullan\u0131lmak \u00fczere tasarlanan bu cihazlar, ka\u015f, b\u0131y\u0131k, \u00e7ene, yanak ve al\u0131n gibi y\u00fcz\u00fcn farkl\u0131&#8230;<\/p>\n","protected":false},"featured_media":112101,"comment_status":"open","ping_status":"closed","template":"","meta":{"_kad_post_transparent":"","_kad_post_title":"","_kad_post_layout":"","_kad_post_sidebar_id":"","_kad_post_content_style":"","_kad_post_vertical_padding":"","_kad_post_feature":"","_kad_post_feature_position":"","_kad_post_header":false,"_kad_post_footer":false,"_kad_post_classname":""},"product_brand":[],"product_cat":[14919],"product_tag":[],"class_list":{"0":"post-112102","1":"product","2":"type-product","3":"status-publish","4":"has-post-thumbnail","6":"product_cat-epilator-epilator","8":"first","9":"instock","10":"purchasable","11":"product-type-simple","12":"entry","13":"content-bg","14":"loop-entry"},"_links":{"self":[{"href":"https:\/\/www.hediyepazar.com\/index.php?rest_route=\/wp\/v2\/product\/112102","targetHints":{"allow":["GET"]}}],"collection":[{"href":"https:\/\/www.hediyepazar.com\/index.php?rest_route=\/wp\/v2\/product"}],"about":[{"href":"https:\/\/www.hediyepazar.com\/index.php?rest_route=\/wp\/v2\/types\/product"}],"replies":[{"embeddable":true,"href":"https:\/\/www.hediyepazar.com\/index.php?rest_route=%2Fwp%2Fv2%2Fcomments&post=112102"}],"wp:featuredmedia":[{"embeddable":true,"href":"https:\/\/www.hediyepazar.com\/index.php?rest_route=\/wp\/v2\/media\/112101"}],"wp:attachment":[{"href":"https:\/\/www.hediyepazar.com\/index.php?rest_route=%2Fwp%2Fv2%2Fmedia&parent=112102"}],"wp:term":[{"taxonomy":"product_brand","embeddable":true,"href":"https:\/\/www.hediyepazar.com\/index.php?rest_route=%2Fwp%2Fv2%2Fproduct_brand&post=112102"},{"taxonomy":"product_cat","embeddable":true,"href":"https:\/\/www.hediyepazar.com\/index.php?rest_route=%2Fwp%2Fv2%2Fproduct_cat&post=112102"},{"taxonomy":"product_tag","embeddable":true,"href":"https:\/\/www.hediyepazar.com\/index.php?rest_route=%2Fwp%2Fv2%2Fproduct_tag&post=112102"}],"curies":[{"name":"wp","href":"https:\/\/api.w.org\/{rel}","templated":true}]}}