{"id":112158,"date":"2026-05-05T09:27:17","date_gmt":"2026-05-05T12:27:17","guid":{"rendered":"https:\/\/www.hediyepazar.com\/?product=yildiz-gorunumlu-gece-lambasi-renkli-masa-lambasi-gokyuzu-projeksiyon"},"modified":"2026-05-05T09:27:17","modified_gmt":"2026-05-05T12:27:17","slug":"yildiz-gorunumlu-gece-lambasi-renkli-masa-lambasi-gokyuzu-projeksiyon","status":"publish","type":"product","link":"https:\/\/www.hediyepazar.com\/?product=yildiz-gorunumlu-gece-lambasi-renkli-masa-lambasi-gokyuzu-projeksiyon","title":{"rendered":"Y\u0131ld\u0131z G\u00f6r\u00fcn\u00fcml\u00fc Gece Lambas\u0131 Renkli Masa Lambas\u0131 G\u00f6ky\u00fcz\u00fc Projeksiyon"},"content":{"rendered":"<p>Renkli Y\u0131ld\u0131zl\u0131 G\u00f6ky\u00fcz\u00fc Projeksiyon Gece Lambas\u0131, modern tasar\u0131m\u0131 ve etkileyici projeksiyon \u00f6zelli\u011fi ile gece lambas\u0131 kullan\u0131m\u0131n\u0131 \u00e7ok daha e\u011flenceli ve rahat hale getiriyor. \u00c7ocuk odalar\u0131 ba\u015fta olmak \u00fczere, evdeki herhangi bir odada kullan\u0131labilecek bu lamban\u0131n 360 derece d\u00f6nebilen projeksiyon sistemi, tavan ve duvarlar\u0131n\u0131z\u0131 adeta bir g\u00f6ky\u00fcz\u00fcne d\u00f6n\u00fc\u015ft\u00fcr\u00fcr. Y\u0131ld\u0131zlar, gezegenler, ay ve samanyolu gibi renkli \u0131\u015f\u0131k fig\u00fcrleri, odan\u0131n atmosferini tamamen de\u011fi\u015ftirir. \u00d6zellikle karanl\u0131ktan korkan \u00e7ocuklar i\u00e7in harika bir \u00e7\u00f6z\u00fcm sunan bu gece lambas\u0131, onlar\u0131 hem sakinle\u015ftirir hem de uykuya ge\u00e7i\u015flerini kolayla\u015ft\u0131r\u0131r. Hem yeti\u015fkinler hem de \u00e7ocuklar i\u00e7in keyifli ve huzurlu bir uyku ortam\u0131 yarat\u0131r.<\/p>\n","protected":false},"excerpt":{"rendered":"<p>Renkli Y\u0131ld\u0131zl\u0131 G\u00f6ky\u00fcz\u00fc Projeksiyon Gece Lambas\u0131, modern tasar\u0131m\u0131 ve etkileyici projeksiyon \u00f6zelli\u011fi ile gece lambas\u0131 kullan\u0131m\u0131n\u0131 \u00e7ok daha e\u011flenceli ve rahat hale getiriyor. \u00c7ocuk odalar\u0131 ba\u015fta olmak \u00fczere, evdeki herhangi bir odada kullan\u0131labilecek bu lamban\u0131n 360 derece d\u00f6nebilen projeksiyon sistemi, tavan ve duvarlar\u0131n\u0131z\u0131 adeta bir g\u00f6ky\u00fcz\u00fcne d\u00f6n\u00fc\u015ft\u00fcr\u00fcr. Y\u0131ld\u0131zlar, gezegenler, ay ve samanyolu gibi renkli \u0131\u015f\u0131k&#8230;<\/p>\n","protected":false},"featured_media":112157,"comment_status":"open","ping_status":"closed","template":"","meta":{"_kad_post_transparent":"","_kad_post_title":"","_kad_post_layout":"","_kad_post_sidebar_id":"","_kad_post_content_style":"","_kad_post_vertical_padding":"","_kad_post_feature":"","_kad_post_feature_position":"","_kad_post_header":false,"_kad_post_footer":false,"_kad_post_classname":""},"product_brand":[],"product_cat":[14967],"product_tag":[],"class_list":{"0":"post-112158","1":"product","2":"type-product","3":"status-publish","4":"has-post-thumbnail","6":"product_cat-gece-lambasi-gece-lambasi","8":"first","9":"instock","10":"purchasable","11":"product-type-simple","12":"entry","13":"content-bg","14":"loop-entry"},"_links":{"self":[{"href":"https:\/\/www.hediyepazar.com\/index.php?rest_route=\/wp\/v2\/product\/112158","targetHints":{"allow":["GET"]}}],"collection":[{"href":"https:\/\/www.hediyepazar.com\/index.php?rest_route=\/wp\/v2\/product"}],"about":[{"href":"https:\/\/www.hediyepazar.com\/index.php?rest_route=\/wp\/v2\/types\/product"}],"replies":[{"embeddable":true,"href":"https:\/\/www.hediyepazar.com\/index.php?rest_route=%2Fwp%2Fv2%2Fcomments&post=112158"}],"wp:featuredmedia":[{"embeddable":true,"href":"https:\/\/www.hediyepazar.com\/index.php?rest_route=\/wp\/v2\/media\/112157"}],"wp:attachment":[{"href":"https:\/\/www.hediyepazar.com\/index.php?rest_route=%2Fwp%2Fv2%2Fmedia&parent=112158"}],"wp:term":[{"taxonomy":"product_brand","embeddable":true,"href":"https:\/\/www.hediyepazar.com\/index.php?rest_route=%2Fwp%2Fv2%2Fproduct_brand&post=112158"},{"taxonomy":"product_cat","embeddable":true,"href":"https:\/\/www.hediyepazar.com\/index.php?rest_route=%2Fwp%2Fv2%2Fproduct_cat&post=112158"},{"taxonomy":"product_tag","embeddable":true,"href":"https:\/\/www.hediyepazar.com\/index.php?rest_route=%2Fwp%2Fv2%2Fproduct_tag&post=112158"}],"curies":[{"name":"wp","href":"https:\/\/api.w.org\/{rel}","templated":true}]}}