{"id":112160,"date":"2026-05-05T09:27:58","date_gmt":"2026-05-05T12:27:58","guid":{"rendered":"https:\/\/www.hediyepazar.com\/?product=3-d-game-box"},"modified":"2026-05-05T09:27:58","modified_gmt":"2026-05-05T12:27:58","slug":"3-d-game-box","status":"publish","type":"product","link":"https:\/\/www.hediyepazar.com\/?product=3-d-game-box","title":{"rendered":"3 D GAME BOX"},"content":{"rendered":"<p>Retro oyun severler i\u00e7in \u00f6zel olarak tasarlanm\u0131\u015f, PlayStation, GTA, PES ve Sega gibi klasik oyunlar\u0131 3D ve 4K HD kalitesinde oynama imkan\u0131 sunar \t&#8211; 2.4G kablosuz ba\u011flant\u0131 \u00f6zelli\u011fi sayesinde kablo karma\u015fas\u0131na son verir ve oyun deneyiminizi daha \u00f6zg\u00fcr hale getirir \t&#8211; Geni\u015f oyun yelpazesi ile nostaljik an\u0131lar\u0131n\u0131z\u0131 yeniden canland\u0131r\u0131rken, yeni ke\u015fifler yapabilirsiniz<\/p>\n","protected":false},"excerpt":{"rendered":"<p>Retro oyun severler i\u00e7in \u00f6zel olarak tasarlanm\u0131\u015f, PlayStation, GTA, PES ve Sega gibi klasik oyunlar\u0131 3D ve 4K HD kalitesinde oynama imkan\u0131 sunar &#8211; 2.4G kablosuz ba\u011flant\u0131 \u00f6zelli\u011fi sayesinde kablo karma\u015fas\u0131na son verir ve oyun deneyiminizi daha \u00f6zg\u00fcr hale getirir &#8211; Geni\u015f oyun yelpazesi ile nostaljik an\u0131lar\u0131n\u0131z\u0131 yeniden canland\u0131r\u0131rken, yeni ke\u015fifler yapabilirsiniz<\/p>\n","protected":false},"featured_media":112159,"comment_status":"open","ping_status":"closed","template":"","meta":{"_kad_post_transparent":"","_kad_post_title":"","_kad_post_layout":"","_kad_post_sidebar_id":"","_kad_post_content_style":"","_kad_post_vertical_padding":"","_kad_post_feature":"","_kad_post_feature_position":"","_kad_post_header":false,"_kad_post_footer":false,"_kad_post_classname":""},"product_brand":[],"product_cat":[14961],"product_tag":[],"class_list":{"0":"post-112160","1":"product","2":"type-product","3":"status-publish","4":"has-post-thumbnail","6":"product_cat-oyun-konsolu-oyun-konsolu","8":"first","9":"instock","10":"purchasable","11":"product-type-simple","12":"entry","13":"content-bg","14":"loop-entry"},"_links":{"self":[{"href":"https:\/\/www.hediyepazar.com\/index.php?rest_route=\/wp\/v2\/product\/112160","targetHints":{"allow":["GET"]}}],"collection":[{"href":"https:\/\/www.hediyepazar.com\/index.php?rest_route=\/wp\/v2\/product"}],"about":[{"href":"https:\/\/www.hediyepazar.com\/index.php?rest_route=\/wp\/v2\/types\/product"}],"replies":[{"embeddable":true,"href":"https:\/\/www.hediyepazar.com\/index.php?rest_route=%2Fwp%2Fv2%2Fcomments&post=112160"}],"wp:featuredmedia":[{"embeddable":true,"href":"https:\/\/www.hediyepazar.com\/index.php?rest_route=\/wp\/v2\/media\/112159"}],"wp:attachment":[{"href":"https:\/\/www.hediyepazar.com\/index.php?rest_route=%2Fwp%2Fv2%2Fmedia&parent=112160"}],"wp:term":[{"taxonomy":"product_brand","embeddable":true,"href":"https:\/\/www.hediyepazar.com\/index.php?rest_route=%2Fwp%2Fv2%2Fproduct_brand&post=112160"},{"taxonomy":"product_cat","embeddable":true,"href":"https:\/\/www.hediyepazar.com\/index.php?rest_route=%2Fwp%2Fv2%2Fproduct_cat&post=112160"},{"taxonomy":"product_tag","embeddable":true,"href":"https:\/\/www.hediyepazar.com\/index.php?rest_route=%2Fwp%2Fv2%2Fproduct_tag&post=112160"}],"curies":[{"name":"wp","href":"https:\/\/api.w.org\/{rel}","templated":true}]}}