{"id":112166,"date":"2026-05-05T09:28:21","date_gmt":"2026-05-05T12:28:21","guid":{"rendered":"https:\/\/www.hediyepazar.com\/?product=s-219-sarj-kablosu"},"modified":"2026-05-05T09:28:21","modified_gmt":"2026-05-05T12:28:21","slug":"s-219-sarj-kablosu","status":"publish","type":"product","link":"https:\/\/www.hediyepazar.com\/?product=s-219-sarj-kablosu","title":{"rendered":"S-219 \u015eARJ KABLOSU"},"content":{"rendered":"<p>Bu y\u00fcksek performansl\u0131 \u015farj kablosu, ithalat\u00e7\u0131 garantisi kapsam\u0131nda olup, 1 y\u0131l boyunca herhangi bir teknik sorun ya\u015faman\u0131z durumunda destek alman\u0131z\u0131 sa\u011flar. G\u00fcvenli al\u0131\u015fveri\u015fin keyfini \u00e7\u0131kar\u0131rken, uzun \u00f6m\u00fcrl\u00fc kullan\u0131m i\u00e7in de g\u00f6n\u00fcl rahatl\u0131\u011f\u0131yla tercih edebilirsiniz. Kablo kopmas\u0131, \u015farj performans\u0131 d\u00fc\u015f\u00fckl\u00fc\u011f\u00fc veya ba\u011flant\u0131 sorunlar\u0131 gibi durumlarda garanti deste\u011fiyle kesintisiz kullan\u0131m\u0131n tad\u0131n\u0131 \u00e7\u0131kar\u0131n.&nbsp;&nbsp;&nbsp;&nbsp;&nbsp;&nbsp;&nbsp;<\/p>\n","protected":false},"excerpt":{"rendered":"<p>Bu y\u00fcksek performansl\u0131 \u015farj kablosu, ithalat\u00e7\u0131 garantisi kapsam\u0131nda olup, 1 y\u0131l boyunca herhangi bir teknik sorun ya\u015faman\u0131z durumunda destek alman\u0131z\u0131 sa\u011flar. G\u00fcvenli al\u0131\u015fveri\u015fin keyfini \u00e7\u0131kar\u0131rken, uzun \u00f6m\u00fcrl\u00fc kullan\u0131m i\u00e7in de g\u00f6n\u00fcl rahatl\u0131\u011f\u0131yla tercih edebilirsiniz. Kablo kopmas\u0131, \u015farj performans\u0131 d\u00fc\u015f\u00fckl\u00fc\u011f\u00fc veya ba\u011flant\u0131 sorunlar\u0131 gibi durumlarda garanti deste\u011fiyle kesintisiz kullan\u0131m\u0131n tad\u0131n\u0131 \u00e7\u0131kar\u0131n.&nbsp;&nbsp;&nbsp;&nbsp;&nbsp;&nbsp;&nbsp;<\/p>\n","protected":false},"featured_media":112165,"comment_status":"open","ping_status":"closed","template":"","meta":{"_kad_post_transparent":"","_kad_post_title":"","_kad_post_layout":"","_kad_post_sidebar_id":"","_kad_post_content_style":"","_kad_post_vertical_padding":"","_kad_post_feature":"","_kad_post_feature_position":"","_kad_post_header":false,"_kad_post_footer":false,"_kad_post_classname":""},"product_brand":[],"product_cat":[14975],"product_tag":[],"class_list":{"0":"post-112166","1":"product","2":"type-product","3":"status-publish","4":"has-post-thumbnail","6":"product_cat-sarj-aletleri-sarj-aletleri","8":"first","9":"instock","10":"purchasable","11":"product-type-simple","12":"entry","13":"content-bg","14":"loop-entry"},"_links":{"self":[{"href":"https:\/\/www.hediyepazar.com\/index.php?rest_route=\/wp\/v2\/product\/112166","targetHints":{"allow":["GET"]}}],"collection":[{"href":"https:\/\/www.hediyepazar.com\/index.php?rest_route=\/wp\/v2\/product"}],"about":[{"href":"https:\/\/www.hediyepazar.com\/index.php?rest_route=\/wp\/v2\/types\/product"}],"replies":[{"embeddable":true,"href":"https:\/\/www.hediyepazar.com\/index.php?rest_route=%2Fwp%2Fv2%2Fcomments&post=112166"}],"wp:featuredmedia":[{"embeddable":true,"href":"https:\/\/www.hediyepazar.com\/index.php?rest_route=\/wp\/v2\/media\/112165"}],"wp:attachment":[{"href":"https:\/\/www.hediyepazar.com\/index.php?rest_route=%2Fwp%2Fv2%2Fmedia&parent=112166"}],"wp:term":[{"taxonomy":"product_brand","embeddable":true,"href":"https:\/\/www.hediyepazar.com\/index.php?rest_route=%2Fwp%2Fv2%2Fproduct_brand&post=112166"},{"taxonomy":"product_cat","embeddable":true,"href":"https:\/\/www.hediyepazar.com\/index.php?rest_route=%2Fwp%2Fv2%2Fproduct_cat&post=112166"},{"taxonomy":"product_tag","embeddable":true,"href":"https:\/\/www.hediyepazar.com\/index.php?rest_route=%2Fwp%2Fv2%2Fproduct_tag&post=112166"}],"curies":[{"name":"wp","href":"https:\/\/api.w.org\/{rel}","templated":true}]}}