{"id":112174,"date":"2026-05-05T09:29:19","date_gmt":"2026-05-05T12:29:19","guid":{"rendered":"https:\/\/www.hediyepazar.com\/?product=s8-ultra-max"},"modified":"2026-05-05T09:29:19","modified_gmt":"2026-05-05T12:29:19","slug":"s8-ultra-max","status":"publish","type":"product","link":"https:\/\/www.hediyepazar.com\/?product=s8-ultra-max","title":{"rendered":"S8 ULTRA MAX"},"content":{"rendered":"<p>8 Ultra ak\u0131ll\u0131 saatleri, telefonunuzla senkronize olarak \u00e7a\u011fr\u0131lar\u0131, mesajlar\u0131 ve di\u011fer bildirimleri do\u011frudan bile\u011finizde g\u00f6rmenize olanak tan\u0131r. GPS ve fitness izleme sens\u00f6rleri gibi geli\u015fmi\u015f teknolojilerle donat\u0131lan saatler, hem spor hem de sa\u011fl\u0131k takibi i\u00e7in idealdir. Bu cihazlar, m\u00fczik \u00e7alma, hava durumu takibi ve \u00e7e\u015fitli uygulamalar\u0131 destekleme gibi ekstra \u00f6zelliklerle g\u00fcnl\u00fck ya\u015fam\u0131n\u0131z\u0131 kolayla\u015ft\u0131r\u0131r. Kullan\u0131m\u0131 kolay aray\u00fcz\u00fc sayesinde, hem teknoloji merakl\u0131lar\u0131 hem de yeni kullan\u0131c\u0131lar i\u00e7in pratik bir deneyim sunar.<\/p>\n","protected":false},"excerpt":{"rendered":"<p>8 Ultra ak\u0131ll\u0131 saatleri, telefonunuzla senkronize olarak \u00e7a\u011fr\u0131lar\u0131, mesajlar\u0131 ve di\u011fer bildirimleri do\u011frudan bile\u011finizde g\u00f6rmenize olanak tan\u0131r. GPS ve fitness izleme sens\u00f6rleri gibi geli\u015fmi\u015f teknolojilerle donat\u0131lan saatler, hem spor hem de sa\u011fl\u0131k takibi i\u00e7in idealdir. Bu cihazlar, m\u00fczik \u00e7alma, hava durumu takibi ve \u00e7e\u015fitli uygulamalar\u0131 destekleme gibi ekstra \u00f6zelliklerle g\u00fcnl\u00fck ya\u015fam\u0131n\u0131z\u0131 kolayla\u015ft\u0131r\u0131r. Kullan\u0131m\u0131 kolay aray\u00fcz\u00fc&#8230;<\/p>\n","protected":false},"featured_media":112173,"comment_status":"open","ping_status":"closed","template":"","meta":{"_kad_post_transparent":"","_kad_post_title":"","_kad_post_layout":"","_kad_post_sidebar_id":"","_kad_post_content_style":"","_kad_post_vertical_padding":"","_kad_post_feature":"","_kad_post_feature_position":"","_kad_post_header":false,"_kad_post_footer":false,"_kad_post_classname":""},"product_brand":[],"product_cat":[14935],"product_tag":[],"class_list":{"0":"post-112174","1":"product","2":"type-product","3":"status-publish","4":"has-post-thumbnail","6":"product_cat-akilli-saatler-akilli-saatler","8":"first","9":"instock","10":"purchasable","11":"product-type-simple","12":"entry","13":"content-bg","14":"loop-entry"},"_links":{"self":[{"href":"https:\/\/www.hediyepazar.com\/index.php?rest_route=\/wp\/v2\/product\/112174","targetHints":{"allow":["GET"]}}],"collection":[{"href":"https:\/\/www.hediyepazar.com\/index.php?rest_route=\/wp\/v2\/product"}],"about":[{"href":"https:\/\/www.hediyepazar.com\/index.php?rest_route=\/wp\/v2\/types\/product"}],"replies":[{"embeddable":true,"href":"https:\/\/www.hediyepazar.com\/index.php?rest_route=%2Fwp%2Fv2%2Fcomments&post=112174"}],"wp:featuredmedia":[{"embeddable":true,"href":"https:\/\/www.hediyepazar.com\/index.php?rest_route=\/wp\/v2\/media\/112173"}],"wp:attachment":[{"href":"https:\/\/www.hediyepazar.com\/index.php?rest_route=%2Fwp%2Fv2%2Fmedia&parent=112174"}],"wp:term":[{"taxonomy":"product_brand","embeddable":true,"href":"https:\/\/www.hediyepazar.com\/index.php?rest_route=%2Fwp%2Fv2%2Fproduct_brand&post=112174"},{"taxonomy":"product_cat","embeddable":true,"href":"https:\/\/www.hediyepazar.com\/index.php?rest_route=%2Fwp%2Fv2%2Fproduct_cat&post=112174"},{"taxonomy":"product_tag","embeddable":true,"href":"https:\/\/www.hediyepazar.com\/index.php?rest_route=%2Fwp%2Fv2%2Fproduct_tag&post=112174"}],"curies":[{"name":"wp","href":"https:\/\/api.w.org\/{rel}","templated":true}]}}