{"id":112196,"date":"2026-05-05T09:33:18","date_gmt":"2026-05-05T12:33:18","guid":{"rendered":"https:\/\/www.hediyepazar.com\/?product=oyuncu-kulakligi-mikrofonlu-gurultu-engelleme-gecikme-onleyici-bluetooth-kulaklik"},"modified":"2026-05-05T09:33:18","modified_gmt":"2026-05-05T12:33:18","slug":"oyuncu-kulakligi-mikrofonlu-gurultu-engelleme-gecikme-onleyici-bluetooth-kulaklik","status":"publish","type":"product","link":"https:\/\/www.hediyepazar.com\/?product=oyuncu-kulakligi-mikrofonlu-gurultu-engelleme-gecikme-onleyici-bluetooth-kulaklik","title":{"rendered":"Oyuncu Kulakl\u0131\u011f\u0131 Mikrofonlu G\u00fcr\u00fclt\u00fc Engelleme Gecikme \u00d6nleyici Bluetooth Kulakl\u0131k"},"content":{"rendered":"<p>Pil kapasitesi a\u00e7\u0131s\u0131ndan olduk\u00e7a tatmin edici bir performansa sahip olan kulakl\u0131k, her bir kulakl\u0131k i\u00e7in 32mAh batarya kapasitesine sahiptir ve tek \u015farjla 5 ila 6 saat aras\u0131nda kesintisiz m\u00fczik dinleme imk\u00e2n\u0131 sunar. \u015earj kutusunun 380mAh kapasitesi, kulakl\u0131klar\u0131 birka\u00e7 kez \u015farj edebilme olana\u011f\u0131 sa\u011flayarak toplamda 18 saate kadar kullan\u0131m s\u00fcresi sunar. \u015earj s\u00fcresi olduk\u00e7a makuld\u00fcr; kulakl\u0131klar 1,5 saat i\u00e7inde tamamen \u015farj olurken, \u015farj kutusunun dolmas\u0131 yakla\u015f\u0131k 2 saat s\u00fcrer. Bu sayede, g\u00fcnl\u00fck kullan\u0131mda uzun s\u00fcreli performans elde edilir ve kulakl\u0131klar\u0131n\u0131z\u0131 s\u0131k s\u0131k \u015farj etme gere\u011fi duymazs\u0131n\u0131z. Kompakt ve ergonomik tasar\u0131m\u0131 sayesinde kulaklar\u0131n\u0131z\u0131 yormaz, uzun s\u00fcre rahat bir \u015fekilde kullanabilirsiniz. Geli\u015fmi\u015f \u00f6zellikleri ve y\u00fcksek ses kalitesi ile m\u00fczik dinleme, telefon g\u00f6r\u00fc\u015fmeleri ve oyun deneyimlerinizi \u00fcst seviyeye ta\u015f\u0131yan bu kulakl\u0131k, hem g\u00fcnl\u00fck kullan\u0131m hem de profesyonel ihtiya\u00e7lar i\u00e7in ideal bir se\u00e7imdir<\/p>\n","protected":false},"excerpt":{"rendered":"<p>Pil kapasitesi a\u00e7\u0131s\u0131ndan olduk\u00e7a tatmin edici bir performansa sahip olan kulakl\u0131k, her bir kulakl\u0131k i\u00e7in 32mAh batarya kapasitesine sahiptir ve tek \u015farjla 5 ila 6 saat aras\u0131nda kesintisiz m\u00fczik dinleme imk\u00e2n\u0131 sunar. \u015earj kutusunun 380mAh kapasitesi, kulakl\u0131klar\u0131 birka\u00e7 kez \u015farj edebilme olana\u011f\u0131 sa\u011flayarak toplamda 18 saate kadar kullan\u0131m s\u00fcresi sunar. \u015earj s\u00fcresi olduk\u00e7a makuld\u00fcr; kulakl\u0131klar&#8230;<\/p>\n","protected":false},"featured_media":112195,"comment_status":"open","ping_status":"closed","template":"","meta":{"_kad_post_transparent":"","_kad_post_title":"","_kad_post_layout":"","_kad_post_sidebar_id":"","_kad_post_content_style":"","_kad_post_vertical_padding":"","_kad_post_feature":"","_kad_post_feature_position":"","_kad_post_header":false,"_kad_post_footer":false,"_kad_post_classname":""},"product_brand":[],"product_cat":[14957],"product_tag":[],"class_list":{"0":"post-112196","1":"product","2":"type-product","3":"status-publish","4":"has-post-thumbnail","6":"product_cat-kablosuz-kulaklik-kablosuz-kulaklik","8":"first","9":"instock","10":"purchasable","11":"product-type-simple","12":"entry","13":"content-bg","14":"loop-entry"},"_links":{"self":[{"href":"https:\/\/www.hediyepazar.com\/index.php?rest_route=\/wp\/v2\/product\/112196","targetHints":{"allow":["GET"]}}],"collection":[{"href":"https:\/\/www.hediyepazar.com\/index.php?rest_route=\/wp\/v2\/product"}],"about":[{"href":"https:\/\/www.hediyepazar.com\/index.php?rest_route=\/wp\/v2\/types\/product"}],"replies":[{"embeddable":true,"href":"https:\/\/www.hediyepazar.com\/index.php?rest_route=%2Fwp%2Fv2%2Fcomments&post=112196"}],"wp:featuredmedia":[{"embeddable":true,"href":"https:\/\/www.hediyepazar.com\/index.php?rest_route=\/wp\/v2\/media\/112195"}],"wp:attachment":[{"href":"https:\/\/www.hediyepazar.com\/index.php?rest_route=%2Fwp%2Fv2%2Fmedia&parent=112196"}],"wp:term":[{"taxonomy":"product_brand","embeddable":true,"href":"https:\/\/www.hediyepazar.com\/index.php?rest_route=%2Fwp%2Fv2%2Fproduct_brand&post=112196"},{"taxonomy":"product_cat","embeddable":true,"href":"https:\/\/www.hediyepazar.com\/index.php?rest_route=%2Fwp%2Fv2%2Fproduct_cat&post=112196"},{"taxonomy":"product_tag","embeddable":true,"href":"https:\/\/www.hediyepazar.com\/index.php?rest_route=%2Fwp%2Fv2%2Fproduct_tag&post=112196"}],"curies":[{"name":"wp","href":"https:\/\/api.w.org\/{rel}","templated":true}]}}