{"id":112200,"date":"2026-05-05T09:34:07","date_gmt":"2026-05-05T12:34:07","guid":{"rendered":"https:\/\/www.hediyepazar.com\/?product=android-ve-ios-uyumlu-bluetooth-kulaklik-gaming-kulaklik-mini"},"modified":"2026-05-05T09:34:07","modified_gmt":"2026-05-05T12:34:07","slug":"android-ve-ios-uyumlu-bluetooth-kulaklik-gaming-kulaklik-mini","status":"publish","type":"product","link":"https:\/\/www.hediyepazar.com\/?product=android-ve-ios-uyumlu-bluetooth-kulaklik-gaming-kulaklik-mini","title":{"rendered":"Android ve \u0130OS Uyumlu Bluetooth Kulakl\u0131k Gaming Kulakl\u0131k Mini"},"content":{"rendered":"<p>Bu Bluetooth kulakl\u0131k, Bluetooth 5.1 teknolojisi ile donat\u0131lm\u0131\u015f olup, d\u00fc\u015f\u00fck g\u00fc\u00e7 t\u00fcketimi ve kararl\u0131 bir ba\u011flant\u0131 sunar. 10 metreye kadar etkili bir kablosuz ba\u011flant\u0131 sa\u011flayarak, g\u00fcnl\u00fck kullan\u0131mda hareket \u00f6zg\u00fcrl\u00fc\u011f\u00fc sunar. Geli\u015fmi\u015f ba\u011flant\u0131 \u00f6zellikleri sayesinde, kulakl\u0131\u011f\u0131 kutusundan \u00e7\u0131kard\u0131\u011f\u0131n\u0131z anda minimum e\u015fle\u015ftirme s\u00fcresi ile an\u0131nda cihaz\u0131n\u0131za ba\u011flanabilir. 60ms d\u00fc\u015f\u00fck gecikme modu, \u00f6zellikle mobil oyun oynayan kullan\u0131c\u0131lar i\u00e7in b\u00fcy\u00fck bir avantaj sa\u011flar. Bu \u00f6zel oyun modu, ses senkronizasyonunu en \u00fcst seviyeye \u00e7\u0131kararak gecikmeyi minimuma indirir ve oyuncular\u0131n anl\u0131k ses efektlerini zaman\u0131nda duymas\u0131na yard\u0131mc\u0131 olur. Oyun ve video deneyimini daha ak\u0131c\u0131 ve ger\u00e7ek\u00e7i hale getiren bu \u00f6zellik, rekabet\u00e7i oyunlarda fark yarat\u0131r.<\/p>\n","protected":false},"excerpt":{"rendered":"<p>Bu Bluetooth kulakl\u0131k, Bluetooth 5.1 teknolojisi ile donat\u0131lm\u0131\u015f olup, d\u00fc\u015f\u00fck g\u00fc\u00e7 t\u00fcketimi ve kararl\u0131 bir ba\u011flant\u0131 sunar. 10 metreye kadar etkili bir kablosuz ba\u011flant\u0131 sa\u011flayarak, g\u00fcnl\u00fck kullan\u0131mda hareket \u00f6zg\u00fcrl\u00fc\u011f\u00fc sunar. Geli\u015fmi\u015f ba\u011flant\u0131 \u00f6zellikleri sayesinde, kulakl\u0131\u011f\u0131 kutusundan \u00e7\u0131kard\u0131\u011f\u0131n\u0131z anda minimum e\u015fle\u015ftirme s\u00fcresi ile an\u0131nda cihaz\u0131n\u0131za ba\u011flanabilir. 60ms d\u00fc\u015f\u00fck gecikme modu, \u00f6zellikle mobil oyun oynayan kullan\u0131c\u0131lar i\u00e7in&#8230;<\/p>\n","protected":false},"featured_media":112199,"comment_status":"open","ping_status":"closed","template":"","meta":{"_kad_post_transparent":"","_kad_post_title":"","_kad_post_layout":"","_kad_post_sidebar_id":"","_kad_post_content_style":"","_kad_post_vertical_padding":"","_kad_post_feature":"","_kad_post_feature_position":"","_kad_post_header":false,"_kad_post_footer":false,"_kad_post_classname":""},"product_brand":[],"product_cat":[14957],"product_tag":[],"class_list":{"0":"post-112200","1":"product","2":"type-product","3":"status-publish","4":"has-post-thumbnail","6":"product_cat-kablosuz-kulaklik-kablosuz-kulaklik","8":"first","9":"instock","10":"purchasable","11":"product-type-simple","12":"entry","13":"content-bg","14":"loop-entry"},"_links":{"self":[{"href":"https:\/\/www.hediyepazar.com\/index.php?rest_route=\/wp\/v2\/product\/112200","targetHints":{"allow":["GET"]}}],"collection":[{"href":"https:\/\/www.hediyepazar.com\/index.php?rest_route=\/wp\/v2\/product"}],"about":[{"href":"https:\/\/www.hediyepazar.com\/index.php?rest_route=\/wp\/v2\/types\/product"}],"replies":[{"embeddable":true,"href":"https:\/\/www.hediyepazar.com\/index.php?rest_route=%2Fwp%2Fv2%2Fcomments&post=112200"}],"wp:featuredmedia":[{"embeddable":true,"href":"https:\/\/www.hediyepazar.com\/index.php?rest_route=\/wp\/v2\/media\/112199"}],"wp:attachment":[{"href":"https:\/\/www.hediyepazar.com\/index.php?rest_route=%2Fwp%2Fv2%2Fmedia&parent=112200"}],"wp:term":[{"taxonomy":"product_brand","embeddable":true,"href":"https:\/\/www.hediyepazar.com\/index.php?rest_route=%2Fwp%2Fv2%2Fproduct_brand&post=112200"},{"taxonomy":"product_cat","embeddable":true,"href":"https:\/\/www.hediyepazar.com\/index.php?rest_route=%2Fwp%2Fv2%2Fproduct_cat&post=112200"},{"taxonomy":"product_tag","embeddable":true,"href":"https:\/\/www.hediyepazar.com\/index.php?rest_route=%2Fwp%2Fv2%2Fproduct_tag&post=112200"}],"curies":[{"name":"wp","href":"https:\/\/api.w.org\/{rel}","templated":true}]}}