{"id":112208,"date":"2026-05-05T09:36:07","date_gmt":"2026-05-05T12:36:07","guid":{"rendered":"https:\/\/www.hediyepazar.com\/?product=kablosuz-bluetooth-kulaklik-tws-pro5-kulaklik-anc-ozelligi-dokunmatik-kontrol"},"modified":"2026-05-05T09:36:07","modified_gmt":"2026-05-05T12:36:07","slug":"kablosuz-bluetooth-kulaklik-tws-pro5-kulaklik-anc-ozelligi-dokunmatik-kontrol","status":"publish","type":"product","link":"https:\/\/www.hediyepazar.com\/?product=kablosuz-bluetooth-kulaklik-tws-pro5-kulaklik-anc-ozelligi-dokunmatik-kontrol","title":{"rendered":"Kablosuz Bluetooth Kulakl\u0131k TWS Pro5 Kulakl\u0131k ANC \u00d6zelli\u011fi Dokunmatik Kontrol"},"content":{"rendered":"<p>Kablosuz yap\u0131s\u0131 sayesinde hareket \u00f6zg\u00fcrl\u00fc\u011f\u00fc sunan bu kulakl\u0131k, \u015farj kutusu arac\u0131l\u0131\u011f\u0131yla k\u0131sa s\u00fcrede \u015farj edilerek tekrar kullan\u0131ma haz\u0131r hale gelir. TWS\u00a0 Pro 5 modeli, iki adet kulakl\u0131k ve bir adet \u015farj kutusu ile birlikte gelir, b\u00f6ylece uzun s\u00fcreli kullan\u0131m i\u00e7in ideal bir \u00e7\u00f6z\u00fcm sunar. TWS Pro 5 Bluetooth Kulakl\u0131k, geli\u015fmi\u015f \u00f6zellikleriyle m\u00fczi\u011fin ve ileti\u015fimin tad\u0131n\u0131 en \u00fcst seviyede \u00e7\u0131karman\u0131z\u0131 sa\u011flar.<\/p>\n","protected":false},"excerpt":{"rendered":"<p>Kablosuz yap\u0131s\u0131 sayesinde hareket \u00f6zg\u00fcrl\u00fc\u011f\u00fc sunan bu kulakl\u0131k, \u015farj kutusu arac\u0131l\u0131\u011f\u0131yla k\u0131sa s\u00fcrede \u015farj edilerek tekrar kullan\u0131ma haz\u0131r hale gelir. TWS\u00a0 Pro 5 modeli, iki adet kulakl\u0131k ve bir adet \u015farj kutusu ile birlikte gelir, b\u00f6ylece uzun s\u00fcreli kullan\u0131m i\u00e7in ideal bir \u00e7\u00f6z\u00fcm sunar. TWS Pro 5 Bluetooth Kulakl\u0131k, geli\u015fmi\u015f \u00f6zellikleriyle m\u00fczi\u011fin ve ileti\u015fimin tad\u0131n\u0131&#8230;<\/p>\n","protected":false},"featured_media":112207,"comment_status":"open","ping_status":"closed","template":"","meta":{"_kad_post_transparent":"","_kad_post_title":"","_kad_post_layout":"","_kad_post_sidebar_id":"","_kad_post_content_style":"","_kad_post_vertical_padding":"","_kad_post_feature":"","_kad_post_feature_position":"","_kad_post_header":false,"_kad_post_footer":false,"_kad_post_classname":""},"product_brand":[],"product_cat":[14957],"product_tag":[],"class_list":{"0":"post-112208","1":"product","2":"type-product","3":"status-publish","4":"has-post-thumbnail","6":"product_cat-kablosuz-kulaklik-kablosuz-kulaklik","8":"first","9":"instock","10":"purchasable","11":"product-type-simple","12":"entry","13":"content-bg","14":"loop-entry"},"_links":{"self":[{"href":"https:\/\/www.hediyepazar.com\/index.php?rest_route=\/wp\/v2\/product\/112208","targetHints":{"allow":["GET"]}}],"collection":[{"href":"https:\/\/www.hediyepazar.com\/index.php?rest_route=\/wp\/v2\/product"}],"about":[{"href":"https:\/\/www.hediyepazar.com\/index.php?rest_route=\/wp\/v2\/types\/product"}],"replies":[{"embeddable":true,"href":"https:\/\/www.hediyepazar.com\/index.php?rest_route=%2Fwp%2Fv2%2Fcomments&post=112208"}],"wp:featuredmedia":[{"embeddable":true,"href":"https:\/\/www.hediyepazar.com\/index.php?rest_route=\/wp\/v2\/media\/112207"}],"wp:attachment":[{"href":"https:\/\/www.hediyepazar.com\/index.php?rest_route=%2Fwp%2Fv2%2Fmedia&parent=112208"}],"wp:term":[{"taxonomy":"product_brand","embeddable":true,"href":"https:\/\/www.hediyepazar.com\/index.php?rest_route=%2Fwp%2Fv2%2Fproduct_brand&post=112208"},{"taxonomy":"product_cat","embeddable":true,"href":"https:\/\/www.hediyepazar.com\/index.php?rest_route=%2Fwp%2Fv2%2Fproduct_cat&post=112208"},{"taxonomy":"product_tag","embeddable":true,"href":"https:\/\/www.hediyepazar.com\/index.php?rest_route=%2Fwp%2Fv2%2Fproduct_tag&post=112208"}],"curies":[{"name":"wp","href":"https:\/\/api.w.org\/{rel}","templated":true}]}}