{"id":112212,"date":"2026-05-05T09:36:59","date_gmt":"2026-05-05T12:36:59","guid":{"rendered":"https:\/\/www.hediyepazar.com\/?product=yeni-nesil-bluetooth-kulaklik-ios-android-uyumlu-hd-ses-performansi"},"modified":"2026-05-05T09:36:59","modified_gmt":"2026-05-05T12:36:59","slug":"yeni-nesil-bluetooth-kulaklik-ios-android-uyumlu-hd-ses-performansi","status":"publish","type":"product","link":"https:\/\/www.hediyepazar.com\/?product=yeni-nesil-bluetooth-kulaklik-ios-android-uyumlu-hd-ses-performansi","title":{"rendered":"Yeni Nesil Bluetooth Kulakl\u0131k \u0130OS Android Uyumlu HD Ses Performans\u0131"},"content":{"rendered":"<p>TWS Pro 5 Bluetooth Kulakl\u0131k, 3D HD ses kalitesi ile kristal netli\u011finde bir ses deneyimi sunar. Geli\u015fmi\u015f ses yal\u0131t\u0131m\u0131 sayesinde, m\u00fczik dinlerken veya \u00e7a\u011fr\u0131 yaparken d\u0131\u015f d\u00fcnyadan gelen konsantrasyon bozucu sesleri engelleyerek kesintisiz bir deneyim ya\u015faman\u0131za yard\u0131mc\u0131 olur. Bluetooth 5.1 ba\u011flant\u0131 teknolojisi, cihaz\u0131n\u0131zla g\u00fc\u00e7l\u00fc ve kararl\u0131 bir ileti\u015fim kurarak kesintisiz ba\u011flant\u0131 sa\u011flar.<\/p>\n","protected":false},"excerpt":{"rendered":"<p>TWS Pro 5 Bluetooth Kulakl\u0131k, 3D HD ses kalitesi ile kristal netli\u011finde bir ses deneyimi sunar. Geli\u015fmi\u015f ses yal\u0131t\u0131m\u0131 sayesinde, m\u00fczik dinlerken veya \u00e7a\u011fr\u0131 yaparken d\u0131\u015f d\u00fcnyadan gelen konsantrasyon bozucu sesleri engelleyerek kesintisiz bir deneyim ya\u015faman\u0131za yard\u0131mc\u0131 olur. Bluetooth 5.1 ba\u011flant\u0131 teknolojisi, cihaz\u0131n\u0131zla g\u00fc\u00e7l\u00fc ve kararl\u0131 bir ileti\u015fim kurarak kesintisiz ba\u011flant\u0131 sa\u011flar.<\/p>\n","protected":false},"featured_media":112211,"comment_status":"open","ping_status":"closed","template":"","meta":{"_kad_post_transparent":"","_kad_post_title":"","_kad_post_layout":"","_kad_post_sidebar_id":"","_kad_post_content_style":"","_kad_post_vertical_padding":"","_kad_post_feature":"","_kad_post_feature_position":"","_kad_post_header":false,"_kad_post_footer":false,"_kad_post_classname":""},"product_brand":[],"product_cat":[14957],"product_tag":[],"class_list":{"0":"post-112212","1":"product","2":"type-product","3":"status-publish","4":"has-post-thumbnail","6":"product_cat-kablosuz-kulaklik-kablosuz-kulaklik","8":"first","9":"instock","10":"purchasable","11":"product-type-simple","12":"entry","13":"content-bg","14":"loop-entry"},"_links":{"self":[{"href":"https:\/\/www.hediyepazar.com\/index.php?rest_route=\/wp\/v2\/product\/112212","targetHints":{"allow":["GET"]}}],"collection":[{"href":"https:\/\/www.hediyepazar.com\/index.php?rest_route=\/wp\/v2\/product"}],"about":[{"href":"https:\/\/www.hediyepazar.com\/index.php?rest_route=\/wp\/v2\/types\/product"}],"replies":[{"embeddable":true,"href":"https:\/\/www.hediyepazar.com\/index.php?rest_route=%2Fwp%2Fv2%2Fcomments&post=112212"}],"wp:featuredmedia":[{"embeddable":true,"href":"https:\/\/www.hediyepazar.com\/index.php?rest_route=\/wp\/v2\/media\/112211"}],"wp:attachment":[{"href":"https:\/\/www.hediyepazar.com\/index.php?rest_route=%2Fwp%2Fv2%2Fmedia&parent=112212"}],"wp:term":[{"taxonomy":"product_brand","embeddable":true,"href":"https:\/\/www.hediyepazar.com\/index.php?rest_route=%2Fwp%2Fv2%2Fproduct_brand&post=112212"},{"taxonomy":"product_cat","embeddable":true,"href":"https:\/\/www.hediyepazar.com\/index.php?rest_route=%2Fwp%2Fv2%2Fproduct_cat&post=112212"},{"taxonomy":"product_tag","embeddable":true,"href":"https:\/\/www.hediyepazar.com\/index.php?rest_route=%2Fwp%2Fv2%2Fproduct_tag&post=112212"}],"curies":[{"name":"wp","href":"https:\/\/api.w.org\/{rel}","templated":true}]}}