{"id":112248,"date":"2026-05-05T09:44:07","date_gmt":"2026-05-05T12:44:07","guid":{"rendered":"https:\/\/www.hediyepazar.com\/?product=en-cok-tercih-edilen-kulaklik-anc-ozelligi-dokunmatik-kontrol-mikrofonlu"},"modified":"2026-05-05T09:44:07","modified_gmt":"2026-05-05T12:44:07","slug":"en-cok-tercih-edilen-kulaklik-anc-ozelligi-dokunmatik-kontrol-mikrofonlu","status":"publish","type":"product","link":"https:\/\/www.hediyepazar.com\/?product=en-cok-tercih-edilen-kulaklik-anc-ozelligi-dokunmatik-kontrol-mikrofonlu","title":{"rendered":"En \u00c7ok Tercih Edilen Kulakl\u0131k ANC \u00d6zelli\u011fi Dokunmatik Kontrol Mikrofonlu"},"content":{"rendered":"<p>Bu kablosuz kulakl\u0131k, Aktif G\u00fcr\u00fclt\u00fc \u00d6nleme (ANC) teknolojisi sayesinde d\u0131\u015f ortam seslerini minimuma indirerek tamamen m\u00fczi\u011finize veya g\u00f6r\u00fc\u015fmelerinize odaklanman\u0131z\u0131 sa\u011flar. Bu \u00f6zellik, \u00f6zellikle u\u00e7ak, otob\u00fcs veya ofis gibi g\u00fcr\u00fclt\u00fcl\u00fc ortamlarda daha net ve berrak bir ses deneyimi sunar. Kulakl\u0131\u011f\u0131n dahili mikrofonu, \u00e7evresel sesleri azaltan \u00f6zel bir algoritmaya sahiptir, b\u00f6ylece telefon g\u00f6r\u00fc\u015fmelerinizde kar\u015f\u0131 taraf sizi net bir \u015fekilde duyabilir. Ayr\u0131ca, kulakl\u0131\u011f\u0131n ergonomik tasar\u0131m\u0131 uzun s\u00fcreli kullan\u0131mlarda bile konfor sunarken, hafif yap\u0131s\u0131 sayesinde kulakta a\u011f\u0131rl\u0131k yapmaz ve g\u00fcn boyu rahat bir kullan\u0131m sa\u011flar.&nbsp;<\/p>\n","protected":false},"excerpt":{"rendered":"<p>Bu kablosuz kulakl\u0131k, Aktif G\u00fcr\u00fclt\u00fc \u00d6nleme (ANC) teknolojisi sayesinde d\u0131\u015f ortam seslerini minimuma indirerek tamamen m\u00fczi\u011finize veya g\u00f6r\u00fc\u015fmelerinize odaklanman\u0131z\u0131 sa\u011flar. Bu \u00f6zellik, \u00f6zellikle u\u00e7ak, otob\u00fcs veya ofis gibi g\u00fcr\u00fclt\u00fcl\u00fc ortamlarda daha net ve berrak bir ses deneyimi sunar. Kulakl\u0131\u011f\u0131n dahili mikrofonu, \u00e7evresel sesleri azaltan \u00f6zel bir algoritmaya sahiptir, b\u00f6ylece telefon g\u00f6r\u00fc\u015fmelerinizde kar\u015f\u0131 taraf sizi net&#8230;<\/p>\n","protected":false},"featured_media":112247,"comment_status":"open","ping_status":"closed","template":"","meta":{"_kad_post_transparent":"","_kad_post_title":"","_kad_post_layout":"","_kad_post_sidebar_id":"","_kad_post_content_style":"","_kad_post_vertical_padding":"","_kad_post_feature":"","_kad_post_feature_position":"","_kad_post_header":false,"_kad_post_footer":false,"_kad_post_classname":""},"product_brand":[],"product_cat":[14957],"product_tag":[],"class_list":{"0":"post-112248","1":"product","2":"type-product","3":"status-publish","4":"has-post-thumbnail","6":"product_cat-kablosuz-kulaklik-kablosuz-kulaklik","8":"first","9":"instock","10":"purchasable","11":"product-type-simple","12":"entry","13":"content-bg","14":"loop-entry"},"_links":{"self":[{"href":"https:\/\/www.hediyepazar.com\/index.php?rest_route=\/wp\/v2\/product\/112248","targetHints":{"allow":["GET"]}}],"collection":[{"href":"https:\/\/www.hediyepazar.com\/index.php?rest_route=\/wp\/v2\/product"}],"about":[{"href":"https:\/\/www.hediyepazar.com\/index.php?rest_route=\/wp\/v2\/types\/product"}],"replies":[{"embeddable":true,"href":"https:\/\/www.hediyepazar.com\/index.php?rest_route=%2Fwp%2Fv2%2Fcomments&post=112248"}],"wp:featuredmedia":[{"embeddable":true,"href":"https:\/\/www.hediyepazar.com\/index.php?rest_route=\/wp\/v2\/media\/112247"}],"wp:attachment":[{"href":"https:\/\/www.hediyepazar.com\/index.php?rest_route=%2Fwp%2Fv2%2Fmedia&parent=112248"}],"wp:term":[{"taxonomy":"product_brand","embeddable":true,"href":"https:\/\/www.hediyepazar.com\/index.php?rest_route=%2Fwp%2Fv2%2Fproduct_brand&post=112248"},{"taxonomy":"product_cat","embeddable":true,"href":"https:\/\/www.hediyepazar.com\/index.php?rest_route=%2Fwp%2Fv2%2Fproduct_cat&post=112248"},{"taxonomy":"product_tag","embeddable":true,"href":"https:\/\/www.hediyepazar.com\/index.php?rest_route=%2Fwp%2Fv2%2Fproduct_tag&post=112248"}],"curies":[{"name":"wp","href":"https:\/\/api.w.org\/{rel}","templated":true}]}}