{"id":112272,"date":"2026-05-05T09:49:21","date_gmt":"2026-05-05T12:49:21","guid":{"rendered":"https:\/\/www.hediyepazar.com\/?product=ayakli-projeksiyon-tasinabilir-mini-projektor-sinema-projektoru-android"},"modified":"2026-05-05T09:49:21","modified_gmt":"2026-05-05T12:49:21","slug":"ayakli-projeksiyon-tasinabilir-mini-projektor-sinema-projektoru-android","status":"publish","type":"product","link":"https:\/\/www.hediyepazar.com\/?product=ayakli-projeksiyon-tasinabilir-mini-projektor-sinema-projektoru-android","title":{"rendered":"Ayakl\u0131 Projeksiyon Ta\u015f\u0131nabilir Mini Projekt\u00f6r Sinema Projekt\u00f6r\u00fc Android"},"content":{"rendered":"<p>Ta\u015f\u0131nabilir Ak\u0131ll\u0131 Projekt\u00f6r ile \u00dcst\u00fcn G\u00f6r\u00fcnt\u00fc DeneyimiKompakt tasar\u0131m\u0131 ve Dahili Android 11.0 \u0130\u015fletim Sistemi ile Netflix gibi platformlara do\u011frudan eri\u015fim sa\u011flar. 120 ANSI l\u00fcmen parlakl\u0131k ve 720P do\u011fal \u00e7\u00f6z\u00fcn\u00fcrl\u00fck ile net ve canl\u0131 g\u00f6r\u00fcnt\u00fcler sunarken, 40-130 in\u00e7 aras\u0131nda ayarlanabilir ekran boyutu sayesinde geni\u015f ekran keyfi ya\u015fat\u0131r. Otomatik keystone d\u00fczeltme, farkl\u0131 a\u00e7\u0131lardan kullan\u0131m imkan\u0131 sa\u011flarken, 50.000 saatlik ampul \u00f6mr\u00fc uzun s\u00fcreli kullan\u0131m sunar. HDMI, USB, ses \u00e7\u0131k\u0131\u015f\u0131 ve Wi-Fi ba\u011flant\u0131lar\u0131 sayesinde \u00e7e\u015fitli cihazlarla uyumlu \u00e7al\u0131\u015f\u0131r. Dahili 3W hoparl\u00f6r\u00fc ile ek ses sistemine ihtiya\u00e7 duymadan film ve oyunlar\u0131n keyfini \u00e7\u0131karabilirsiniz. Ev sinemas\u0131, oyun, sunum ve e\u011fitim gibi geni\u015f kullan\u0131m alanlar\u0131na sahiptir.<\/p>\n","protected":false},"excerpt":{"rendered":"<p>Ta\u015f\u0131nabilir Ak\u0131ll\u0131 Projekt\u00f6r ile \u00dcst\u00fcn G\u00f6r\u00fcnt\u00fc DeneyimiKompakt tasar\u0131m\u0131 ve Dahili Android 11.0 \u0130\u015fletim Sistemi ile Netflix gibi platformlara do\u011frudan eri\u015fim sa\u011flar. 120 ANSI l\u00fcmen parlakl\u0131k ve 720P do\u011fal \u00e7\u00f6z\u00fcn\u00fcrl\u00fck ile net ve canl\u0131 g\u00f6r\u00fcnt\u00fcler sunarken, 40-130 in\u00e7 aras\u0131nda ayarlanabilir ekran boyutu sayesinde geni\u015f ekran keyfi ya\u015fat\u0131r. Otomatik keystone d\u00fczeltme, farkl\u0131 a\u00e7\u0131lardan kullan\u0131m imkan\u0131 sa\u011flarken, 50.000&#8230;<\/p>\n","protected":false},"featured_media":112271,"comment_status":"open","ping_status":"closed","template":"","meta":{"_kad_post_transparent":"","_kad_post_title":"","_kad_post_layout":"","_kad_post_sidebar_id":"","_kad_post_content_style":"","_kad_post_vertical_padding":"","_kad_post_feature":"","_kad_post_feature_position":"","_kad_post_header":false,"_kad_post_footer":false,"_kad_post_classname":""},"product_brand":[],"product_cat":[14905],"product_tag":[],"class_list":{"0":"post-112272","1":"product","2":"type-product","3":"status-publish","4":"has-post-thumbnail","6":"product_cat-projeksiyon-projeksiyon","8":"first","9":"instock","10":"purchasable","11":"product-type-simple","12":"entry","13":"content-bg","14":"loop-entry"},"_links":{"self":[{"href":"https:\/\/www.hediyepazar.com\/index.php?rest_route=\/wp\/v2\/product\/112272","targetHints":{"allow":["GET"]}}],"collection":[{"href":"https:\/\/www.hediyepazar.com\/index.php?rest_route=\/wp\/v2\/product"}],"about":[{"href":"https:\/\/www.hediyepazar.com\/index.php?rest_route=\/wp\/v2\/types\/product"}],"replies":[{"embeddable":true,"href":"https:\/\/www.hediyepazar.com\/index.php?rest_route=%2Fwp%2Fv2%2Fcomments&post=112272"}],"wp:featuredmedia":[{"embeddable":true,"href":"https:\/\/www.hediyepazar.com\/index.php?rest_route=\/wp\/v2\/media\/112271"}],"wp:attachment":[{"href":"https:\/\/www.hediyepazar.com\/index.php?rest_route=%2Fwp%2Fv2%2Fmedia&parent=112272"}],"wp:term":[{"taxonomy":"product_brand","embeddable":true,"href":"https:\/\/www.hediyepazar.com\/index.php?rest_route=%2Fwp%2Fv2%2Fproduct_brand&post=112272"},{"taxonomy":"product_cat","embeddable":true,"href":"https:\/\/www.hediyepazar.com\/index.php?rest_route=%2Fwp%2Fv2%2Fproduct_cat&post=112272"},{"taxonomy":"product_tag","embeddable":true,"href":"https:\/\/www.hediyepazar.com\/index.php?rest_route=%2Fwp%2Fv2%2Fproduct_tag&post=112272"}],"curies":[{"name":"wp","href":"https:\/\/api.w.org\/{rel}","templated":true}]}}