{"id":112343,"date":"2026-05-05T10:03:13","date_gmt":"2026-05-05T13:03:13","guid":{"rendered":"https:\/\/www.hediyepazar.com\/?product=touchpad-uyumlu-bluetooth-klavye-slim-kablosuz-wifi-q-klavye-2"},"modified":"2026-05-05T10:03:13","modified_gmt":"2026-05-05T13:03:13","slug":"touchpad-uyumlu-bluetooth-klavye-slim-kablosuz-wifi-q-klavye-2","status":"publish","type":"product","link":"https:\/\/www.hediyepazar.com\/?product=touchpad-uyumlu-bluetooth-klavye-slim-kablosuz-wifi-q-klavye-2","title":{"rendered":"Touchpad Uyumlu Bluetooth Klavye Slim Kablosuz Wifi Q Klavye"},"content":{"rendered":"<p>Teknolojinin h\u0131zla geli\u015fmesiyle birlikte, mobil cihazlar g\u00fcnl\u00fck hayat\u0131m\u0131z\u0131n ayr\u0131lmaz bir par\u00e7as\u0131 haline geldi. Art\u0131k tablet, telefon, laptop ve ak\u0131ll\u0131 TV gibi cihazlarla daha verimli \u00e7al\u0131\u015fmak ve yaz\u0131 yazmak i\u00e7in kablosuz aksesuarlar b\u00fcy\u00fck bir avantaj sa\u011fl\u0131yor. Kablosuz Bluetooth Klavye, Android, Windows ve iOS i\u015fletim sistemleriyle uyumlu olup, tabletler, cep telefonlar\u0131, diz\u00fcst\u00fc bilgisayarlar, ak\u0131ll\u0131 televizyonlar ve di\u011fer Bluetooth destekli cihazlarla sorunsuz bir \u015fekilde \u00e7al\u0131\u015f\u0131r.Bu \u015f\u0131k ve kompakt klavye hafif ve ince tasar\u0131m\u0131 (Slim Model) sayesinde kolayca ta\u015f\u0131nabilir, seyahatlerde \u00e7antan\u0131za koyarak yan\u0131n\u0131zda g\u00f6t\u00fcrebilirsiniz. Kablosuz ba\u011flant\u0131 \u00f6zelli\u011fi sayesinde kablo karma\u015fas\u0131na son vererek \u00f6zg\u00fcrce kullan\u0131m imkan\u0131 sunar.<\/p>\n","protected":false},"excerpt":{"rendered":"<p>Teknolojinin h\u0131zla geli\u015fmesiyle birlikte, mobil cihazlar g\u00fcnl\u00fck hayat\u0131m\u0131z\u0131n ayr\u0131lmaz bir par\u00e7as\u0131 haline geldi. Art\u0131k tablet, telefon, laptop ve ak\u0131ll\u0131 TV gibi cihazlarla daha verimli \u00e7al\u0131\u015fmak ve yaz\u0131 yazmak i\u00e7in kablosuz aksesuarlar b\u00fcy\u00fck bir avantaj sa\u011fl\u0131yor. Kablosuz Bluetooth Klavye, Android, Windows ve iOS i\u015fletim sistemleriyle uyumlu olup, tabletler, cep telefonlar\u0131, diz\u00fcst\u00fc bilgisayarlar, ak\u0131ll\u0131 televizyonlar ve di\u011fer&#8230;<\/p>\n","protected":false},"featured_media":112342,"comment_status":"open","ping_status":"closed","template":"","meta":{"_kad_post_transparent":"","_kad_post_title":"","_kad_post_layout":"","_kad_post_sidebar_id":"","_kad_post_content_style":"","_kad_post_vertical_padding":"","_kad_post_feature":"","_kad_post_feature_position":"","_kad_post_header":false,"_kad_post_footer":false,"_kad_post_classname":""},"product_brand":[],"product_cat":[14913],"product_tag":[],"class_list":{"0":"post-112343","1":"product","2":"type-product","3":"status-publish","4":"has-post-thumbnail","6":"product_cat-klavye-klavye-2","8":"first","9":"instock","10":"purchasable","11":"product-type-simple","12":"entry","13":"content-bg","14":"loop-entry"},"_links":{"self":[{"href":"https:\/\/www.hediyepazar.com\/index.php?rest_route=\/wp\/v2\/product\/112343","targetHints":{"allow":["GET"]}}],"collection":[{"href":"https:\/\/www.hediyepazar.com\/index.php?rest_route=\/wp\/v2\/product"}],"about":[{"href":"https:\/\/www.hediyepazar.com\/index.php?rest_route=\/wp\/v2\/types\/product"}],"replies":[{"embeddable":true,"href":"https:\/\/www.hediyepazar.com\/index.php?rest_route=%2Fwp%2Fv2%2Fcomments&post=112343"}],"wp:featuredmedia":[{"embeddable":true,"href":"https:\/\/www.hediyepazar.com\/index.php?rest_route=\/wp\/v2\/media\/112342"}],"wp:attachment":[{"href":"https:\/\/www.hediyepazar.com\/index.php?rest_route=%2Fwp%2Fv2%2Fmedia&parent=112343"}],"wp:term":[{"taxonomy":"product_brand","embeddable":true,"href":"https:\/\/www.hediyepazar.com\/index.php?rest_route=%2Fwp%2Fv2%2Fproduct_brand&post=112343"},{"taxonomy":"product_cat","embeddable":true,"href":"https:\/\/www.hediyepazar.com\/index.php?rest_route=%2Fwp%2Fv2%2Fproduct_cat&post=112343"},{"taxonomy":"product_tag","embeddable":true,"href":"https:\/\/www.hediyepazar.com\/index.php?rest_route=%2Fwp%2Fv2%2Fproduct_tag&post=112343"}],"curies":[{"name":"wp","href":"https:\/\/api.w.org\/{rel}","templated":true}]}}