{"id":112351,"date":"2026-05-05T10:04:12","date_gmt":"2026-05-05T13:04:12","guid":{"rendered":"https:\/\/www.hediyepazar.com\/?product=masaj-etkili-dus-basligi-2"},"modified":"2026-05-05T10:04:12","modified_gmt":"2026-05-05T13:04:12","slug":"masaj-etkili-dus-basligi-2","status":"publish","type":"product","link":"https:\/\/www.hediyepazar.com\/?product=masaj-etkili-dus-basligi-2","title":{"rendered":"MASAJ ETK\u0130L\u0130 DU\u015e BA\u015eLI\u011eI"},"content":{"rendered":"<p>Yeni nesil masaj u\u00e7lu du\u015f ba\u015fl\u0131\u011f\u0131, yaln\u0131zca bir du\u015f deneyimi sunmakla kalmaz, ayn\u0131 zamanda cildinizi nazik\u00e7e temizler ve masaj etkisiyle rahatlat\u0131r. \u00d6zel masaj ba\u015fl\u0131klar\u0131, suyun cildinize daha yumu\u015fak ve derinlemesine n\u00fcfuz etmesini sa\u011flayarak hem kaslar\u0131 gev\u015fetir hem de g\u00fcn\u00fcn yorgunlu\u011funu atman\u0131za yard\u0131mc\u0131 olur. Hafif ovalama hareketleriyle cildinizde gezdirerek benzersiz bir du\u015f keyfi ya\u015fayabilirsiniz.<\/p>\n","protected":false},"excerpt":{"rendered":"<p>Yeni nesil masaj u\u00e7lu du\u015f ba\u015fl\u0131\u011f\u0131, yaln\u0131zca bir du\u015f deneyimi sunmakla kalmaz, ayn\u0131 zamanda cildinizi nazik\u00e7e temizler ve masaj etkisiyle rahatlat\u0131r. \u00d6zel masaj ba\u015fl\u0131klar\u0131, suyun cildinize daha yumu\u015fak ve derinlemesine n\u00fcfuz etmesini sa\u011flayarak hem kaslar\u0131 gev\u015fetir hem de g\u00fcn\u00fcn yorgunlu\u011funu atman\u0131za yard\u0131mc\u0131 olur. Hafif ovalama hareketleriyle cildinizde gezdirerek benzersiz bir du\u015f keyfi ya\u015fayabilirsiniz.<\/p>\n","protected":false},"featured_media":112350,"comment_status":"open","ping_status":"closed","template":"","meta":{"_kad_post_transparent":"","_kad_post_title":"","_kad_post_layout":"","_kad_post_sidebar_id":"","_kad_post_content_style":"","_kad_post_vertical_padding":"","_kad_post_feature":"","_kad_post_feature_position":"","_kad_post_header":false,"_kad_post_footer":false,"_kad_post_classname":""},"product_brand":[],"product_cat":[14915],"product_tag":[],"class_list":{"0":"post-112351","1":"product","2":"type-product","3":"status-publish","4":"has-post-thumbnail","6":"product_cat-dus-basligi-dus-basligi","8":"first","9":"instock","10":"purchasable","11":"product-type-simple","12":"entry","13":"content-bg","14":"loop-entry"},"_links":{"self":[{"href":"https:\/\/www.hediyepazar.com\/index.php?rest_route=\/wp\/v2\/product\/112351","targetHints":{"allow":["GET"]}}],"collection":[{"href":"https:\/\/www.hediyepazar.com\/index.php?rest_route=\/wp\/v2\/product"}],"about":[{"href":"https:\/\/www.hediyepazar.com\/index.php?rest_route=\/wp\/v2\/types\/product"}],"replies":[{"embeddable":true,"href":"https:\/\/www.hediyepazar.com\/index.php?rest_route=%2Fwp%2Fv2%2Fcomments&post=112351"}],"wp:featuredmedia":[{"embeddable":true,"href":"https:\/\/www.hediyepazar.com\/index.php?rest_route=\/wp\/v2\/media\/112350"}],"wp:attachment":[{"href":"https:\/\/www.hediyepazar.com\/index.php?rest_route=%2Fwp%2Fv2%2Fmedia&parent=112351"}],"wp:term":[{"taxonomy":"product_brand","embeddable":true,"href":"https:\/\/www.hediyepazar.com\/index.php?rest_route=%2Fwp%2Fv2%2Fproduct_brand&post=112351"},{"taxonomy":"product_cat","embeddable":true,"href":"https:\/\/www.hediyepazar.com\/index.php?rest_route=%2Fwp%2Fv2%2Fproduct_cat&post=112351"},{"taxonomy":"product_tag","embeddable":true,"href":"https:\/\/www.hediyepazar.com\/index.php?rest_route=%2Fwp%2Fv2%2Fproduct_tag&post=112351"}],"curies":[{"name":"wp","href":"https:\/\/api.w.org\/{rel}","templated":true}]}}