{"id":112387,"date":"2026-05-05T10:09:59","date_gmt":"2026-05-05T13:09:59","guid":{"rendered":"https:\/\/www.hediyepazar.com\/?product=wifi-kamera-3"},"modified":"2026-05-05T10:09:59","modified_gmt":"2026-05-05T13:09:59","slug":"wifi-kamera-3","status":"publish","type":"product","link":"https:\/\/www.hediyepazar.com\/?product=wifi-kamera-3","title":{"rendered":"W\u0130F\u0130 KAMERA"},"content":{"rendered":"<p>Bu ak\u0131ll\u0131 duy kamera, sundu\u011fu 360 derece d\u00f6nebilme yetene\u011fi sayesinde geni\u015f izleme a\u00e7\u0131s\u0131 sunarak k\u00f6r noktalar\u0131 en aza indirir. PTZ (Pan-Tilt-Zoom) teknolojisi, yaln\u0131zca sabit bir g\u00f6r\u00fcnt\u00fcleme a\u00e7\u0131s\u0131yla s\u0131n\u0131rl\u0131 kalmadan kameray\u0131 uzaktan d\u00f6nd\u00fcrerek her y\u00f6ne \u00e7evirmenizi sa\u011flar. B\u00f6ylece, evinizin veya i\u015f yerinizin her k\u00f6\u015fesini detayl\u0131 bir \u015fekilde izleyebilir ve g\u00fcvenlik seviyesini en \u00fcst d\u00fczeye \u00e7\u0131karabilirsiniz.<\/p>\n","protected":false},"excerpt":{"rendered":"<p>Bu ak\u0131ll\u0131 duy kamera, sundu\u011fu 360 derece d\u00f6nebilme yetene\u011fi sayesinde geni\u015f izleme a\u00e7\u0131s\u0131 sunarak k\u00f6r noktalar\u0131 en aza indirir. PTZ (Pan-Tilt-Zoom) teknolojisi, yaln\u0131zca sabit bir g\u00f6r\u00fcnt\u00fcleme a\u00e7\u0131s\u0131yla s\u0131n\u0131rl\u0131 kalmadan kameray\u0131 uzaktan d\u00f6nd\u00fcrerek her y\u00f6ne \u00e7evirmenizi sa\u011flar. B\u00f6ylece, evinizin veya i\u015f yerinizin her k\u00f6\u015fesini detayl\u0131 bir \u015fekilde izleyebilir ve g\u00fcvenlik seviyesini en \u00fcst d\u00fczeye \u00e7\u0131karabilirsiniz.<\/p>\n","protected":false},"featured_media":112386,"comment_status":"open","ping_status":"closed","template":"","meta":{"_kad_post_transparent":"","_kad_post_title":"","_kad_post_layout":"","_kad_post_sidebar_id":"","_kad_post_content_style":"","_kad_post_vertical_padding":"","_kad_post_feature":"","_kad_post_feature_position":"","_kad_post_header":false,"_kad_post_footer":false,"_kad_post_classname":""},"product_brand":[],"product_cat":[14927],"product_tag":[],"class_list":{"0":"post-112387","1":"product","2":"type-product","3":"status-publish","4":"has-post-thumbnail","6":"product_cat-akilli-kamera-akilli-kamera","8":"first","9":"instock","10":"purchasable","11":"product-type-simple","12":"entry","13":"content-bg","14":"loop-entry"},"_links":{"self":[{"href":"https:\/\/www.hediyepazar.com\/index.php?rest_route=\/wp\/v2\/product\/112387","targetHints":{"allow":["GET"]}}],"collection":[{"href":"https:\/\/www.hediyepazar.com\/index.php?rest_route=\/wp\/v2\/product"}],"about":[{"href":"https:\/\/www.hediyepazar.com\/index.php?rest_route=\/wp\/v2\/types\/product"}],"replies":[{"embeddable":true,"href":"https:\/\/www.hediyepazar.com\/index.php?rest_route=%2Fwp%2Fv2%2Fcomments&post=112387"}],"wp:featuredmedia":[{"embeddable":true,"href":"https:\/\/www.hediyepazar.com\/index.php?rest_route=\/wp\/v2\/media\/112386"}],"wp:attachment":[{"href":"https:\/\/www.hediyepazar.com\/index.php?rest_route=%2Fwp%2Fv2%2Fmedia&parent=112387"}],"wp:term":[{"taxonomy":"product_brand","embeddable":true,"href":"https:\/\/www.hediyepazar.com\/index.php?rest_route=%2Fwp%2Fv2%2Fproduct_brand&post=112387"},{"taxonomy":"product_cat","embeddable":true,"href":"https:\/\/www.hediyepazar.com\/index.php?rest_route=%2Fwp%2Fv2%2Fproduct_cat&post=112387"},{"taxonomy":"product_tag","embeddable":true,"href":"https:\/\/www.hediyepazar.com\/index.php?rest_route=%2Fwp%2Fv2%2Fproduct_tag&post=112387"}],"curies":[{"name":"wp","href":"https:\/\/api.w.org\/{rel}","templated":true}]}}