{"id":112389,"date":"2026-05-05T10:10:08","date_gmt":"2026-05-05T13:10:08","guid":{"rendered":"https:\/\/www.hediyepazar.com\/?product=eskitme-nostalji-tasarimli-bluetoothlu-nostalji-radyo-ahsap-nostaljik-gorunumlu-2"},"modified":"2026-05-05T10:10:08","modified_gmt":"2026-05-05T13:10:08","slug":"eskitme-nostalji-tasarimli-bluetoothlu-nostalji-radyo-ahsap-nostaljik-gorunumlu-2","status":"publish","type":"product","link":"https:\/\/www.hediyepazar.com\/?product=eskitme-nostalji-tasarimli-bluetoothlu-nostalji-radyo-ahsap-nostaljik-gorunumlu-2","title":{"rendered":"Eskitme Nostalji Tasar\u0131ml\u0131 Bluetoothlu Nostalji Radyo Ah\u015fap Nostaljik G\u00f6r\u00fcn\u00fcml\u00fc"},"content":{"rendered":"<p>Dayan\u0131kl\u0131 ve g\u00fc\u00e7l\u00fc bataryas\u0131, uzun s\u00fcreli kullan\u0131m sunarak m\u00fczik keyfinizi kesintisiz hale getirir. \u015earj edilebilir bataryas\u0131 sayesinde elektri\u011fe ba\u011fl\u0131 kalmadan diledi\u011finiz yere g\u00f6t\u00fcrebilir ve m\u00fczi\u011fin tad\u0131n\u0131 \u00e7\u0131karabilirsiniz. Kamp, piknik, ofis, balkon keyfi veya do\u011fa gezilerinde en sevdi\u011finiz \u015fark\u0131lar\u0131 kesintisiz bir \u015fekilde dinleyebilirsiniz. Hafif ve ta\u015f\u0131nabilir yap\u0131s\u0131yla, sadece 1 kg a\u011f\u0131rl\u0131\u011f\u0131nda olup 20x15x10 cm \u00f6l\u00e7\u00fcleri sayesinde rahat\u00e7a ta\u015f\u0131nabilir.<\/p>\n","protected":false},"excerpt":{"rendered":"<p>Dayan\u0131kl\u0131 ve g\u00fc\u00e7l\u00fc bataryas\u0131, uzun s\u00fcreli kullan\u0131m sunarak m\u00fczik keyfinizi kesintisiz hale getirir. \u015earj edilebilir bataryas\u0131 sayesinde elektri\u011fe ba\u011fl\u0131 kalmadan diledi\u011finiz yere g\u00f6t\u00fcrebilir ve m\u00fczi\u011fin tad\u0131n\u0131 \u00e7\u0131karabilirsiniz. Kamp, piknik, ofis, balkon keyfi veya do\u011fa gezilerinde en sevdi\u011finiz \u015fark\u0131lar\u0131 kesintisiz bir \u015fekilde dinleyebilirsiniz. Hafif ve ta\u015f\u0131nabilir yap\u0131s\u0131yla, sadece 1 kg a\u011f\u0131rl\u0131\u011f\u0131nda olup 20x15x10 cm \u00f6l\u00e7\u00fcleri sayesinde&#8230;<\/p>\n","protected":false},"featured_media":112388,"comment_status":"open","ping_status":"closed","template":"","meta":{"_kad_post_transparent":"","_kad_post_title":"","_kad_post_layout":"","_kad_post_sidebar_id":"","_kad_post_content_style":"","_kad_post_vertical_padding":"","_kad_post_feature":"","_kad_post_feature_position":"","_kad_post_header":false,"_kad_post_footer":false,"_kad_post_classname":""},"product_brand":[],"product_cat":[14929],"product_tag":[],"class_list":{"0":"post-112389","1":"product","2":"type-product","3":"status-publish","4":"has-post-thumbnail","6":"product_cat-muzik-sistemi-muzik-sistemi","8":"first","9":"instock","10":"purchasable","11":"product-type-simple","12":"entry","13":"content-bg","14":"loop-entry"},"_links":{"self":[{"href":"https:\/\/www.hediyepazar.com\/index.php?rest_route=\/wp\/v2\/product\/112389","targetHints":{"allow":["GET"]}}],"collection":[{"href":"https:\/\/www.hediyepazar.com\/index.php?rest_route=\/wp\/v2\/product"}],"about":[{"href":"https:\/\/www.hediyepazar.com\/index.php?rest_route=\/wp\/v2\/types\/product"}],"replies":[{"embeddable":true,"href":"https:\/\/www.hediyepazar.com\/index.php?rest_route=%2Fwp%2Fv2%2Fcomments&post=112389"}],"wp:featuredmedia":[{"embeddable":true,"href":"https:\/\/www.hediyepazar.com\/index.php?rest_route=\/wp\/v2\/media\/112388"}],"wp:attachment":[{"href":"https:\/\/www.hediyepazar.com\/index.php?rest_route=%2Fwp%2Fv2%2Fmedia&parent=112389"}],"wp:term":[{"taxonomy":"product_brand","embeddable":true,"href":"https:\/\/www.hediyepazar.com\/index.php?rest_route=%2Fwp%2Fv2%2Fproduct_brand&post=112389"},{"taxonomy":"product_cat","embeddable":true,"href":"https:\/\/www.hediyepazar.com\/index.php?rest_route=%2Fwp%2Fv2%2Fproduct_cat&post=112389"},{"taxonomy":"product_tag","embeddable":true,"href":"https:\/\/www.hediyepazar.com\/index.php?rest_route=%2Fwp%2Fv2%2Fproduct_tag&post=112389"}],"curies":[{"name":"wp","href":"https:\/\/api.w.org\/{rel}","templated":true}]}}