{"id":112391,"date":"2026-05-05T10:10:16","date_gmt":"2026-05-05T13:10:16","guid":{"rendered":"https:\/\/www.hediyepazar.com\/?product=muzik-kutusu-bluetooth-baglantili-el-fenerli-nostaljik-tasarim-radyo-2"},"modified":"2026-05-05T10:10:16","modified_gmt":"2026-05-05T13:10:16","slug":"muzik-kutusu-bluetooth-baglantili-el-fenerli-nostaljik-tasarim-radyo-2","status":"publish","type":"product","link":"https:\/\/www.hediyepazar.com\/?product=muzik-kutusu-bluetooth-baglantili-el-fenerli-nostaljik-tasarim-radyo-2","title":{"rendered":"M\u00fczik Kutusu Bluetooth Ba\u011flant\u0131l\u0131 El Fenerli Nostaljik Tasar\u0131m Radyo"},"content":{"rendered":"<p>\u00c7ok Y\u00f6nl\u00fc Kullan\u0131m: Bluetooth, USB, SD Kart, Radyo ve MP3 Bu m\u00fczik kutusu, Bluetooth ba\u011flant\u0131s\u0131, USB ve SD kart giri\u015fleri, MP3 \u00e7alma \u00f6zelli\u011fi ve y\u00fcksek frekansl\u0131 radyo al\u0131c\u0131s\u0131 ile \u00e7ok y\u00f6nl\u00fc bir dinleme deneyimi sunar. Telefonunuzdan veya di\u011fer Bluetooth destekli cihazlardan kablosuz ba\u011flant\u0131 ile m\u00fczik dinleyebilir, USB ve SD kart deste\u011fi sayesinde sevdi\u011finiz \u015fark\u0131lar\u0131 do\u011frudan oynatabilirsiniz. FM, AM ve SW band\u0131nda geni\u015f frekans aral\u0131\u011f\u0131 sayesinde c\u0131z\u0131rt\u0131s\u0131z ve net bir radyo deneyimi ya\u015faman\u0131z\u0131 sa\u011flar.<\/p>\n","protected":false},"excerpt":{"rendered":"<p>\u00c7ok Y\u00f6nl\u00fc Kullan\u0131m: Bluetooth, USB, SD Kart, Radyo ve MP3 Bu m\u00fczik kutusu, Bluetooth ba\u011flant\u0131s\u0131, USB ve SD kart giri\u015fleri, MP3 \u00e7alma \u00f6zelli\u011fi ve y\u00fcksek frekansl\u0131 radyo al\u0131c\u0131s\u0131 ile \u00e7ok y\u00f6nl\u00fc bir dinleme deneyimi sunar. Telefonunuzdan veya di\u011fer Bluetooth destekli cihazlardan kablosuz ba\u011flant\u0131 ile m\u00fczik dinleyebilir, USB ve SD kart deste\u011fi sayesinde sevdi\u011finiz \u015fark\u0131lar\u0131 do\u011frudan&#8230;<\/p>\n","protected":false},"featured_media":112390,"comment_status":"open","ping_status":"closed","template":"","meta":{"_kad_post_transparent":"","_kad_post_title":"","_kad_post_layout":"","_kad_post_sidebar_id":"","_kad_post_content_style":"","_kad_post_vertical_padding":"","_kad_post_feature":"","_kad_post_feature_position":"","_kad_post_header":false,"_kad_post_footer":false,"_kad_post_classname":""},"product_brand":[],"product_cat":[14929],"product_tag":[],"class_list":{"0":"post-112391","1":"product","2":"type-product","3":"status-publish","4":"has-post-thumbnail","6":"product_cat-muzik-sistemi-muzik-sistemi","8":"first","9":"instock","10":"purchasable","11":"product-type-simple","12":"entry","13":"content-bg","14":"loop-entry"},"_links":{"self":[{"href":"https:\/\/www.hediyepazar.com\/index.php?rest_route=\/wp\/v2\/product\/112391","targetHints":{"allow":["GET"]}}],"collection":[{"href":"https:\/\/www.hediyepazar.com\/index.php?rest_route=\/wp\/v2\/product"}],"about":[{"href":"https:\/\/www.hediyepazar.com\/index.php?rest_route=\/wp\/v2\/types\/product"}],"replies":[{"embeddable":true,"href":"https:\/\/www.hediyepazar.com\/index.php?rest_route=%2Fwp%2Fv2%2Fcomments&post=112391"}],"wp:featuredmedia":[{"embeddable":true,"href":"https:\/\/www.hediyepazar.com\/index.php?rest_route=\/wp\/v2\/media\/112390"}],"wp:attachment":[{"href":"https:\/\/www.hediyepazar.com\/index.php?rest_route=%2Fwp%2Fv2%2Fmedia&parent=112391"}],"wp:term":[{"taxonomy":"product_brand","embeddable":true,"href":"https:\/\/www.hediyepazar.com\/index.php?rest_route=%2Fwp%2Fv2%2Fproduct_brand&post=112391"},{"taxonomy":"product_cat","embeddable":true,"href":"https:\/\/www.hediyepazar.com\/index.php?rest_route=%2Fwp%2Fv2%2Fproduct_cat&post=112391"},{"taxonomy":"product_tag","embeddable":true,"href":"https:\/\/www.hediyepazar.com\/index.php?rest_route=%2Fwp%2Fv2%2Fproduct_tag&post=112391"}],"curies":[{"name":"wp","href":"https:\/\/api.w.org\/{rel}","templated":true}]}}