{"id":112411,"date":"2026-05-05T10:12:19","date_gmt":"2026-05-05T13:12:19","guid":{"rendered":"https:\/\/www.hediyepazar.com\/?product=rw-59-akilli-saat-2"},"modified":"2026-05-05T10:12:19","modified_gmt":"2026-05-05T13:12:19","slug":"rw-59-akilli-saat-2","status":"publish","type":"product","link":"https:\/\/www.hediyepazar.com\/?product=rw-59-akilli-saat-2","title":{"rendered":"RW-59 AKILLI SAAT"},"content":{"rendered":"<p>Sa\u011fl\u0131k ve fitness takibi konusunda olduk\u00e7a kapsaml\u0131 \u00f6zelliklere sahip olan bu ak\u0131ll\u0131 saat, kalp at\u0131\u015f h\u0131z\u0131n\u0131z\u0131 7\/24 izler, b\u00f6ylece anl\u0131k sa\u011fl\u0131k verilerinize kolayca eri\u015febilirsiniz. Kandaki oksijen seviyesi (SpO2) \u00f6l\u00e7\u00fcm\u00fc, uyku takibi ve stres seviyesi analizi, sa\u011fl\u0131\u011f\u0131n\u0131z\u0131 daha yak\u0131ndan takip etmenize yard\u0131mc\u0131 olur. 100\u2019den fazla spor modu, farkl\u0131 aktiviteleri en do\u011fru \u015fekilde analiz ederek egzersiz performans\u0131n\u0131z\u0131 art\u0131rman\u0131za olanak tan\u0131r. Entegre GPS, konumunuzu do\u011fru \u015fekilde takip ederek ko\u015fu, y\u00fcr\u00fcy\u00fc\u015f veya bisiklet gibi a\u00e7\u0131k hava sporlar\u0131 i\u00e7in ekstra avantaj sa\u011flar.<\/p>\n","protected":false},"excerpt":{"rendered":"<p>Sa\u011fl\u0131k ve fitness takibi konusunda olduk\u00e7a kapsaml\u0131 \u00f6zelliklere sahip olan bu ak\u0131ll\u0131 saat, kalp at\u0131\u015f h\u0131z\u0131n\u0131z\u0131 7\/24 izler, b\u00f6ylece anl\u0131k sa\u011fl\u0131k verilerinize kolayca eri\u015febilirsiniz. Kandaki oksijen seviyesi (SpO2) \u00f6l\u00e7\u00fcm\u00fc, uyku takibi ve stres seviyesi analizi, sa\u011fl\u0131\u011f\u0131n\u0131z\u0131 daha yak\u0131ndan takip etmenize yard\u0131mc\u0131 olur. 100\u2019den fazla spor modu, farkl\u0131 aktiviteleri en do\u011fru \u015fekilde analiz ederek egzersiz performans\u0131n\u0131z\u0131&#8230;<\/p>\n","protected":false},"featured_media":112410,"comment_status":"open","ping_status":"closed","template":"","meta":{"_kad_post_transparent":"","_kad_post_title":"","_kad_post_layout":"","_kad_post_sidebar_id":"","_kad_post_content_style":"","_kad_post_vertical_padding":"","_kad_post_feature":"","_kad_post_feature_position":"","_kad_post_header":false,"_kad_post_footer":false,"_kad_post_classname":""},"product_brand":[],"product_cat":[14935],"product_tag":[],"class_list":{"0":"post-112411","1":"product","2":"type-product","3":"status-publish","4":"has-post-thumbnail","6":"product_cat-akilli-saatler-akilli-saatler","8":"first","9":"instock","10":"purchasable","11":"product-type-simple","12":"entry","13":"content-bg","14":"loop-entry"},"_links":{"self":[{"href":"https:\/\/www.hediyepazar.com\/index.php?rest_route=\/wp\/v2\/product\/112411","targetHints":{"allow":["GET"]}}],"collection":[{"href":"https:\/\/www.hediyepazar.com\/index.php?rest_route=\/wp\/v2\/product"}],"about":[{"href":"https:\/\/www.hediyepazar.com\/index.php?rest_route=\/wp\/v2\/types\/product"}],"replies":[{"embeddable":true,"href":"https:\/\/www.hediyepazar.com\/index.php?rest_route=%2Fwp%2Fv2%2Fcomments&post=112411"}],"wp:featuredmedia":[{"embeddable":true,"href":"https:\/\/www.hediyepazar.com\/index.php?rest_route=\/wp\/v2\/media\/112410"}],"wp:attachment":[{"href":"https:\/\/www.hediyepazar.com\/index.php?rest_route=%2Fwp%2Fv2%2Fmedia&parent=112411"}],"wp:term":[{"taxonomy":"product_brand","embeddable":true,"href":"https:\/\/www.hediyepazar.com\/index.php?rest_route=%2Fwp%2Fv2%2Fproduct_brand&post=112411"},{"taxonomy":"product_cat","embeddable":true,"href":"https:\/\/www.hediyepazar.com\/index.php?rest_route=%2Fwp%2Fv2%2Fproduct_cat&post=112411"},{"taxonomy":"product_tag","embeddable":true,"href":"https:\/\/www.hediyepazar.com\/index.php?rest_route=%2Fwp%2Fv2%2Fproduct_tag&post=112411"}],"curies":[{"name":"wp","href":"https:\/\/api.w.org\/{rel}","templated":true}]}}